{"id":8875,"date":"2023-08-25T16:29:25","date_gmt":"2023-08-25T14:29:25","guid":{"rendered":"https:\/\/tomyklou.gr\/product\/import-placeholder-for-20305\/"},"modified":"2026-02-22T18:30:26","modified_gmt":"2026-02-22T16:30:26","slug":"beauty-of-joseon-ginseng-moist-sun-serum-50ml","status":"publish","type":"product","link":"https:\/\/tomyklou.gr\/de\/product\/beauty-of-joseon-ginseng-moist-sun-serum\/","title":{"rendered":"Beauty of Joseon Ginseng Moist Sun Serum 50ml"},"content":{"rendered":"<h3><strong>Anwendung<\/strong><\/h3>\n<ol>\n<li>Tragen Sie mindestens 20 Minuten vor dem Sonnenbad zwei Fingerspitzen Sonnencreme auf Gesicht und Hals auf.<\/li>\n<\/ol>\n<h3><strong>Inhaltsstoffe<\/strong><\/h3>\n<p>Water\/Aqua\/Eau, Panax Ginseng Root Extract, Dibutyl Adipate, Diethylamino Hydroxybenzoyl Hexyl Benzoate, Bis-Ethylhexyloxyphenol, Methoxyphenyl Triazine, Alcohol\/Alcool, Acrylates Copolymer, Butyloctyl Salicylate, C12-15 Alkyl Benzoate, Ethylhexyl Triazone, Niacinamide, Phenethyl Benzoate, Panax Ginseng Berry Extract, Panax Ginseng Extract, Panax Ginseng Leaf\/Stem Extract, Silica, Methylpropanediol, Olea Europaea (Olive) Fruit Oil, Amyris Balsamifera Bark Oil, Angelica Archangelica Root Oil, Citrus Aurantium, Amara (Bitter Orange) Leaf\/Twig Oil, Ferula Galbaniflua (Galbanum) Resin Oil, Jasminum Officinale (Jasmine) Oil, Panax Ginseng Root, Extract, Isoamyl p-Methoxycinnamate, Polysilicone-15, Polymethylsilsesquioxane, 1,2-Hexanediol, Dibutyl Lauroyl Glutamide, Pentylene Glycol, Dibutyl Ethylhexanoyl Glutamide, Ammonium Acryloyldimethyltaurate\/VP Copolymer, Sodium Acrylates Crosspolymer-2, Sodium Polyacryloyldimethyl Taurate, C30-45 Alkyldimethylsilyl Polypropylsilsesquioxane, Hydroxyacetophenone, Adenosine, Glycerin, Butylene Glycol, Ethyl Hexanediol, Tocopherol, Ethylhexylglycerin, Xanthan Gum, Disodium EDTA<\/p>\n<h3>Warnhinweise<\/h3>\n<ol>\n<li>Nur zur \u00e4u\u00dferlichen Anwendung geeignet.<\/li>\n<li>Nicht auf verletzte Haut oder auf Wunden auftragen.<\/li>\n<li>Sollten Nebenwirkungen wie Irritationen oder Ausschlag eintreten, Anwendung sofort beenden und unverz\u00fcglich an einen Arzt wenden.<\/li>\n<li>Kontakt mit den Augen vermeiden. Sollte das Produkt ins Auge gelangen, das Auge sofort gr\u00fcndlich mit klarem Wasser aussp\u00fclen.<\/li>\n<li>Au\u00dfer Reichweite von Kindern aufbewahren.<\/li>\n<li>Nicht schlucken. Bei Verschlucken Arzt oder Giftzentrale aufsuchen.<\/li>\n<\/ol>\n","protected":false},"excerpt":{"rendered":"<div>Leichter, serumartiger chemischer Sonnenschutz mit Anti-Aging-Wirkung<\/div>\n<div>Sch\u00fctzen Sie Ihre Haut vor sch\u00e4dlichen UV-Strahlen und spenden Sie gleichzeitig intensive Feuchtigkeit. Koreanischer roter Ginseng in dieser Formel hat starke verj\u00fcngende Eigenschaften und ist vollgepackt mit Antioxidantien, die dabei helfen, freie Radikale zu bek\u00e4mpfen, die Hautelastizit\u00e4t zu f\u00f6rdern und gleichzeitig das Auftreten von feinen Linien und F\u00e4ltchen zu reduzieren. Die UV-blockierenden chemischen Filter und eingekapselten Wirkstoffe werden auf nat\u00fcrliche Weise mit dem tensidfreien Serum vermischt und gleichm\u00e4ssig von der Haut aufgenommen, ohne klebrige R\u00fcckst\u00e4nde zu hinterlassen.<\/div>\n<ul>\n<li>30 % Panax-Ginseng-Wurzelextrakt steigert die Zellerneuerung der Haut, wirkt entz\u00fcndungshemmend, sch\u00fctzt die nat\u00fcrliche Hautbarriere und gl\u00e4ttet gleichzeitig die Hautoberfl\u00e4che.<\/li>\n<li>2 % Niacinamid stimuliert die nat\u00fcrliche Ceramidproduktion, verblasst die Pigmentierung und sorgt f\u00fcr einen straffen, ebenm\u00e4ssigen Teint.<\/li>\n<li>Olea Europaea (Oliven) Frucht\u00f6l gleicht nat\u00fcrliche Gesichts\u00f6le aus und lindert R\u00f6tungen und Irritationen mit Vitaminen und Fetts\u00e4uren.<\/li>\n<\/ul>\n","protected":false},"featured_media":8880,"comment_status":"open","ping_status":"closed","template":"","meta":{"content-type":"","site-sidebar-layout":"default","site-content-layout":"","ast-site-content-layout":"default","site-content-style":"default","site-sidebar-style":"default","ast-global-header-display":"","ast-banner-title-visibility":"","ast-main-header-display":"","ast-hfb-above-header-display":"","ast-hfb-below-header-display":"","ast-hfb-mobile-header-display":"","site-post-title":"","ast-breadcrumbs-content":"","ast-featured-img":"","footer-sml-layout":"","ast-disable-related-posts":"","theme-transparent-header-meta":"default","adv-header-id-meta":"","stick-header-meta":"","header-above-stick-meta":"","header-main-stick-meta":"","header-below-stick-meta":"","astra-migrate-meta-layouts":"set","ast-page-background-enabled":"default","ast-page-background-meta":{"desktop":{"background-color":"","background-image":"","background-repeat":"repeat","background-position":"center center","background-size":"auto","background-attachment":"scroll","background-type":"","background-media":"","overlay-type":"","overlay-color":"","overlay-opacity":"","overlay-gradient":""},"tablet":{"background-color":"","background-image":"","background-repeat":"repeat","background-position":"center center","background-size":"auto","background-attachment":"scroll","background-type":"","background-media":"","overlay-type":"","overlay-color":"","overlay-opacity":"","overlay-gradient":""},"mobile":{"background-color":"","background-image":"","background-repeat":"repeat","background-position":"center center","background-size":"auto","background-attachment":"scroll","background-type":"","background-media":"","overlay-type":"","overlay-color":"","overlay-opacity":"","overlay-gradient":""}},"ast-content-background-meta":{"desktop":{"background-color":"var(--ast-global-color-5)","background-image":"","background-repeat":"repeat","background-position":"center center","background-size":"auto","background-attachment":"scroll","background-type":"","background-media":"","overlay-type":"","overlay-color":"","overlay-opacity":"","overlay-gradient":""},"tablet":{"background-color":"var(--ast-global-color-5)","background-image":"","background-repeat":"repeat","background-position":"center center","background-size":"auto","background-attachment":"scroll","background-type":"","background-media":"","overlay-type":"","overlay-color":"","overlay-opacity":"","overlay-gradient":""},"mobile":{"background-color":"var(--ast-global-color-5)","background-image":"","background-repeat":"repeat","background-position":"center center","background-size":"auto","background-attachment":"scroll","background-type":"","background-media":"","overlay-type":"","overlay-color":"","overlay-opacity":"","overlay-gradient":""}}},"product_brand":[],"product_cat":[313,317,319,105,71],"product_tag":[36],"class_list":{"0":"post-8875","1":"product","2":"type-product","3":"status-publish","4":"has-post-thumbnail","6":"product_cat-gesichtssonnencreme","7":"product_cat-essence-serum-oel","8":"product_cat-gesichtsserum","9":"product_cat-beauty-of-joseon","10":"product_cat-koerperpflege","11":"product_tag-sonnenschutz","12":"desktop-align-center","13":"tablet-align-center","14":"mobile-align-center","16":"first","17":"outofstock","18":"taxable","19":"shipping-taxable","20":"purchasable","21":"product-type-simple"},"_links":{"self":[{"href":"https:\/\/tomyklou.gr\/de\/wp-json\/wp\/v2\/product\/8875","targetHints":{"allow":["GET"]}}],"collection":[{"href":"https:\/\/tomyklou.gr\/de\/wp-json\/wp\/v2\/product"}],"about":[{"href":"https:\/\/tomyklou.gr\/de\/wp-json\/wp\/v2\/types\/product"}],"replies":[{"embeddable":true,"href":"https:\/\/tomyklou.gr\/de\/wp-json\/wp\/v2\/comments?post=8875"}],"wp:featuredmedia":[{"embeddable":true,"href":"https:\/\/tomyklou.gr\/de\/wp-json\/wp\/v2\/media\/8880"}],"wp:attachment":[{"href":"https:\/\/tomyklou.gr\/de\/wp-json\/wp\/v2\/media?parent=8875"}],"wp:term":[{"taxonomy":"product_brand","embeddable":true,"href":"https:\/\/tomyklou.gr\/de\/wp-json\/wp\/v2\/product_brand?post=8875"},{"taxonomy":"product_cat","embeddable":true,"href":"https:\/\/tomyklou.gr\/de\/wp-json\/wp\/v2\/product_cat?post=8875"},{"taxonomy":"product_tag","embeddable":true,"href":"https:\/\/tomyklou.gr\/de\/wp-json\/wp\/v2\/product_tag?post=8875"}],"curies":[{"name":"wp","href":"https:\/\/api.w.org\/{rel}","templated":true}]}}