{"id":8924,"date":"2023-09-06T12:12:34","date_gmt":"2023-09-06T10:12:34","guid":{"rendered":"https:\/\/tomyklou.gr\/product\/import-placeholder-for-20468\/"},"modified":"2026-02-22T18:30:25","modified_gmt":"2026-02-22T16:30:25","slug":"laneige-water-bank-blue-hyaluronic-cream-moisturizer-50ml","status":"publish","type":"product","link":"https:\/\/tomyklou.gr\/de\/product\/laneige-water-bank-blue-hyaluronic-cream-moisturizer\/","title":{"rendered":"Laneige Water Bank Blue Hyaluronic Cream Moisturizer 50ml"},"content":{"rendered":"<h3>Anwendung<\/h3>\n<ol>\n<li>Nach dem Auftragen von Cleanser, Toner und den Seren gleichm\u00e4\u00dfig auf das Gesicht auftragen.<\/li>\n<li>Morgens und \u00fcber Nacht anwenden.<\/li>\n<\/ol>\n<h3>Inhaltsstoffe<\/h3>\n<p>Water \/ Aqua \/ Eau, Butylene Glycol, Glycerin, Squalane, Sucrose Polystearate, Pentaerythrityl Tetraethylhexanoate, Methyl Trimethicone, Dibutyl Adipate, 1,2-Hexanediol, Glyceryl Stearate, Polyglyceryl-3 Methylglucose Distearate, Bis-Hydroxyethoxypropyl Dimethicone, Stearyl Dimethicone, Caprylic\/Capric\/Myristic\/Stearic Triglyceride, Stearic Acid, Palmitic Acid, Hydrogenated Polyisobutene, Hydroxyethyl Acrylate\/Sodium Acryloyldimethyl Taurate Copolymer, Cetyl Alcohol, Propanediol, Octadecene, Acrylates\/C10-30 Alkyl Acrylate Crosspolymer, Fragrance \/ Parfum, Xanthan Gum, Glyceryl Caprylate, Dextrin, Tromethamine, Ethylhexylglycerin, Disodium Edta, Sorbitan Isostearate, Allantoin, Hydrolyzed Hyaluronic Acid, Beta-Glucan, Ceramide Np, Myristic Acid, Arachidic Acid, Lactobacillus Ferment Lysate, Tocopherol, Undaria Pinnatifida Extract.<\/p>\n<div class=\"popup-inner\">\n<p>*Eine Ver\u00e4nderung der Inhaltsstoffe unterliegt dem Ermessen des Herstellers. Willst du vor dem Kauf ganz sicher gehen? Dann kontaktiere uns f\u00fcr ein Foto der aktuellen Produktverpackung.<\/p>\n<h3>Warnhinweise<\/h3>\n<ol>\n<li>Nur zur \u00e4u\u00dferlichen Anwendung geeignet.<\/li>\n<li>Nicht auf verletzte Haut oder auf Wunden auftragen.<\/li>\n<li>Sollten Nebenwirkungen wie Irritationen oder Ausschlag eintreten, Anwendung sofort beenden und unverz\u00fcglich an einen Arzt wenden.<\/li>\n<li>Kontakt mit den Augen vermeiden. Sollte das Produkt ins Auge gelangen, das Auge sofort gr\u00fcndlich mit klarem Wasser aussp\u00fclen.<\/li>\n<li>Au\u00dfer Reichweite von Kindern aufbewahren.<\/li>\n<li>Nicht schlucken. Bei Verschlucken Arzt oder Giftzentrale aufsuchen.<\/li>\n<\/ol>\n<\/div>\n","protected":false},"excerpt":{"rendered":"<p>Unsere Water Bank Blue Hyaluronic Cream Moisturizer strafft die Haut sichtbar, st\u00e4rkt ihre Feuchtigkeitsbarriere und spendet regenerierende, langanhaltende Feuchtigkeit f\u00fcr bis zu 100 Stunden!*<br \/>\n*Basierend auf einer 4-w\u00f6chigen klinischen Studie mit 36 Frauen im Alter zwischen 20 und 39 Jahren<\/p>\n<p><strong>Hauptvorteile:<\/strong><br \/>\nEine intensive Feuchtigkeitscreme f\u00fcr den Tag und die Nacht f\u00fcr empfindliche, trockene oder dehydrierte Haut.<br \/>\nDieser verbesserte Held liefert Feuchtigkeitsversorgung der n\u00e4chsten Generation mit blauer Hyalurons\u00e4ure \u2013 fermentiert mit Tiefseealgen und einem 10-stufigen Mikrofiltrationsprozess unterzogen, hat es eine Mikrogr\u00f6\u00dfe, um besser und schneller zu absorbieren und eine tiefe, dauerhafte Feuchtigkeitsversorgung zu gew\u00e4hrleisten. Hypoallergen, dermatologisch getestet und f\u00fcr empfindliche Haut geeignet.<\/p>\n<ul>\n<li>Sorgt f\u00fcr einen sofortigen Feuchtigkeitsschub +196 %<\/li>\n<li>94 % Filzcreme verbessert die Feuchtigkeitsbarriere der Haut<\/li>\n<li>Sichtbar fest<\/li>\n<li>Reduziert effektiv den Feuchtigkeitsverlust im Laufe des Tages<\/li>\n<li>Beruhigt gestresste Haut<\/li>\n<\/ul>\n<p><strong>Hauptzutaten:<\/strong><\/p>\n<ul>\n<li>Blaue Hyalurons\u00e4ure: Wir haben normale Hyalurons\u00e4ure genommen und ihre Hydratationskraft durch einen einzigartigen doppelten Fermentationsprozess mit Fucoidan, einem feuchtigkeitsspendenden Wirkstoff aus Tiefseealgen, verst\u00e4rkt. Anschlie\u00dfend durchlaufen wir einen 10-stufigen Mikrofiltrations-Raffinierungsprozess. Winzige, aber m\u00e4chtige blaue Hyalurons\u00e4ure in Mikrogr\u00f6\u00dfe, die besser und schneller einzieht und f\u00fcr eine wirklich tiefe, lang anhaltende Feuchtigkeitsversorgung sorgt.<\/li>\n<li>Squalan und Ceramid: spenden pflegende Feuchtigkeit<\/li>\n<\/ul>\n","protected":false},"featured_media":8943,"comment_status":"open","ping_status":"closed","template":"","meta":{"content-type":"","site-sidebar-layout":"default","site-content-layout":"","ast-site-content-layout":"default","site-content-style":"default","site-sidebar-style":"default","ast-global-header-display":"","ast-banner-title-visibility":"","ast-main-header-display":"","ast-hfb-above-header-display":"","ast-hfb-below-header-display":"","ast-hfb-mobile-header-display":"","site-post-title":"","ast-breadcrumbs-content":"","ast-featured-img":"","footer-sml-layout":"","ast-disable-related-posts":"","theme-transparent-header-meta":"default","adv-header-id-meta":"","stick-header-meta":"","header-above-stick-meta":"","header-main-stick-meta":"","header-below-stick-meta":"","astra-migrate-meta-layouts":"set","ast-page-background-enabled":"default","ast-page-background-meta":{"desktop":{"background-color":"","background-image":"","background-repeat":"repeat","background-position":"center center","background-size":"auto","background-attachment":"scroll","background-type":"","background-media":"","overlay-type":"","overlay-color":"","overlay-opacity":"","overlay-gradient":""},"tablet":{"background-color":"","background-image":"","background-repeat":"repeat","background-position":"center center","background-size":"auto","background-attachment":"scroll","background-type":"","background-media":"","overlay-type":"","overlay-color":"","overlay-opacity":"","overlay-gradient":""},"mobile":{"background-color":"","background-image":"","background-repeat":"repeat","background-position":"center center","background-size":"auto","background-attachment":"scroll","background-type":"","background-media":"","overlay-type":"","overlay-color":"","overlay-opacity":"","overlay-gradient":""}},"ast-content-background-meta":{"desktop":{"background-color":"var(--ast-global-color-5)","background-image":"","background-repeat":"repeat","background-position":"center center","background-size":"auto","background-attachment":"scroll","background-type":"","background-media":"","overlay-type":"","overlay-color":"","overlay-opacity":"","overlay-gradient":""},"tablet":{"background-color":"var(--ast-global-color-5)","background-image":"","background-repeat":"repeat","background-position":"center center","background-size":"auto","background-attachment":"scroll","background-type":"","background-media":"","overlay-type":"","overlay-color":"","overlay-opacity":"","overlay-gradient":""},"mobile":{"background-color":"var(--ast-global-color-5)","background-image":"","background-repeat":"repeat","background-position":"center center","background-size":"auto","background-attachment":"scroll","background-type":"","background-media":"","overlay-type":"","overlay-color":"","overlay-opacity":"","overlay-gradient":""}}},"product_brand":[],"product_cat":[322,155,31],"product_tag":[35],"class_list":{"0":"post-8924","1":"product","2":"type-product","3":"status-publish","4":"has-post-thumbnail","6":"product_cat-gesichtscreme","7":"product_cat-laneige","8":"product_cat-gesicht","9":"product_tag-moisturizer","10":"desktop-align-center","11":"tablet-align-center","12":"mobile-align-center","14":"first","15":"outofstock","16":"taxable","17":"shipping-taxable","18":"purchasable","19":"product-type-simple"},"_links":{"self":[{"href":"https:\/\/tomyklou.gr\/de\/wp-json\/wp\/v2\/product\/8924","targetHints":{"allow":["GET"]}}],"collection":[{"href":"https:\/\/tomyklou.gr\/de\/wp-json\/wp\/v2\/product"}],"about":[{"href":"https:\/\/tomyklou.gr\/de\/wp-json\/wp\/v2\/types\/product"}],"replies":[{"embeddable":true,"href":"https:\/\/tomyklou.gr\/de\/wp-json\/wp\/v2\/comments?post=8924"}],"wp:featuredmedia":[{"embeddable":true,"href":"https:\/\/tomyklou.gr\/de\/wp-json\/wp\/v2\/media\/8943"}],"wp:attachment":[{"href":"https:\/\/tomyklou.gr\/de\/wp-json\/wp\/v2\/media?parent=8924"}],"wp:term":[{"taxonomy":"product_brand","embeddable":true,"href":"https:\/\/tomyklou.gr\/de\/wp-json\/wp\/v2\/product_brand?post=8924"},{"taxonomy":"product_cat","embeddable":true,"href":"https:\/\/tomyklou.gr\/de\/wp-json\/wp\/v2\/product_cat?post=8924"},{"taxonomy":"product_tag","embeddable":true,"href":"https:\/\/tomyklou.gr\/de\/wp-json\/wp\/v2\/product_tag?post=8924"}],"curies":[{"name":"wp","href":"https:\/\/api.w.org\/{rel}","templated":true}]}}