{"id":8929,"date":"2023-09-06T12:12:35","date_gmt":"2023-09-06T10:12:35","guid":{"rendered":"https:\/\/tomyklou.gr\/product\/import-placeholder-for-20506\/"},"modified":"2026-02-22T18:30:25","modified_gmt":"2026-02-22T16:30:25","slug":"laneige-water-bank-blue-hyaluronic-serum-50ml","status":"publish","type":"product","link":"https:\/\/tomyklou.gr\/de\/product\/laneige-water-bank-blue-hyaluronic-serum\/","title":{"rendered":"Laneige Water Bank Blue Hyaluronic Serum 50ml"},"content":{"rendered":"<h3>Anwendung<\/h3>\n<ol>\n<li>Morgens und abends nach der Reinigung und Tonisierung gleichm\u00e4\u00dfig auf das Gesicht auftragen.<\/li>\n<\/ol>\n<h3>Inhaltsstoffe<\/h3>\n<p>Water\/Aqua\/Eau, Butylene Glycol, Dipropylene Glycol, Glycerin, Squalane, 1,2-Hexanediol, Ammonium Acryloyldimethyltaurate\/Vp Copolymer, Propanediol, Carbomer, Cetearyl Alcohol, Tromethamine, Polyglyceryl-3 Methylglucose Distearate, Dextrin, Hydrogenated Lecithin, Ethylhexylglycerin, Fragrance \/ Parfum, Glyceryl Stearate Citrate, Disodium Edta, Betaine, Hydrolyzed Hyaluronic Acid, Beta-Glucan, Xylitylglucoside, Anhydroxylitol, Xylitol, Lactobacillus Ferment Lysate, Glucose, Tocopherol, Magnesium Chloride, Tetradecyl Aminobutyroylvalylaminobutyric Urea Trifluoroacetate, Undaria Pinnatifida Extract<\/p>\n<p>*Eine Ver\u00e4nderung der Inhaltsstoffe unterliegt dem Ermessen des Herstellers. Willst du vor dem Kauf ganz sicher gehen? Dann kontaktiere uns f\u00fcr ein Foto der aktuellen Produktverpackung.<\/p>\n<h3>Warnhinweise<\/h3>\n<ol>\n<li>Nur zur \u00e4u\u00dferlichen Anwendung geeignet.<\/li>\n<li>Nicht auf verletzte Haut oder auf Wunden auftragen.<\/li>\n<li>Sollten Nebenwirkungen wie Irritationen oder Ausschlag eintreten, Anwendung sofort beenden und unverz\u00fcglich an einen Arzt wenden.<\/li>\n<li>Kontakt mit den Augen vermeiden. Sollte das Produkt ins Auge gelangen, das Auge sofort gr\u00fcndlich mit klarem Wasser aussp\u00fclen.<\/li>\n<li>Au\u00dfer Reichweite von Kindern aufbewahren.<\/li>\n<li>Nicht schlucken. Bei Verschlucken Arzt oder Giftzentrale aufsuchen.<\/li>\n<\/ol>\n","protected":false},"excerpt":{"rendered":"<p>Ein saftiges Serum mit blauer Hyalurons\u00e4ure, das intensiv Feuchtigkeit spendet und f\u00fcr einen glatten, geschmeidigen Teint sorgt. Hypoallergen, dermatologisch getestet und f\u00fcr empfindliche Haut geeignet!<\/p>\n<p><strong>Hauptvorteile:<\/strong><br \/>\nEin One-Stop-Shop f\u00fcr einen besonders taufrischen, babyweichen Teint. Retten Sie durstige Haut mit diesem Superstar-Serum! Superstar Blue Hyalurons\u00e4ure, fermentiert mit Tiefseealgen und einem 10-stufigen Mikrofiltrationsprozess, zieht sofort ein und sorgt f\u00fcr eine tiefe, anhaltende Feuchtigkeitsversorgung. Peptide sorgen f\u00fcr eine sichtbare Straffung, w\u00e4hrend das Enzym aus gr\u00fcnem Tee dabei hilft, die Feuchtigkeitsbarriere der Haut zu st\u00e4rken.<br \/>\nBONUS! Bietet intensive, sofortige Feuchtigkeitsversorgung +575 %<\/p>\n<p><strong>Hauptzutaten:<\/strong><\/p>\n<ul>\n<li><strong>Blaue Hyalurons\u00e4ure<\/strong>: Wir haben normale Hyalurons\u00e4ure genommen und ihre Hydratationskraft durch einen einzigartigen doppelten Fermentationsprozess mit Fucoidan, einem feuchtigkeitsspendenden Wirkstoff aus Tiefseealgen, verst\u00e4rkt. Anschlie\u00dfend durchlaufen wir einen 10-stufigen Mikrofiltrations-Raffinierungsprozess. Winzige, aber m\u00e4chtige blaue Hyalurons\u00e4ure in Mikrogr\u00f6\u00dfe, die besser und schneller einzieht und f\u00fcr eine wirklich tiefe, lang anhaltende Feuchtigkeitsversorgung sorgt.<\/li>\n<li><strong>Peptid<\/strong>: Verbessert die Hautfestigkeit<\/li>\n<li><strong>Gr\u00fcntee-Enzym (Lactobacillus-Ferment-Lysat)<\/strong>: Hilft, die Feuchtigkeitsbarriere der Haut zu st\u00e4rken<\/li>\n<\/ul>\n","protected":false},"featured_media":8961,"comment_status":"open","ping_status":"closed","template":"","meta":{"content-type":"","site-sidebar-layout":"default","site-content-layout":"","ast-site-content-layout":"default","site-content-style":"default","site-sidebar-style":"default","ast-global-header-display":"","ast-banner-title-visibility":"","ast-main-header-display":"","ast-hfb-above-header-display":"","ast-hfb-below-header-display":"","ast-hfb-mobile-header-display":"","site-post-title":"","ast-breadcrumbs-content":"","ast-featured-img":"","footer-sml-layout":"","ast-disable-related-posts":"","theme-transparent-header-meta":"default","adv-header-id-meta":"","stick-header-meta":"","header-above-stick-meta":"","header-main-stick-meta":"","header-below-stick-meta":"","astra-migrate-meta-layouts":"set","ast-page-background-enabled":"default","ast-page-background-meta":{"desktop":{"background-color":"","background-image":"","background-repeat":"repeat","background-position":"center center","background-size":"auto","background-attachment":"scroll","background-type":"","background-media":"","overlay-type":"","overlay-color":"","overlay-opacity":"","overlay-gradient":""},"tablet":{"background-color":"","background-image":"","background-repeat":"repeat","background-position":"center center","background-size":"auto","background-attachment":"scroll","background-type":"","background-media":"","overlay-type":"","overlay-color":"","overlay-opacity":"","overlay-gradient":""},"mobile":{"background-color":"","background-image":"","background-repeat":"repeat","background-position":"center center","background-size":"auto","background-attachment":"scroll","background-type":"","background-media":"","overlay-type":"","overlay-color":"","overlay-opacity":"","overlay-gradient":""}},"ast-content-background-meta":{"desktop":{"background-color":"var(--ast-global-color-5)","background-image":"","background-repeat":"repeat","background-position":"center center","background-size":"auto","background-attachment":"scroll","background-type":"","background-media":"","overlay-type":"","overlay-color":"","overlay-opacity":"","overlay-gradient":""},"tablet":{"background-color":"var(--ast-global-color-5)","background-image":"","background-repeat":"repeat","background-position":"center center","background-size":"auto","background-attachment":"scroll","background-type":"","background-media":"","overlay-type":"","overlay-color":"","overlay-opacity":"","overlay-gradient":""},"mobile":{"background-color":"var(--ast-global-color-5)","background-image":"","background-repeat":"repeat","background-position":"center center","background-size":"auto","background-attachment":"scroll","background-type":"","background-media":"","overlay-type":"","overlay-color":"","overlay-opacity":"","overlay-gradient":""}}},"product_brand":[],"product_cat":[317,319,155,31],"product_tag":[],"class_list":{"0":"post-8929","1":"product","2":"type-product","3":"status-publish","4":"has-post-thumbnail","6":"product_cat-essence-serum-oel","7":"product_cat-gesichtsserum","8":"product_cat-laneige","9":"product_cat-gesicht","10":"desktop-align-center","11":"tablet-align-center","12":"mobile-align-center","14":"first","15":"outofstock","16":"taxable","17":"shipping-taxable","18":"purchasable","19":"product-type-simple"},"_links":{"self":[{"href":"https:\/\/tomyklou.gr\/de\/wp-json\/wp\/v2\/product\/8929","targetHints":{"allow":["GET"]}}],"collection":[{"href":"https:\/\/tomyklou.gr\/de\/wp-json\/wp\/v2\/product"}],"about":[{"href":"https:\/\/tomyklou.gr\/de\/wp-json\/wp\/v2\/types\/product"}],"replies":[{"embeddable":true,"href":"https:\/\/tomyklou.gr\/de\/wp-json\/wp\/v2\/comments?post=8929"}],"wp:featuredmedia":[{"embeddable":true,"href":"https:\/\/tomyklou.gr\/de\/wp-json\/wp\/v2\/media\/8961"}],"wp:attachment":[{"href":"https:\/\/tomyklou.gr\/de\/wp-json\/wp\/v2\/media?parent=8929"}],"wp:term":[{"taxonomy":"product_brand","embeddable":true,"href":"https:\/\/tomyklou.gr\/de\/wp-json\/wp\/v2\/product_brand?post=8929"},{"taxonomy":"product_cat","embeddable":true,"href":"https:\/\/tomyklou.gr\/de\/wp-json\/wp\/v2\/product_cat?post=8929"},{"taxonomy":"product_tag","embeddable":true,"href":"https:\/\/tomyklou.gr\/de\/wp-json\/wp\/v2\/product_tag?post=8929"}],"curies":[{"name":"wp","href":"https:\/\/api.w.org\/{rel}","templated":true}]}}