{"id":9017,"date":"2023-09-06T17:01:45","date_gmt":"2023-09-06T15:01:45","guid":{"rendered":"https:\/\/tomyklou.gr\/product\/import-placeholder-for-20657\/"},"modified":"2026-02-22T18:30:24","modified_gmt":"2026-02-22T16:30:24","slug":"secret-key-telling-u-cc-cream-30ml","status":"publish","type":"product","link":"https:\/\/tomyklou.gr\/de\/product\/secret-key-telling-u-cc-cream\/","title":{"rendered":"Secret Key Telling U CC Cream 30ml"},"content":{"rendered":"<h3>Anwendung<\/h3>\n<ol>\n<li>Dr\u00fccken Sie nach dem letzten Schritt der Hautpflege eine kleine Menge der Telling You CC Cream aus, tauchen Sie sie auf Stirn, Wangen, Nase und Kinn, tragen Sie sie je nach Hautstruktur gleichm\u00e4\u00dfig auf und tupfen Sie sie leicht ein, damit sie einzieht.<\/li>\n<\/ol>\n<h3>Hauptinhaltsstoffe<\/h3>\n<p>Water, Caprylic\/Capric Tryglycerides, Titanium Dioxide, Cyclopentasiloxane, Ethylhexyl Methoxycinnamate, Butyleneglycol, Cyclomethicone, Cyclohexasiloxane, Zinc Oxide, Cetyl PEG\/PPG-10\/1 Dimethicone, Arbutin, Sorbitan sesquioleate, 4-Methylbenzylidene Camphor, PEG-10 Dimethicone, Stearalkonium Chloride, Sodium Chloride, Iron Oxide Yellow, Dimethicone\/Vinyl Dimethicone Crosspolymer, Phenoxyethanol, Mica, CI 77491, Red Oxide of Iron, Methicone, PEG\/PPG-19\/19 Dimethicone, Xanthan Gum, Polyester-1, Triethoxycaprylylsilane, CI 77499, Black Oxide of Iron, Silica Dimethyl Silylate, Fragnance, Adenosine, Butylhydroxyanisol (BHT), Centella Asiatica Extract, Chamomilla Recutita (Matricaria) Flower Extract, Glycyrrhiza Glabra (Licorice) Root Extract, Camellia Sinensis Leaf Extract, Polygonum Cuspidatum Root Extract, Rosmarinus Officinalis (Rosemary) Leaf Extract, Scutellaria Baicalensis Root Extract, Ethanol, Methylsilanol Mannuronate, Sodium Hyaluronate, Aloe Barbadensis Leaf Water, Glycerin, Malva sylvestris (Mallow) flower extract, Mentha Piperita (Peppermint) Leaf Extract, Primula Veris Extract, Alchemilla Vulgaris Extract, Veronica Officinalis Extract, Melissa Officinalis Leaf Extract, Achillea Millefolium Extract<\/p>\n<h3>Warnhinweise<\/h3>\n<ol>\n<li>Nur zur \u00e4u\u00dferlichen Anwendung geeignet.<\/li>\n<li>Nicht auf verletzte Haut oder auf Wunden auftragen.<\/li>\n<li>Sollten Nebenwirkungen wie Irritationen oder Ausschlag eintreten, Anwendung sofort beenden und unverz\u00fcglich an einen Arzt wenden.<\/li>\n<li>Kontakt mit den Augen vermeiden. Sollte das Produkt ins Auge gelangen, das Auge sofort gr\u00fcndlich mit klarem Wasser aussp\u00fclen.<\/li>\n<li>Au\u00dfer Reichweite von Kindern aufbewahren.<\/li>\n<li>Nicht schlucken. Bei Verschlucken Arzt oder Giftzentrale aufsuchen.<\/li>\n<\/ol>\n","protected":false},"excerpt":{"rendered":"<p>Por\u00f6ses Pulver f\u00e4ngt \u00d6l ein und h\u00e4lt es lange weich. Der Puder f\u00fcllt Poren und Unebenheiten auf und sorgt f\u00fcr ein glattes, ohne Lifting wirkendes Ergebnis. Die Farbwechselformulierung dr\u00fcckt sich wie eine nat\u00fcrliche Haut aus und deckt auch bei erneutem Auftragen nat\u00fcrlich ab. Die Tonisierungscreme Secret Key Telling U spendet Ihrer Haut die n\u00f6tige Dosis Feuchtigkeit und deckt gleichzeitig eventuelle Unvollkommenheiten ab.<br \/>\n<strong>Hauptvorteile:<\/strong><\/p>\n<ul>\n<li><strong>vereinheitlicht den Farbton<\/strong>: hinterl\u00e4sst ein nat\u00fcrliches Aussehen.<\/li>\n<li><strong>sch\u00fctzt vor Sonnenlicht<\/strong>: gegen Pigmentflecken<\/li>\n<li><strong>gegen R\u00f6tungen<\/strong><\/li>\n<li><strong>gegen Augenringe<\/strong><\/li>\n<\/ul>\n","protected":false},"featured_media":9020,"comment_status":"open","ping_status":"closed","template":"","meta":{"content-type":"","site-sidebar-layout":"default","site-content-layout":"","ast-site-content-layout":"default","site-content-style":"default","site-sidebar-style":"default","ast-global-header-display":"","ast-banner-title-visibility":"","ast-main-header-display":"","ast-hfb-above-header-display":"","ast-hfb-below-header-display":"","ast-hfb-mobile-header-display":"","site-post-title":"","ast-breadcrumbs-content":"","ast-featured-img":"","footer-sml-layout":"","ast-disable-related-posts":"","theme-transparent-header-meta":"default","adv-header-id-meta":"","stick-header-meta":"","header-above-stick-meta":"","header-main-stick-meta":"","header-below-stick-meta":"","astra-migrate-meta-layouts":"set","ast-page-background-enabled":"default","ast-page-background-meta":{"desktop":{"background-color":"","background-image":"","background-repeat":"repeat","background-position":"center center","background-size":"auto","background-attachment":"scroll","background-type":"","background-media":"","overlay-type":"","overlay-color":"","overlay-opacity":"","overlay-gradient":""},"tablet":{"background-color":"","background-image":"","background-repeat":"repeat","background-position":"center center","background-size":"auto","background-attachment":"scroll","background-type":"","background-media":"","overlay-type":"","overlay-color":"","overlay-opacity":"","overlay-gradient":""},"mobile":{"background-color":"","background-image":"","background-repeat":"repeat","background-position":"center center","background-size":"auto","background-attachment":"scroll","background-type":"","background-media":"","overlay-type":"","overlay-color":"","overlay-opacity":"","overlay-gradient":""}},"ast-content-background-meta":{"desktop":{"background-color":"var(--ast-global-color-5)","background-image":"","background-repeat":"repeat","background-position":"center center","background-size":"auto","background-attachment":"scroll","background-type":"","background-media":"","overlay-type":"","overlay-color":"","overlay-opacity":"","overlay-gradient":""},"tablet":{"background-color":"var(--ast-global-color-5)","background-image":"","background-repeat":"repeat","background-position":"center center","background-size":"auto","background-attachment":"scroll","background-type":"","background-media":"","overlay-type":"","overlay-color":"","overlay-opacity":"","overlay-gradient":""},"mobile":{"background-color":"var(--ast-global-color-5)","background-image":"","background-repeat":"repeat","background-position":"center center","background-size":"auto","background-attachment":"scroll","background-type":"","background-media":"","overlay-type":"","overlay-color":"","overlay-opacity":"","overlay-gradient":""}}},"product_brand":[],"product_cat":[313,165,66],"product_tag":[36],"class_list":{"0":"post-9017","1":"product","2":"type-product","3":"status-publish","4":"has-post-thumbnail","6":"product_cat-gesichtssonnencreme","7":"product_cat-secret-key","8":"product_cat-make-up","9":"product_tag-sonnenschutz","10":"desktop-align-center","11":"tablet-align-center","12":"mobile-align-center","14":"first","15":"outofstock","16":"taxable","17":"shipping-taxable","18":"purchasable","19":"product-type-simple"},"_links":{"self":[{"href":"https:\/\/tomyklou.gr\/de\/wp-json\/wp\/v2\/product\/9017","targetHints":{"allow":["GET"]}}],"collection":[{"href":"https:\/\/tomyklou.gr\/de\/wp-json\/wp\/v2\/product"}],"about":[{"href":"https:\/\/tomyklou.gr\/de\/wp-json\/wp\/v2\/types\/product"}],"replies":[{"embeddable":true,"href":"https:\/\/tomyklou.gr\/de\/wp-json\/wp\/v2\/comments?post=9017"}],"wp:featuredmedia":[{"embeddable":true,"href":"https:\/\/tomyklou.gr\/de\/wp-json\/wp\/v2\/media\/9020"}],"wp:attachment":[{"href":"https:\/\/tomyklou.gr\/de\/wp-json\/wp\/v2\/media?parent=9017"}],"wp:term":[{"taxonomy":"product_brand","embeddable":true,"href":"https:\/\/tomyklou.gr\/de\/wp-json\/wp\/v2\/product_brand?post=9017"},{"taxonomy":"product_cat","embeddable":true,"href":"https:\/\/tomyklou.gr\/de\/wp-json\/wp\/v2\/product_cat?post=9017"},{"taxonomy":"product_tag","embeddable":true,"href":"https:\/\/tomyklou.gr\/de\/wp-json\/wp\/v2\/product_tag?post=9017"}],"curies":[{"name":"wp","href":"https:\/\/api.w.org\/{rel}","templated":true}]}}