{"id":9187,"date":"2023-10-12T20:43:41","date_gmt":"2023-10-12T18:43:41","guid":{"rendered":"https:\/\/tomyklou.gr\/product\/import-placeholder-for-21218\/"},"modified":"2026-02-22T18:30:23","modified_gmt":"2026-02-22T16:30:23","slug":"apieu-glycolic-acid-cream-50ml","status":"publish","type":"product","link":"https:\/\/tomyklou.gr\/de\/product\/apieu-glycolic-acid-cream\/","title":{"rendered":"A'pieu Glycolic Acid Cream 50ml"},"content":{"rendered":"<h3>Anwendung<\/h3>\n<ol>\n<li>Nehmen Sie eine kleine Menge und massieren Sie sie auf Gesicht und Hals.<\/li>\n<li>Sanft einklopfen und andr\u00fccken, bis die Creme vollst\u00e4ndig eingezogen ist. Morgens und abends anwenden.<\/li>\n<\/ol>\n<h3 class=\"PageBarActions Flex ItemsCenter FlexShrinkNone\">Inhaltsstoffe<\/h3>\n<p>Betula Alba Juice, Water\/Aqua\/Eau, Propanediol, Tromethamine, Glycolic Acid, Cetearyl Alcohol, Glycereth-26, 1,2-Hexanediol, Niacinamide, Butylene Glycol, Glycerin, Cyclopentasiloxane, Beeswax, Dimethicone, Polysorbate 60, Cyclohexasiloxane, Sorbitan Stearate, PEG-240\/HDI Copolymer Bis-Decyltetradeceth-20 Ether, Glyceryl Stearate, Panthenol, Salicylic Acid, Artemisia Princeps Leaf Extract, Xanthan Gum, Hydroxyacetophenone, Sodium Acrylate\/Sodium Acryloyldimethyl Taurate Copolymer, PEG-100 Stearate, Isohexadecane, PEG-2M, Hydrogenated Lecithin, Allantoin, Sucrose Distearate, Polysorbate 80, Adenosine, Sorbitan Oleate, Disodium EDTA, Pantolactone, Lactobacillus\/Pumpkin Ferment Extract, Phenoxyethanol, Ananas sativus (pineapple) fruit Extract, Alchemilla Vulgaris Extract, Arnica Montana Flower Extract, Actinidia Chinensis (Kiwi) Fruit Extract, Pyrus Malus (Apple) Fruit Extract, Gaultheria Procumbens (Wintergreen) Leaf Extract<\/p>\n<p>*Eine Ver\u00e4nderung der Inhaltsstoffe unterliegt dem Ermessen des Herstellers. Willst du vor dem Kauf ganz sicher gehen? Dann kontaktiere uns f\u00fcr ein Foto der aktuellen Produktverpackung.<\/p>\n<h3>Warnhinweise<\/h3>\n<ol>\n<li>Nur zur \u00e4u\u00dferlichen Anwendung geeignet.<\/li>\n<li>Nicht auf verletzte Haut oder auf Wunden auftragen.<\/li>\n<li>Sollten Nebenwirkungen wie Irritationen oder Ausschlag eintreten, Anwendung sofort beenden und unverz\u00fcglich an einen Arzt wenden.<\/li>\n<li>Kontakt mit den Augen vermeiden. Sollte das Produkt ins Auge gelangen, das Auge sofort gr\u00fcndlich mit klarem Wasser aussp\u00fclen.<\/li>\n<li>Au\u00dfer Reichweite von Kindern aufbewahren.<\/li>\n<li>Nicht schlucken. Bei Verschlucken Arzt oder Giftzentrale aufsuchen.<\/li>\n<\/ol>\n","protected":false},"excerpt":{"rendered":"<p>Die Glykols\u00e4ure-Creme von A&#8217;PIEU eignet sich hervorragend zur wirksamen Bek\u00e4mpfung von Mattheit, Aknenarben und Hautunreinheiten. Diese parf\u00fcmfreie Multitasking-Feuchtigkeitscreme gl\u00e4ttet, verfeinert, kl\u00e4rt und hellt auf und verbessert die Dicke und Elastizit\u00e4t der Haut. Die Feuchtigkeitscreme enth\u00e4lt 3 % Glykols\u00e4ure (AHA), um die Haut sanft zu peelen, w\u00e4hrend Salicyls\u00e4ure (BHA) die Poren gr\u00fcndlich reinigt. 30 % Birkenextrakt bringen die Haut ins Gleichgewicht und wirken der Austrocknung entgegen. Dar\u00fcber hinaus l\u00f6st die Formel porenverstopfende Ablagerungen, um das Auftreten von offenen Poren, feinen Linien und F\u00e4ltchen zu minimieren. Die gelartige Textur l\u00e4sst sich leicht auf der Haut verteilen und zieht schnell ein. Am besten f\u00fcr normale Haut, Mischhaut und fettige Hauttypen geeignet.<\/p>\n<p>Betula-Alba-Saftextrakt (30 %) hat entz\u00fcndungshemmende und hautberuhigende Eigenschaften, die h\u00e4ufig zur Behandlung von Ekzemen und Psoriasis eingesetzt werden.<br \/>\nGlykols\u00e4ure (AHA 3 %) entfernt abgestorbene Hautzellen, reduziert feine Linien und l\u00e4sst Hyperpigmentierung allm\u00e4hlich verblassen.<br \/>\nSalicyls\u00e4ure (BHA 0,45 %) hilft dabei, Schmutz, Bakterien und Ru\u00df zu entfernen, der sich auf der Hautoberfl\u00e4che angesammelt hat, sodass die Poren klar und frei von Reizstoffen bleiben.<br \/>\nNiacinamid unterst\u00fctzt die Hautbarriere, erh\u00f6ht ihre Widerstandsf\u00e4higkeit und verbessert die Textur, indem es die Poren kleiner erscheinen l\u00e4sst.<\/p>\n","protected":false},"featured_media":9190,"comment_status":"open","ping_status":"closed","template":"","meta":{"content-type":"","site-sidebar-layout":"default","site-content-layout":"","ast-site-content-layout":"default","site-content-style":"default","site-sidebar-style":"default","ast-global-header-display":"","ast-banner-title-visibility":"","ast-main-header-display":"","ast-hfb-above-header-display":"","ast-hfb-below-header-display":"","ast-hfb-mobile-header-display":"","site-post-title":"","ast-breadcrumbs-content":"","ast-featured-img":"","footer-sml-layout":"","ast-disable-related-posts":"","theme-transparent-header-meta":"default","adv-header-id-meta":"","stick-header-meta":"","header-above-stick-meta":"","header-main-stick-meta":"","header-below-stick-meta":"","astra-migrate-meta-layouts":"set","ast-page-background-enabled":"default","ast-page-background-meta":{"desktop":{"background-color":"","background-image":"","background-repeat":"repeat","background-position":"center center","background-size":"auto","background-attachment":"scroll","background-type":"","background-media":"","overlay-type":"","overlay-color":"","overlay-opacity":"","overlay-gradient":""},"tablet":{"background-color":"","background-image":"","background-repeat":"repeat","background-position":"center center","background-size":"auto","background-attachment":"scroll","background-type":"","background-media":"","overlay-type":"","overlay-color":"","overlay-opacity":"","overlay-gradient":""},"mobile":{"background-color":"","background-image":"","background-repeat":"repeat","background-position":"center center","background-size":"auto","background-attachment":"scroll","background-type":"","background-media":"","overlay-type":"","overlay-color":"","overlay-opacity":"","overlay-gradient":""}},"ast-content-background-meta":{"desktop":{"background-color":"var(--ast-global-color-5)","background-image":"","background-repeat":"repeat","background-position":"center center","background-size":"auto","background-attachment":"scroll","background-type":"","background-media":"","overlay-type":"","overlay-color":"","overlay-opacity":"","overlay-gradient":""},"tablet":{"background-color":"var(--ast-global-color-5)","background-image":"","background-repeat":"repeat","background-position":"center center","background-size":"auto","background-attachment":"scroll","background-type":"","background-media":"","overlay-type":"","overlay-color":"","overlay-opacity":"","overlay-gradient":""},"mobile":{"background-color":"var(--ast-global-color-5)","background-image":"","background-repeat":"repeat","background-position":"center center","background-size":"auto","background-attachment":"scroll","background-type":"","background-media":"","overlay-type":"","overlay-color":"","overlay-opacity":"","overlay-gradient":""}}},"product_brand":[],"product_cat":[322,63,327,31],"product_tag":[35],"class_list":{"0":"post-9187","1":"product","2":"type-product","3":"status-publish","4":"has-post-thumbnail","6":"product_cat-gesichtscreme","7":"product_cat-apieu","8":"product_cat-new-arrivals","9":"product_cat-gesicht","10":"product_tag-moisturizer","11":"desktop-align-center","12":"tablet-align-center","13":"mobile-align-center","15":"first","16":"outofstock","17":"taxable","18":"shipping-taxable","19":"purchasable","20":"product-type-simple"},"_links":{"self":[{"href":"https:\/\/tomyklou.gr\/de\/wp-json\/wp\/v2\/product\/9187","targetHints":{"allow":["GET"]}}],"collection":[{"href":"https:\/\/tomyklou.gr\/de\/wp-json\/wp\/v2\/product"}],"about":[{"href":"https:\/\/tomyklou.gr\/de\/wp-json\/wp\/v2\/types\/product"}],"replies":[{"embeddable":true,"href":"https:\/\/tomyklou.gr\/de\/wp-json\/wp\/v2\/comments?post=9187"}],"wp:featuredmedia":[{"embeddable":true,"href":"https:\/\/tomyklou.gr\/de\/wp-json\/wp\/v2\/media\/9190"}],"wp:attachment":[{"href":"https:\/\/tomyklou.gr\/de\/wp-json\/wp\/v2\/media?parent=9187"}],"wp:term":[{"taxonomy":"product_brand","embeddable":true,"href":"https:\/\/tomyklou.gr\/de\/wp-json\/wp\/v2\/product_brand?post=9187"},{"taxonomy":"product_cat","embeddable":true,"href":"https:\/\/tomyklou.gr\/de\/wp-json\/wp\/v2\/product_cat?post=9187"},{"taxonomy":"product_tag","embeddable":true,"href":"https:\/\/tomyklou.gr\/de\/wp-json\/wp\/v2\/product_tag?post=9187"}],"curies":[{"name":"wp","href":"https:\/\/api.w.org\/{rel}","templated":true}]}}