{"id":9189,"date":"2023-10-12T20:43:42","date_gmt":"2023-10-12T18:43:42","guid":{"rendered":"https:\/\/tomyklou.gr\/product\/import-placeholder-for-21226\/"},"modified":"2026-02-22T18:30:23","modified_gmt":"2026-02-22T16:30:23","slug":"apieu-hamamelis-cream-50ml","status":"publish","type":"product","link":"https:\/\/tomyklou.gr\/de\/product\/apieu-hamamelis-cream\/","title":{"rendered":"A'pieu Hamamelis Cream 50ml"},"content":{"rendered":"<h3>Anwendung<\/h3>\n<ol>\n<li>Nehmen Sie eine kleine Menge und massieren Sie sie auf Gesicht und Hals.<\/li>\n<li>Sanft einklopfen und andr\u00fccken, bis die Creme vollst\u00e4ndig eingezogen ist.<\/li>\n<\/ol>\n<h3 class=\"PageBarActions Flex ItemsCenter FlexShrinkNone\">Inhaltsstoffe<\/h3>\n<p>Hamamelis Virginiana (Witch Hazel) Water\/Aqua\/Eau, Butylene Glycol, Cetearyl Alcohol, 1,2-Hexanediol, Isotridecyl Isononanoate, Glyceryl Stearate, Niacinamide, Polymethylsilsesquioxane, Pentylene Glycol, Methyl Methacrylate Crosspolymer, Ammonium Acryloyldimethyltaurate\/VP Copolymer, Caprylic\/Capric Triglyceride, Caprylyl Methicone, Hydroxyacetophenone, Citrus Aurantium Dulcis (Orange) Oil, Carbomer, Tromethamine, Adenosine, Salvia Sclarea (Clary) Oil, Disodium EDTA, Hexylene Glycol, Argania Spinosa Kernel Oil, Rhus Semialata Gall Extract, Capryloyl Glycine, Sesamum Indicum (Sesame) Seed Oil, Beta-Sitosterol, Serenoa Serrulata Fruit Extract, Cinnamomum Zeylanicum Bark Extract, Sarcosine, Tocopherol<\/p>\n<p>*Eine Ver\u00e4nderung der Inhaltsstoffe unterliegt dem Ermessen des Herstellers. Willst du vor dem Kauf ganz sicher gehen? Dann kontaktiere uns f\u00fcr ein Foto der aktuellen Produktverpackung.<\/p>\n<h3>Warnhinweise<\/h3>\n<ol>\n<li>Nur zur \u00e4u\u00dferlichen Anwendung geeignet.<\/li>\n<li>Nicht auf verletzte Haut oder auf Wunden auftragen.<\/li>\n<li>Sollten Nebenwirkungen wie Irritationen oder Ausschlag eintreten, Anwendung sofort beenden und unverz\u00fcglich an einen Arzt wenden.<\/li>\n<li>Kontakt mit den Augen vermeiden. Sollte das Produkt ins Auge gelangen, das Auge sofort gr\u00fcndlich mit klarem Wasser aussp\u00fclen.<\/li>\n<li>Au\u00dfer Reichweite von Kindern aufbewahren.<\/li>\n<li>Nicht schlucken. Bei Verschlucken Arzt oder Giftzentrale aufsuchen.<\/li>\n<\/ol>\n","protected":false},"excerpt":{"rendered":"<p>Hamamelis-Creme strafft und verkleinert die Poren mit \u00fcber 77 % Hamamelis! Der Hauptbestandteil dieses Superwirkstoffs ist Tannin, das den Talgspiegel senkt und so zur Bek\u00e4mpfung von Akne beitragen kann. Die feuchtigkeitsspendende Wirkung der Creme zieht schnell ein und erh\u00f6ht sofort den Feuchtigkeitsgehalt f\u00fcr eine elastische, elastische Haut.<br \/>\n<strong>Hauptzutaten:<\/strong><br \/>\n<strong>Niacinamid:<\/strong> verbessert ungleichm\u00e4\u00dfige Hautt\u00f6ne und hilft beim Wiederaufbau einer geschw\u00e4chten Hautbarriere.<br \/>\n<strong>Argan\u00f6l:<\/strong> Der Teint erf\u00e4hrt weichmachende Feuchtigkeit durch leichtes Argan\u00f6l.<br \/>\n<strong>Muskater\u00f6l:<\/strong> enth\u00e4lt antibakterielle Eigenschaften, um Hautunreinheiten zu reduzieren und zu verhindern.<\/p>\n","protected":false},"featured_media":9192,"comment_status":"open","ping_status":"closed","template":"","meta":{"content-type":"","site-sidebar-layout":"default","site-content-layout":"","ast-site-content-layout":"default","site-content-style":"default","site-sidebar-style":"default","ast-global-header-display":"","ast-banner-title-visibility":"","ast-main-header-display":"","ast-hfb-above-header-display":"","ast-hfb-below-header-display":"","ast-hfb-mobile-header-display":"","site-post-title":"","ast-breadcrumbs-content":"","ast-featured-img":"","footer-sml-layout":"","ast-disable-related-posts":"","theme-transparent-header-meta":"default","adv-header-id-meta":"","stick-header-meta":"","header-above-stick-meta":"","header-main-stick-meta":"","header-below-stick-meta":"","astra-migrate-meta-layouts":"set","ast-page-background-enabled":"default","ast-page-background-meta":{"desktop":{"background-color":"","background-image":"","background-repeat":"repeat","background-position":"center center","background-size":"auto","background-attachment":"scroll","background-type":"","background-media":"","overlay-type":"","overlay-color":"","overlay-opacity":"","overlay-gradient":""},"tablet":{"background-color":"","background-image":"","background-repeat":"repeat","background-position":"center center","background-size":"auto","background-attachment":"scroll","background-type":"","background-media":"","overlay-type":"","overlay-color":"","overlay-opacity":"","overlay-gradient":""},"mobile":{"background-color":"","background-image":"","background-repeat":"repeat","background-position":"center center","background-size":"auto","background-attachment":"scroll","background-type":"","background-media":"","overlay-type":"","overlay-color":"","overlay-opacity":"","overlay-gradient":""}},"ast-content-background-meta":{"desktop":{"background-color":"var(--ast-global-color-5)","background-image":"","background-repeat":"repeat","background-position":"center center","background-size":"auto","background-attachment":"scroll","background-type":"","background-media":"","overlay-type":"","overlay-color":"","overlay-opacity":"","overlay-gradient":""},"tablet":{"background-color":"var(--ast-global-color-5)","background-image":"","background-repeat":"repeat","background-position":"center center","background-size":"auto","background-attachment":"scroll","background-type":"","background-media":"","overlay-type":"","overlay-color":"","overlay-opacity":"","overlay-gradient":""},"mobile":{"background-color":"var(--ast-global-color-5)","background-image":"","background-repeat":"repeat","background-position":"center center","background-size":"auto","background-attachment":"scroll","background-type":"","background-media":"","overlay-type":"","overlay-color":"","overlay-opacity":"","overlay-gradient":""}}},"product_brand":[],"product_cat":[322,63,327,31],"product_tag":[35],"class_list":{"0":"post-9189","1":"product","2":"type-product","3":"status-publish","4":"has-post-thumbnail","6":"product_cat-gesichtscreme","7":"product_cat-apieu","8":"product_cat-new-arrivals","9":"product_cat-gesicht","10":"product_tag-moisturizer","11":"desktop-align-center","12":"tablet-align-center","13":"mobile-align-center","15":"first","16":"outofstock","17":"taxable","18":"shipping-taxable","19":"purchasable","20":"product-type-simple"},"_links":{"self":[{"href":"https:\/\/tomyklou.gr\/de\/wp-json\/wp\/v2\/product\/9189","targetHints":{"allow":["GET"]}}],"collection":[{"href":"https:\/\/tomyklou.gr\/de\/wp-json\/wp\/v2\/product"}],"about":[{"href":"https:\/\/tomyklou.gr\/de\/wp-json\/wp\/v2\/types\/product"}],"replies":[{"embeddable":true,"href":"https:\/\/tomyklou.gr\/de\/wp-json\/wp\/v2\/comments?post=9189"}],"wp:featuredmedia":[{"embeddable":true,"href":"https:\/\/tomyklou.gr\/de\/wp-json\/wp\/v2\/media\/9192"}],"wp:attachment":[{"href":"https:\/\/tomyklou.gr\/de\/wp-json\/wp\/v2\/media?parent=9189"}],"wp:term":[{"taxonomy":"product_brand","embeddable":true,"href":"https:\/\/tomyklou.gr\/de\/wp-json\/wp\/v2\/product_brand?post=9189"},{"taxonomy":"product_cat","embeddable":true,"href":"https:\/\/tomyklou.gr\/de\/wp-json\/wp\/v2\/product_cat?post=9189"},{"taxonomy":"product_tag","embeddable":true,"href":"https:\/\/tomyklou.gr\/de\/wp-json\/wp\/v2\/product_tag?post=9189"}],"curies":[{"name":"wp","href":"https:\/\/api.w.org\/{rel}","templated":true}]}}