{"id":9195,"date":"2023-10-13T16:39:35","date_gmt":"2023-10-13T14:39:35","guid":{"rendered":"https:\/\/tomyklou.gr\/product\/import-placeholder-for-21256\/"},"modified":"2026-02-22T18:30:22","modified_gmt":"2026-02-22T16:30:22","slug":"beauty-of-joseon-red-bean-water-gel-100ml","status":"publish","type":"product","link":"https:\/\/tomyklou.gr\/de\/product\/beauty-of-joseon-red-bean-water-gel\/","title":{"rendered":"Beauty of Joseon Red Bean Water Gel 100ml"},"content":{"rendered":"<h3>Anwendung<\/h3>\n<ol>\n<li>Nehmen Sie eine etwa m\u00fcnzgro\u00dfe Menge, tragen Sie sie auf die Haut auf und tupfen Sie sie ein, bis sie richtig eingezogen ist.<\/li>\n<li>Es ist besonders ideal f\u00fcr fettige Haut mit \u00fcberm\u00e4\u00dfigem Talg.<\/li>\n<\/ol>\n<h3>Inhaltsstoffe<\/h3>\n<p>Phaseolus angularis seed extract (441,000 ppm), water, butylene glycol, glycerin, 1,2-hexanediol, methyl trimethicone, acrylates\/c10-30 alkyl acrylate crosspolymer, tromethamine, glyceryl glucoside, c12-14 alketh-12, maltodextrin, ammonium acryloyldimethyltaurate\/vp copolymer, dimethicone\/vinyl dimethicone crosspolymer, dimethicone crosspolymer, ethylhexylglycerin, betaine, panthenol, allantoin, dipotassium glycyrrhizate, polyquaternium-51, xanthan gum, disodium edta, glyceryl acrylate\/acrylic acid copolymer, dioscorea japonica root extract, glucose, sodium citrate, beta-glucan, hydrolyzed corn starch, citric acid, sucrose, caprylyl glycol, helianthus annuus (sunflower) seed oil, tocopherol, cyanocobalamin, glycine, serine, glutamic acid, magnesium ascorbyl phosphate, aspartic acid, leucine, acetyl hexapeptide-8, alanine, lysine, arginine, tyrosine, phenylalanine, proline, threonine, valine, isoleucine, histidine, cysteine, methionine, sh-oligopeptide-1, sh-oligopeptide-2, sh-polypeptide-1<\/p>\n<p>*Eine Ver\u00e4nderung der Inhaltsstoffe unterliegt dem Ermessen des Herstellers. Willst du vor dem Kauf ganz sicher gehen? Dann kontaktiere uns f\u00fcr ein Foto der aktuellen Produktverpackung.<\/p>\n<h3>Warnhinweise<\/h3>\n<ol>\n<li>Nur zur \u00e4u\u00dferlichen Anwendung geeignet.<\/li>\n<li>Nicht auf verletzte Haut oder auf Wunden auftragen.<\/li>\n<li>Sollten Nebenwirkungen wie Irritationen oder Ausschlag eintreten, Anwendung sofort beenden und unverz\u00fcglich an einen Arzt wenden.<\/li>\n<li>Kontakt mit den Augen vermeiden. Sollte das Produkt ins Auge gelangen, das Auge sofort gr\u00fcndlich mit klarem Wasser aussp\u00fclen.<\/li>\n<li>Au\u00dfer Reichweite von Kindern aufbewahren.<\/li>\n<li>Nicht schlucken. Bei Verschlucken Arzt oder Giftzentrale aufsuchen.<\/li>\n<\/ol>\n","protected":false},"excerpt":{"rendered":"<p>Wenn die Haut reifer wird, verliert sie tendenziell Feuchtigkeit und Fett, was zu einer leichteren Faltenbildung f\u00fchrt. Wenn der Haut ausreichend Feuchtigkeit fehlt, gleicht sie dies aus, indem sie zum Schutz mehr Talg produziert. Dieses Ungleichgewicht kann das Risiko einer Hautentz\u00fcndung erh\u00f6hen. Daher ist die Aufrechterhaltung des \u00d6l-Wasser-Gleichgewichts der Haut von entscheidender Bedeutung f\u00fcr ihre Gesundheit. \u201eDynasty Cream\u201c, das Deb\u00fctprodukt unserer Marke, wurde entwickelt, um reichlich Feuchtigkeit zu spenden und das \u00d6l-Wasser-Verh\u00e4ltnis der Haut auszugleichen. In den letzten 5 Jahren haben uns wertvolle Kundenfeedbacks dazu veranlasst, unsere Feuchtigkeitscreme-Linie mit frischen Inhaltsstoffen und einer neuen Formel zu erweitern. F\u00fcr Menschen mit <strong>fettiger Haut<\/strong> haben wir \u201eRed Bean Water Gel\u201c entwickelt. Mit seiner leichten Gelkonsistenz spendet es reichlich Feuchtigkeit, ohne ein fettiges Gef\u00fchl zu hinterlassen. Die Hauptbestandteile der Creme, der Extrakt aus roten Bohnen und eine Mischung aus drei Peptiden, wirken synergetisch, um die Feuchtigkeitsversorgung und die Gesundheit der Haut zu verbessern.<br \/>\n<strong>Hauptzutaten:<\/strong><br \/>\n<strong>Haenam-Rotbohnenextrakt 44 %:<\/strong> Rote Bohnen haben in der gesamten koreanischen Geschichte eine wichtige Rolle gespielt. Aufgrund seiner wichtigen Rolle bei der Abfallentsorgung wurde es als Arzneimittel und auch als Zutat in traditionellen Lebensmitteln verwendet. Wie aus alten Dokumenten hervorgeht, verwendeten Frauen in der Joseon-Dynastie es auch zusammen mit Mungobohnen, um ihre Gesichter zu waschen. Rote Bohnen helfen bei der Talgaufnahme und das Saponin in der Schale roter Bohnen f\u00f6rdert die Gesundheit und Elastizit\u00e4t der Haut.<br \/>\n<strong>Peptidkomplex:<\/strong> Er enth\u00e4lt 3 Arten von Peptiden (SH-Oligopeptid-1 \/ SH-Oligopeptid-2 \/ SH-Polypeptid-1), um die Gesundheit der Haut zu unterst\u00fctzen, indem er dazu beitr\u00e4gt, die richtige Menge an Wachstumsfaktoren aufrechtzuerhalten , die aufgrund des Alterns nat\u00fcrlich abnehmen.<\/p>\n","protected":false},"featured_media":9200,"comment_status":"open","ping_status":"closed","template":"","meta":{"content-type":"","site-sidebar-layout":"default","site-content-layout":"","ast-site-content-layout":"default","site-content-style":"default","site-sidebar-style":"default","ast-global-header-display":"","ast-banner-title-visibility":"","ast-main-header-display":"","ast-hfb-above-header-display":"","ast-hfb-below-header-display":"","ast-hfb-mobile-header-display":"","site-post-title":"","ast-breadcrumbs-content":"","ast-featured-img":"","footer-sml-layout":"","ast-disable-related-posts":"","theme-transparent-header-meta":"default","adv-header-id-meta":"","stick-header-meta":"","header-above-stick-meta":"","header-main-stick-meta":"","header-below-stick-meta":"","astra-migrate-meta-layouts":"set","ast-page-background-enabled":"default","ast-page-background-meta":{"desktop":{"background-color":"","background-image":"","background-repeat":"repeat","background-position":"center center","background-size":"auto","background-attachment":"scroll","background-type":"","background-media":"","overlay-type":"","overlay-color":"","overlay-opacity":"","overlay-gradient":""},"tablet":{"background-color":"","background-image":"","background-repeat":"repeat","background-position":"center center","background-size":"auto","background-attachment":"scroll","background-type":"","background-media":"","overlay-type":"","overlay-color":"","overlay-opacity":"","overlay-gradient":""},"mobile":{"background-color":"","background-image":"","background-repeat":"repeat","background-position":"center center","background-size":"auto","background-attachment":"scroll","background-type":"","background-media":"","overlay-type":"","overlay-color":"","overlay-opacity":"","overlay-gradient":""}},"ast-content-background-meta":{"desktop":{"background-color":"var(--ast-global-color-5)","background-image":"","background-repeat":"repeat","background-position":"center center","background-size":"auto","background-attachment":"scroll","background-type":"","background-media":"","overlay-type":"","overlay-color":"","overlay-opacity":"","overlay-gradient":""},"tablet":{"background-color":"var(--ast-global-color-5)","background-image":"","background-repeat":"repeat","background-position":"center center","background-size":"auto","background-attachment":"scroll","background-type":"","background-media":"","overlay-type":"","overlay-color":"","overlay-opacity":"","overlay-gradient":""},"mobile":{"background-color":"var(--ast-global-color-5)","background-image":"","background-repeat":"repeat","background-position":"center center","background-size":"auto","background-attachment":"scroll","background-type":"","background-media":"","overlay-type":"","overlay-color":"","overlay-opacity":"","overlay-gradient":""}}},"product_brand":[],"product_cat":[322,105,327,31],"product_tag":[35],"class_list":{"0":"post-9195","1":"product","2":"type-product","3":"status-publish","4":"has-post-thumbnail","6":"product_cat-gesichtscreme","7":"product_cat-beauty-of-joseon","8":"product_cat-new-arrivals","9":"product_cat-gesicht","10":"product_tag-moisturizer","11":"desktop-align-center","12":"tablet-align-center","13":"mobile-align-center","15":"first","16":"outofstock","17":"taxable","18":"shipping-taxable","19":"purchasable","20":"product-type-simple"},"_links":{"self":[{"href":"https:\/\/tomyklou.gr\/de\/wp-json\/wp\/v2\/product\/9195","targetHints":{"allow":["GET"]}}],"collection":[{"href":"https:\/\/tomyklou.gr\/de\/wp-json\/wp\/v2\/product"}],"about":[{"href":"https:\/\/tomyklou.gr\/de\/wp-json\/wp\/v2\/types\/product"}],"replies":[{"embeddable":true,"href":"https:\/\/tomyklou.gr\/de\/wp-json\/wp\/v2\/comments?post=9195"}],"wp:featuredmedia":[{"embeddable":true,"href":"https:\/\/tomyklou.gr\/de\/wp-json\/wp\/v2\/media\/9200"}],"wp:attachment":[{"href":"https:\/\/tomyklou.gr\/de\/wp-json\/wp\/v2\/media?parent=9195"}],"wp:term":[{"taxonomy":"product_brand","embeddable":true,"href":"https:\/\/tomyklou.gr\/de\/wp-json\/wp\/v2\/product_brand?post=9195"},{"taxonomy":"product_cat","embeddable":true,"href":"https:\/\/tomyklou.gr\/de\/wp-json\/wp\/v2\/product_cat?post=9195"},{"taxonomy":"product_tag","embeddable":true,"href":"https:\/\/tomyklou.gr\/de\/wp-json\/wp\/v2\/product_tag?post=9195"}],"curies":[{"name":"wp","href":"https:\/\/api.w.org\/{rel}","templated":true}]}}