{"id":9210,"date":"2023-10-17T14:17:18","date_gmt":"2023-10-17T12:17:18","guid":{"rendered":"https:\/\/tomyklou.gr\/product\/import-placeholder-for-21318\/"},"modified":"2026-02-22T18:30:22","modified_gmt":"2026-02-22T16:30:22","slug":"cosrx-balancium-ceramide-lip-butter-sleeping-mask-20g","status":"publish","type":"product","link":"https:\/\/tomyklou.gr\/de\/product\/cosrx-balancium-ceramide-lip-butter-sleeping-mask\/","title":{"rendered":"COSRX Balancium Ceramide Lip Butter Sleeping Mask 20g"},"content":{"rendered":"<h3>Anwendung<\/h3>\n<ol>\n<li>Tragen Sie eine angemessene Menge gleichm\u00e4\u00dfig auf die Lippen auf.<\/li>\n<li>H\u00e4ufig verwenden, um die Lippen mit Feuchtigkeit zu versorgen.<br \/>\n*Tragen Sie eine dicke Schicht auf, um es als Schlafmaske zu verwenden.<\/li>\n<\/ol>\n<h3>Inhaltsstoffe<\/h3>\n<p>Bis-Diglyceryl Polyacyladipate-2, Butyrospermum Parkii (Shea) Butter, Cocos Nucifera (Coconut) Oil, Ricinus Communis (Castor) Seed Oil, Polyglyceryl-3 Distearate, Phytosteryl\/Isostearyl\/Cetyl\/Stearyl\/Behenyl Dimer Dilinoleate, Simmondsia Chinensis (Jojoba) Seed Oil, Caprylic\/Capric Triglyceride, Beeswax, Ozokerite, Polyethylene, Mangifera Indica (Mango) Seed Butter, Euphorbia Cerifera (Candelilla) Wax, Glyceryl Stearate Citrate, Ethylhexylglycerin, Glycerin, Ceramide NP, Phytosphingosine<\/p>\n<h3>Warnhinweise<\/h3>\n<ol>\n<li>Nur zur \u00e4u\u00dferlichen Anwendung geeignet.<\/li>\n<li>Nicht auf verletzte Haut oder auf Wunden auftragen.<\/li>\n<li>Sollten Nebenwirkungen wie Irritationen oder Ausschlag eintreten, Anwendung sofort beenden und unverz\u00fcglich an einen Arzt wenden.<\/li>\n<li>Kontakt mit den Augen vermeiden. Sollte das Produkt ins Auge gelangen, das Auge sofort gr\u00fcndlich mit klarem Wasser aussp\u00fclen.<\/li>\n<li>Au\u00dfer Reichweite von Kindern aufbewahren.<\/li>\n<li>Nicht schlucken. Bei Verschlucken Arzt oder Giftzentrale aufsuchen.<\/li>\n<\/ol>\n","protected":false},"excerpt":{"rendered":"<p>Sheabutter und nat\u00fcrlich gewonnenes Ceramid umh\u00fcllen Ihre Lippen wie Butter und spenden ihnen Feuchtigkeit und revitalisieren sie<\/p>\n<ol>\n<li><strong>Sheabutter und nat\u00fcrliches Ceramid:<\/strong>Enth\u00e4lt sowohl Sheabutter als auch Ceramid f\u00fcr eine tiefe und reichhaltige Feuchtigkeitsversorgung.<\/li>\n<li><strong>Jederzeit und \u00fcberall One-Touch-Feuchtigkeitspflege f\u00fcr die Lippen:<\/strong> Farblose, nicht parf\u00fcmierte Textur, die nicht klebrig ist und jederzeit und \u00fcberall verwendet werden kann und von jedem bequem verwendet werden kann.<\/li>\n<li><strong>Schmelzende Buttertextur:<\/strong> Dichter, matter Balsam mit einer weichen, butter\u00e4hnlichen Textur, die bei K\u00f6rpertemperatur schmilzt und die Lippen umh\u00fcllt, ohne zu kleben.<\/li>\n<li><strong>Verbessert die Aufnahme der Hautpflege:<\/strong> Verfeinert zun\u00e4chst die Haut und erm\u00f6glicht so eine bessere Aufnahme der folgenden Ampullen und Cremes.<\/li>\n<\/ol>\n<p><strong>Hauptbestandteil:<\/strong><br \/>\n<strong>Nat\u00fcrlich gewonnenes Ceramid, Sheabutter:<\/strong> feuchtigkeitsspendende Lippen<\/p>\n","protected":false},"featured_media":9216,"comment_status":"open","ping_status":"closed","template":"","meta":{"content-type":"","site-sidebar-layout":"default","site-content-layout":"","ast-site-content-layout":"default","site-content-style":"default","site-sidebar-style":"default","ast-global-header-display":"","ast-banner-title-visibility":"","ast-main-header-display":"","ast-hfb-above-header-display":"","ast-hfb-below-header-display":"","ast-hfb-mobile-header-display":"","site-post-title":"","ast-breadcrumbs-content":"","ast-featured-img":"","footer-sml-layout":"","ast-disable-related-posts":"","theme-transparent-header-meta":"default","adv-header-id-meta":"","stick-header-meta":"","header-above-stick-meta":"","header-main-stick-meta":"","header-below-stick-meta":"","astra-migrate-meta-layouts":"set","ast-page-background-enabled":"default","ast-page-background-meta":{"desktop":{"background-color":"","background-image":"","background-repeat":"repeat","background-position":"center center","background-size":"auto","background-attachment":"scroll","background-type":"","background-media":"","overlay-type":"","overlay-color":"","overlay-opacity":"","overlay-gradient":""},"tablet":{"background-color":"","background-image":"","background-repeat":"repeat","background-position":"center center","background-size":"auto","background-attachment":"scroll","background-type":"","background-media":"","overlay-type":"","overlay-color":"","overlay-opacity":"","overlay-gradient":""},"mobile":{"background-color":"","background-image":"","background-repeat":"repeat","background-position":"center center","background-size":"auto","background-attachment":"scroll","background-type":"","background-media":"","overlay-type":"","overlay-color":"","overlay-opacity":"","overlay-gradient":""}},"ast-content-background-meta":{"desktop":{"background-color":"var(--ast-global-color-5)","background-image":"","background-repeat":"repeat","background-position":"center center","background-size":"auto","background-attachment":"scroll","background-type":"","background-media":"","overlay-type":"","overlay-color":"","overlay-opacity":"","overlay-gradient":""},"tablet":{"background-color":"var(--ast-global-color-5)","background-image":"","background-repeat":"repeat","background-position":"center center","background-size":"auto","background-attachment":"scroll","background-type":"","background-media":"","overlay-type":"","overlay-color":"","overlay-opacity":"","overlay-gradient":""},"mobile":{"background-color":"var(--ast-global-color-5)","background-image":"","background-repeat":"repeat","background-position":"center center","background-size":"auto","background-attachment":"scroll","background-type":"","background-media":"","overlay-type":"","overlay-color":"","overlay-opacity":"","overlay-gradient":""}}},"product_brand":[],"product_cat":[321,128,31,328],"product_tag":[67],"class_list":{"0":"post-9210","1":"product","2":"type-product","3":"status-publish","4":"has-post-thumbnail","6":"product_cat-spezialbehandlung","7":"product_cat-cosrx","8":"product_cat-gesicht","9":"product_cat-lippenpflege","10":"product_tag-spezialbehandlung","11":"desktop-align-center","12":"tablet-align-center","13":"mobile-align-center","15":"first","16":"outofstock","17":"taxable","18":"shipping-taxable","19":"purchasable","20":"product-type-simple"},"_links":{"self":[{"href":"https:\/\/tomyklou.gr\/de\/wp-json\/wp\/v2\/product\/9210","targetHints":{"allow":["GET"]}}],"collection":[{"href":"https:\/\/tomyklou.gr\/de\/wp-json\/wp\/v2\/product"}],"about":[{"href":"https:\/\/tomyklou.gr\/de\/wp-json\/wp\/v2\/types\/product"}],"replies":[{"embeddable":true,"href":"https:\/\/tomyklou.gr\/de\/wp-json\/wp\/v2\/comments?post=9210"}],"wp:featuredmedia":[{"embeddable":true,"href":"https:\/\/tomyklou.gr\/de\/wp-json\/wp\/v2\/media\/9216"}],"wp:attachment":[{"href":"https:\/\/tomyklou.gr\/de\/wp-json\/wp\/v2\/media?parent=9210"}],"wp:term":[{"taxonomy":"product_brand","embeddable":true,"href":"https:\/\/tomyklou.gr\/de\/wp-json\/wp\/v2\/product_brand?post=9210"},{"taxonomy":"product_cat","embeddable":true,"href":"https:\/\/tomyklou.gr\/de\/wp-json\/wp\/v2\/product_cat?post=9210"},{"taxonomy":"product_tag","embeddable":true,"href":"https:\/\/tomyklou.gr\/de\/wp-json\/wp\/v2\/product_tag?post=9210"}],"curies":[{"name":"wp","href":"https:\/\/api.w.org\/{rel}","templated":true}]}}