{"id":9211,"date":"2023-10-17T14:17:18","date_gmt":"2023-10-17T12:17:18","guid":{"rendered":"https:\/\/tomyklou.gr\/product\/import-placeholder-for-21326\/"},"modified":"2026-02-22T18:30:22","modified_gmt":"2026-02-22T16:30:22","slug":"cosrx-fulll-fit-honey-sugar-lip-scrub-20g","status":"publish","type":"product","link":"https:\/\/tomyklou.gr\/de\/product\/cosrx-fulll-fit-honey-sugar-lip-scrub\/","title":{"rendered":"COSRX Fulll Fit Honey Sugar Lip Scrub 20g"},"content":{"rendered":"<h3>Anwendung<\/h3>\n<ol>\n<li>Tragen Sie eine angemessene Menge auf die Lippen auf und massieren Sie sie mit einem Finger ein.<\/li>\n<li>Einige Minuten einwirken lassen und dann mit lauwarmem Wasser absp\u00fclen.<\/li>\n<li>Um die beste Wirkung zu erzielen, verwenden Sie die Full Fit Propolis Lip Sleeping Mask vor und nach dem Peeling.<\/li>\n<\/ol>\n<h3>Inhaltsstoffe<\/h3>\n<p>Sucrose, Caprylic\/Capric Triglyceride, Glycerin, Euphorbia Cerifera (Candelilla) Wax, Sorbeth-30 Tetraoleate, Butyrospermum Parkii (Shea) Butter, Bis-Diglyceryl Polyacyladipate-2, Water, Stearalkonium Hectorite, 1,2-Hexanediol, Propylene Carbonate, Theobroma Cacao (Cocoa) Extract, Ethylhexylglycerin, Butylene Glycol, Saccharum Officinarum (Sugarcane) Extract, Dextrin, Citrus Limon (Lemon) Fruit Extract, Honey<\/p>\n<h3>Warnhinweise<\/h3>\n<ol>\n<li>Nur zur \u00e4u\u00dferlichen Anwendung geeignet.<\/li>\n<li>Nicht auf verletzte Haut oder auf Wunden auftragen.<\/li>\n<li>Sollten Nebenwirkungen wie Irritationen oder Ausschlag eintreten, Anwendung sofort beenden und unverz\u00fcglich an einen Arzt wenden.<\/li>\n<li>Kontakt mit den Augen vermeiden. Sollte das Produkt ins Auge gelangen, das Auge sofort gr\u00fcndlich mit klarem Wasser aussp\u00fclen.<\/li>\n<li>Au\u00dfer Reichweite von Kindern aufbewahren.<\/li>\n<li>Nicht schlucken. Bei Verschlucken Arzt oder Giftzentrale aufsuchen.<\/li>\n<\/ol>\n","protected":false},"excerpt":{"rendered":"<p>Ein Lippenpeeling, das abgestorbene Schuppen mit Zuckerkristallen sanft entfernt und die Lippen mit Honigextrakt mit Feuchtigkeit versorgt.<\/p>\n<ol>\n<li><strong>Peeling und Feuchtigkeit in einem:<\/strong> 2-in-1-Lippenpeeling wirkt als Peeling und Feuchtigkeitsspender und hilft Ihren Lippen, ihren nat\u00fcrlichen, gesunden Zustand zu bewahren.<\/li>\n<li><strong>Perfekte Vorbereitung vor dem Auftragen des Lippenstifts:<\/strong> Gl\u00e4tten und bereiten Sie die Lippen vor, indem Sie abgestorbene Hautzellen entfernen. So bleiben die Lippen glatt und bereit f\u00fcr eine makellose Farbanwendung.<\/li>\n<li><strong>Erleben Sie die Synergie nat\u00fcrlicher Inhaltsstoffe:<\/strong> Zuckerkristalle peelen und gl\u00e4tten sanft und sorgen f\u00fcr unwiderstehlich gepflegte Lippen. Kakaoextrakt wird wegen seiner nat\u00fcrlichen braunen Farbe verwendet.<\/li>\n<\/ol>\n","protected":false},"featured_media":9220,"comment_status":"open","ping_status":"closed","template":"","meta":{"content-type":"","site-sidebar-layout":"default","site-content-layout":"","ast-site-content-layout":"default","site-content-style":"default","site-sidebar-style":"default","ast-global-header-display":"","ast-banner-title-visibility":"","ast-main-header-display":"","ast-hfb-above-header-display":"","ast-hfb-below-header-display":"","ast-hfb-mobile-header-display":"","site-post-title":"","ast-breadcrumbs-content":"","ast-featured-img":"","footer-sml-layout":"","ast-disable-related-posts":"","theme-transparent-header-meta":"default","adv-header-id-meta":"","stick-header-meta":"","header-above-stick-meta":"","header-main-stick-meta":"","header-below-stick-meta":"","astra-migrate-meta-layouts":"set","ast-page-background-enabled":"default","ast-page-background-meta":{"desktop":{"background-color":"","background-image":"","background-repeat":"repeat","background-position":"center center","background-size":"auto","background-attachment":"scroll","background-type":"","background-media":"","overlay-type":"","overlay-color":"","overlay-opacity":"","overlay-gradient":""},"tablet":{"background-color":"","background-image":"","background-repeat":"repeat","background-position":"center center","background-size":"auto","background-attachment":"scroll","background-type":"","background-media":"","overlay-type":"","overlay-color":"","overlay-opacity":"","overlay-gradient":""},"mobile":{"background-color":"","background-image":"","background-repeat":"repeat","background-position":"center center","background-size":"auto","background-attachment":"scroll","background-type":"","background-media":"","overlay-type":"","overlay-color":"","overlay-opacity":"","overlay-gradient":""}},"ast-content-background-meta":{"desktop":{"background-color":"var(--ast-global-color-5)","background-image":"","background-repeat":"repeat","background-position":"center center","background-size":"auto","background-attachment":"scroll","background-type":"","background-media":"","overlay-type":"","overlay-color":"","overlay-opacity":"","overlay-gradient":""},"tablet":{"background-color":"var(--ast-global-color-5)","background-image":"","background-repeat":"repeat","background-position":"center center","background-size":"auto","background-attachment":"scroll","background-type":"","background-media":"","overlay-type":"","overlay-color":"","overlay-opacity":"","overlay-gradient":""},"mobile":{"background-color":"var(--ast-global-color-5)","background-image":"","background-repeat":"repeat","background-position":"center center","background-size":"auto","background-attachment":"scroll","background-type":"","background-media":"","overlay-type":"","overlay-color":"","overlay-opacity":"","overlay-gradient":""}}},"product_brand":[],"product_cat":[321,128,31,328],"product_tag":[67],"class_list":{"0":"post-9211","1":"product","2":"type-product","3":"status-publish","4":"has-post-thumbnail","6":"product_cat-spezialbehandlung","7":"product_cat-cosrx","8":"product_cat-gesicht","9":"product_cat-lippenpflege","10":"product_tag-spezialbehandlung","11":"desktop-align-center","12":"tablet-align-center","13":"mobile-align-center","15":"first","16":"outofstock","17":"taxable","18":"shipping-taxable","19":"purchasable","20":"product-type-simple"},"_links":{"self":[{"href":"https:\/\/tomyklou.gr\/de\/wp-json\/wp\/v2\/product\/9211","targetHints":{"allow":["GET"]}}],"collection":[{"href":"https:\/\/tomyklou.gr\/de\/wp-json\/wp\/v2\/product"}],"about":[{"href":"https:\/\/tomyklou.gr\/de\/wp-json\/wp\/v2\/types\/product"}],"replies":[{"embeddable":true,"href":"https:\/\/tomyklou.gr\/de\/wp-json\/wp\/v2\/comments?post=9211"}],"wp:featuredmedia":[{"embeddable":true,"href":"https:\/\/tomyklou.gr\/de\/wp-json\/wp\/v2\/media\/9220"}],"wp:attachment":[{"href":"https:\/\/tomyklou.gr\/de\/wp-json\/wp\/v2\/media?parent=9211"}],"wp:term":[{"taxonomy":"product_brand","embeddable":true,"href":"https:\/\/tomyklou.gr\/de\/wp-json\/wp\/v2\/product_brand?post=9211"},{"taxonomy":"product_cat","embeddable":true,"href":"https:\/\/tomyklou.gr\/de\/wp-json\/wp\/v2\/product_cat?post=9211"},{"taxonomy":"product_tag","embeddable":true,"href":"https:\/\/tomyklou.gr\/de\/wp-json\/wp\/v2\/product_tag?post=9211"}],"curies":[{"name":"wp","href":"https:\/\/api.w.org\/{rel}","templated":true}]}}