{"id":9244,"date":"2023-10-30T21:10:37","date_gmt":"2023-10-30T19:10:37","guid":{"rendered":"https:\/\/tomyklou.gr\/product\/import-placeholder-for-21613\/"},"modified":"2026-02-22T18:30:21","modified_gmt":"2026-02-22T16:30:21","slug":"heimish-all-clean-balm-mandarin-120ml","status":"publish","type":"product","link":"https:\/\/tomyklou.gr\/de\/product\/heimish-all-clean-balm-mandarin\/","title":{"rendered":"Heimish All Clean Balm Mandarin 120ml"},"content":{"rendered":"<h3>Anwendung<\/h3>\n<ol>\n<li>Eine angemessene Menge auf die trockene Haut auftragen und sanft in die Haut einmassieren.<\/li>\n<li>Mit lauwarmem Wasser absp\u00fclen.<\/li>\n<\/ol>\n<h3>Inhaltsstoffe<\/h3>\n<p>Ethylhexyl Palmitate, Cetyl Ethylhexanoate, PEG-20 Glyceryl Triisostearate, Synthetic Wax, PEG-8 Isostearate, Synthetic Wax, Artemisia Vulgaris Oil, Citrus Aurantium Amara (Bitter Orange) Leaf\/\u200bTwig Oil, Lavandula Angustifolia (Lavender) Oil, Litsea Cubeba Fruit Oil, Laurus Nobilis Leaf Extract, Cetyl PEG\/\u200bPPG-10\/\u200b1 Dimethicone, 1,2-Hexanediol, Curcuma Longa (Turmeric) Root Extract, Melia Azadirachta Flower Extract, Melia Azadirachta Leaf Extract, Corallina Officinalis Extract, Melia, Azadirachta Bark Extract, Moringa Oleifera Seed Oil, Ocimum Sanctum Leaf Extract, Tocopheryl Acetate, Eclipta Prostrata Extract, Melia Azadirachta Leaf Extract, Moringa Oleifera Seed Oil, Glycerin, Moringa Oleifera Seed Oil, Ceramide NP, Phytosphingosine, Hydrogenated Lecithin, Moringa Oleifera Seed Oil, Octyldodecanol, Oleyl Alcohol, Butyrospermum Parkii (Shea) Butter, Candida Bombicola\/\u200bGlucose\/\u200bMethyl Rapeseedate Ferment, Glycine Soja (Soybean) Sterols, Tocopherol, Citrus Junos Fruit Oil, Citrus Unshiu Fruit Oil, Water, 1,2-Hexanediol, Citrus Reticulata (Tangerine) Fruit Extract, Water, Butylene Glycol, Camellia Sinensis Leaf Extract, Vaccinium Macrocarpon (Cranberry) Fruit Extract, Water, Butylene Glycol, Carica Papaya (Papaya) Fruit Extract<\/p>\n<h3>Warnhinweise<\/h3>\n<ol>\n<li>Nur zur \u00e4u\u00dferlichen Anwendung geeignet.<\/li>\n<li>Nicht auf verletzte Haut oder auf Wunden auftragen.<\/li>\n<li>Sollten Nebenwirkungen wie Irritationen oder Ausschlag eintreten, Anwendung sofort beenden und unverz\u00fcglich an einen Arzt wenden.<\/li>\n<li>Kontakt mit den Augen vermeiden. Sollte das Produkt ins Auge gelangen, das Auge sofort gr\u00fcndlich mit klarem Wasser aussp\u00fclen.<\/li>\n<li>Au\u00dfer Reichweite von Kindern aufbewahren.<\/li>\n<li>Nicht schlucken. Bei Verschlucken Arzt oder Giftzentrale aufsuchen.<\/li>\n<li>Dieses Produkt enth\u00e4lt Betaine Salicylate und verwandte Stoffe. Nicht verwenden, wenn eine&nbsp;<strong>Aspirin-Allergie<\/strong>&nbsp;vorliegt.<\/li>\n<\/ol>\n","protected":false},"excerpt":{"rendered":"<p><strong>Heimish All Clean Balm Mandarin<\/strong> hat die beliebte Formel des Original-Reinigungsbalsams mit der erfrischenden Kombination von Mandarine verbessert. Der Reinigungsbalsam ist ein sanfter Make-up-Entferner auf \u00d6lbasis, der wasserfestes Make-up, Sonnenschutzmittel und andere Verschmutzungen m\u00fchelos entfernt. Die Rezeptur mit Kokosnussextrakt und Sheabutter verleiht der Haut ein gepflegtes, hydratisiertes und vor allem sauberes Gef\u00fchl!<\/p>\n<p><strong>Hauptinhaltsstoffe:<\/strong><\/p>\n<ul>\n<li><strong>Green tea:<\/strong> Ein starkes Antioxidans mit UV-Schutz und entz\u00fcndungshemmenden und antimikrobiellen Eigenschaften. Hilft bei der Behandlung von Rosazea, Akne und atopischer Dermatitis.<\/li>\n<li><strong>Turmeric:<\/strong> Aryuvedisches Heilkraut, bekannt f\u00fcr seine Gelbf\u00e4rbung. Sie hat entz\u00fcndungshemmende, antibakterielle und antioxidative und aufhellende Eigenschaften. Kann helfen, die Talgproduktion zu regulieren.<\/li>\n<li><strong>Shea butter:<\/strong> Versorgt die Haut intensiv mit Feuchtigkeit. Ist reich an Antioxidantien und wirkt regenerierend und beruhigend auf die Haut.<\/li>\n<\/ul>\n","protected":false},"featured_media":9250,"comment_status":"open","ping_status":"closed","template":"","meta":{"content-type":"","site-sidebar-layout":"default","site-content-layout":"","ast-site-content-layout":"default","site-content-style":"default","site-sidebar-style":"default","ast-global-header-display":"","ast-banner-title-visibility":"","ast-main-header-display":"","ast-hfb-above-header-display":"","ast-hfb-below-header-display":"","ast-hfb-mobile-header-display":"","site-post-title":"","ast-breadcrumbs-content":"","ast-featured-img":"","footer-sml-layout":"","ast-disable-related-posts":"","theme-transparent-header-meta":"default","adv-header-id-meta":"","stick-header-meta":"","header-above-stick-meta":"","header-main-stick-meta":"","header-below-stick-meta":"","astra-migrate-meta-layouts":"set","ast-page-background-enabled":"default","ast-page-background-meta":{"desktop":{"background-color":"","background-image":"","background-repeat":"repeat","background-position":"center center","background-size":"auto","background-attachment":"scroll","background-type":"","background-media":"","overlay-type":"","overlay-color":"","overlay-opacity":"","overlay-gradient":""},"tablet":{"background-color":"","background-image":"","background-repeat":"repeat","background-position":"center center","background-size":"auto","background-attachment":"scroll","background-type":"","background-media":"","overlay-type":"","overlay-color":"","overlay-opacity":"","overlay-gradient":""},"mobile":{"background-color":"","background-image":"","background-repeat":"repeat","background-position":"center center","background-size":"auto","background-attachment":"scroll","background-type":"","background-media":"","overlay-type":"","overlay-color":"","overlay-opacity":"","overlay-gradient":""}},"ast-content-background-meta":{"desktop":{"background-color":"var(--ast-global-color-5)","background-image":"","background-repeat":"repeat","background-position":"center center","background-size":"auto","background-attachment":"scroll","background-type":"","background-media":"","overlay-type":"","overlay-color":"","overlay-opacity":"","overlay-gradient":""},"tablet":{"background-color":"var(--ast-global-color-5)","background-image":"","background-repeat":"repeat","background-position":"center center","background-size":"auto","background-attachment":"scroll","background-type":"","background-media":"","overlay-type":"","overlay-color":"","overlay-opacity":"","overlay-gradient":""},"mobile":{"background-color":"var(--ast-global-color-5)","background-image":"","background-repeat":"repeat","background-position":"center center","background-size":"auto","background-attachment":"scroll","background-type":"","background-media":"","overlay-type":"","overlay-color":"","overlay-opacity":"","overlay-gradient":""}}},"product_brand":[],"product_cat":[312,140,31],"product_tag":[64],"class_list":{"0":"post-9244","1":"product","2":"type-product","3":"status-publish","4":"has-post-thumbnail","6":"product_cat-gesichtsreiniger","7":"product_cat-heimish","8":"product_cat-gesicht","9":"product_tag-reinigung","10":"desktop-align-center","11":"tablet-align-center","12":"mobile-align-center","14":"first","15":"outofstock","16":"taxable","17":"shipping-taxable","18":"purchasable","19":"product-type-simple"},"_links":{"self":[{"href":"https:\/\/tomyklou.gr\/de\/wp-json\/wp\/v2\/product\/9244","targetHints":{"allow":["GET"]}}],"collection":[{"href":"https:\/\/tomyklou.gr\/de\/wp-json\/wp\/v2\/product"}],"about":[{"href":"https:\/\/tomyklou.gr\/de\/wp-json\/wp\/v2\/types\/product"}],"replies":[{"embeddable":true,"href":"https:\/\/tomyklou.gr\/de\/wp-json\/wp\/v2\/comments?post=9244"}],"wp:featuredmedia":[{"embeddable":true,"href":"https:\/\/tomyklou.gr\/de\/wp-json\/wp\/v2\/media\/9250"}],"wp:attachment":[{"href":"https:\/\/tomyklou.gr\/de\/wp-json\/wp\/v2\/media?parent=9244"}],"wp:term":[{"taxonomy":"product_brand","embeddable":true,"href":"https:\/\/tomyklou.gr\/de\/wp-json\/wp\/v2\/product_brand?post=9244"},{"taxonomy":"product_cat","embeddable":true,"href":"https:\/\/tomyklou.gr\/de\/wp-json\/wp\/v2\/product_cat?post=9244"},{"taxonomy":"product_tag","embeddable":true,"href":"https:\/\/tomyklou.gr\/de\/wp-json\/wp\/v2\/product_tag?post=9244"}],"curies":[{"name":"wp","href":"https:\/\/api.w.org\/{rel}","templated":true}]}}