{"id":9248,"date":"2023-10-30T21:10:37","date_gmt":"2023-10-30T19:10:37","guid":{"rendered":"https:\/\/tomyklou.gr\/product\/import-placeholder-for-21657\/"},"modified":"2026-02-22T18:30:21","modified_gmt":"2026-02-22T16:30:21","slug":"klavuu-nourishing-care-lip-sleeping-pack-coconut-20g","status":"publish","type":"product","link":"https:\/\/tomyklou.gr\/de\/product\/klavuu-nourishing-care-lip-sleeping-pack-coconut\/","title":{"rendered":"KLAVUU Nourishing Care Lip Sleeping Pack Coconut 20g"},"content":{"rendered":"<h3>Anwendung<\/h3>\n<ol>\n<li>Tragen Sie vor dem Schlafengehen eine angemessene Menge des Produkts auf die Lippen auf.<\/li>\n<li>Wischen Sie die Haut morgens sanft mit einem Taschentuch oder einem Wattepad ab.<\/li>\n<\/ol>\n<h3>Inhaltsstoffe<\/h3>\n<p>Polybutene, Dipentaerythrityl Hexahydroxystearate\/ Hexastearate\/ Hexarosinate, Diisostearyl Malate, Octyldodecanol, Ricinus Communis (Castor) Seed Oil, Methyl Hydrogenated Rosinate, Ceresin, Synthetic Wax, Persea Gratissima (Avocado) Oil, Prunus Amygdalus Dulcis (Sweet Almond) Oil, Prunus Armeniaca (Apricot) Kernel Oil, Pearl Extract, Hydrogenated Castor Oil, Ethylene\/Propylene Copolymer, Beeswax, Disteardimonium Hectorite, Copernicia Cerifera (Carnauba) Wax, Tocopherol, Propylene Carbonate, Water\/Aqua\/Eau, Butylene Glycol, 1,2-Hexanediol, Caprylyl Glycol, Dehydroacetic Acid, Fragrance (Parfum)<\/p>\n<p>*Eine Ver\u00e4nderung der Inhaltsstoffe unterliegt dem Ermessen des Herstellers. Willst du vor dem Kauf ganz sicher gehen? Dann kontaktiere uns f\u00fcr ein Foto der aktuellen Produktverpackung.<\/p>\n<h3>Warnhinweise<\/h3>\n<ol>\n<li>Nur zur \u00e4u\u00dferlichen Anwendung geeignet.<\/li>\n<li>Nicht auf verletzte Haut oder auf Wunden auftragen.<\/li>\n<li>Sollten Nebenwirkungen wie Irritationen oder Ausschlag eintreten, Anwendung sofort beenden und unverz\u00fcglich an einen Arzt wenden.<\/li>\n<li>Kontakt mit den Augen vermeiden. Sollte das Produkt ins Auge gelangen, das Auge sofort gr\u00fcndlich mit klarem Wasser aussp\u00fclen.<\/li>\n<li>Au\u00dfer Reichweite von Kindern aufbewahren.<\/li>\n<li>Nicht schlucken. Bei Verschlucken Arzt oder Giftzentrale aufsuchen.<\/li>\n<\/ol>\n","protected":false},"excerpt":{"rendered":"<p>Regenerierende, balsamartige Lippenmasken f\u00fcr alle Hauttypen.<br \/>\nVerabschieden Sie sich von trockenen, rissigen Lippen mit dem KLAVUU Nourishing Care Lip Sleeping Pack. Die ultra-konditionierenden und feuchtigkeitsspendenden Inhaltsstoffe pflegen die Lippen optimal im Schlaf. Die nicht klebrige, balsamartige Textur der Lippenpackung verschmilzt sanft mit den Lippen und spendet ihnen reichhaltige Feuchtigkeit. Die Formel hat eine nicht fettende Oberfl\u00e4che, sodass Sie sie gro\u00dfz\u00fcgig auftragen k\u00f6nnen, um sofort ein frisches, beruhigendes Gef\u00fchl zu erzielen.<br \/>\nErh\u00e4ltlich in den Sorten Beere, Kokosnuss und Vanille \u2013 jede Sorte bietet unterschiedliche Arten der Lippenpflege:<\/p>\n<p>\u201e<strong>Coconut<\/strong>\u201c ist mit Kokos- und Avocado\u00f6l angereichert und spendet Feuchtigkeit f\u00fcr weiche und geschmeidige Lippen.<\/p>\n","protected":false},"featured_media":9267,"comment_status":"open","ping_status":"closed","template":"","meta":{"content-type":"","site-sidebar-layout":"default","site-content-layout":"","ast-site-content-layout":"default","site-content-style":"default","site-sidebar-style":"default","ast-global-header-display":"","ast-banner-title-visibility":"","ast-main-header-display":"","ast-hfb-above-header-display":"","ast-hfb-below-header-display":"","ast-hfb-mobile-header-display":"","site-post-title":"","ast-breadcrumbs-content":"","ast-featured-img":"","footer-sml-layout":"","ast-disable-related-posts":"","theme-transparent-header-meta":"default","adv-header-id-meta":"","stick-header-meta":"","header-above-stick-meta":"","header-main-stick-meta":"","header-below-stick-meta":"","astra-migrate-meta-layouts":"set","ast-page-background-enabled":"default","ast-page-background-meta":{"desktop":{"background-color":"","background-image":"","background-repeat":"repeat","background-position":"center center","background-size":"auto","background-attachment":"scroll","background-type":"","background-media":"","overlay-type":"","overlay-color":"","overlay-opacity":"","overlay-gradient":""},"tablet":{"background-color":"","background-image":"","background-repeat":"repeat","background-position":"center center","background-size":"auto","background-attachment":"scroll","background-type":"","background-media":"","overlay-type":"","overlay-color":"","overlay-opacity":"","overlay-gradient":""},"mobile":{"background-color":"","background-image":"","background-repeat":"repeat","background-position":"center center","background-size":"auto","background-attachment":"scroll","background-type":"","background-media":"","overlay-type":"","overlay-color":"","overlay-opacity":"","overlay-gradient":""}},"ast-content-background-meta":{"desktop":{"background-color":"var(--ast-global-color-5)","background-image":"","background-repeat":"repeat","background-position":"center center","background-size":"auto","background-attachment":"scroll","background-type":"","background-media":"","overlay-type":"","overlay-color":"","overlay-opacity":"","overlay-gradient":""},"tablet":{"background-color":"var(--ast-global-color-5)","background-image":"","background-repeat":"repeat","background-position":"center center","background-size":"auto","background-attachment":"scroll","background-type":"","background-media":"","overlay-type":"","overlay-color":"","overlay-opacity":"","overlay-gradient":""},"mobile":{"background-color":"var(--ast-global-color-5)","background-image":"","background-repeat":"repeat","background-position":"center center","background-size":"auto","background-attachment":"scroll","background-type":"","background-media":"","overlay-type":"","overlay-color":"","overlay-opacity":"","overlay-gradient":""}}},"product_brand":[],"product_cat":[321,152,31,328],"product_tag":[67],"class_list":{"0":"post-9248","1":"product","2":"type-product","3":"status-publish","4":"has-post-thumbnail","6":"product_cat-spezialbehandlung","7":"product_cat-klavuu","8":"product_cat-gesicht","9":"product_cat-lippenpflege","10":"product_tag-spezialbehandlung","11":"desktop-align-center","12":"tablet-align-center","13":"mobile-align-center","15":"first","16":"outofstock","17":"taxable","18":"shipping-taxable","19":"purchasable","20":"product-type-simple"},"_links":{"self":[{"href":"https:\/\/tomyklou.gr\/de\/wp-json\/wp\/v2\/product\/9248","targetHints":{"allow":["GET"]}}],"collection":[{"href":"https:\/\/tomyklou.gr\/de\/wp-json\/wp\/v2\/product"}],"about":[{"href":"https:\/\/tomyklou.gr\/de\/wp-json\/wp\/v2\/types\/product"}],"replies":[{"embeddable":true,"href":"https:\/\/tomyklou.gr\/de\/wp-json\/wp\/v2\/comments?post=9248"}],"wp:featuredmedia":[{"embeddable":true,"href":"https:\/\/tomyklou.gr\/de\/wp-json\/wp\/v2\/media\/9267"}],"wp:attachment":[{"href":"https:\/\/tomyklou.gr\/de\/wp-json\/wp\/v2\/media?parent=9248"}],"wp:term":[{"taxonomy":"product_brand","embeddable":true,"href":"https:\/\/tomyklou.gr\/de\/wp-json\/wp\/v2\/product_brand?post=9248"},{"taxonomy":"product_cat","embeddable":true,"href":"https:\/\/tomyklou.gr\/de\/wp-json\/wp\/v2\/product_cat?post=9248"},{"taxonomy":"product_tag","embeddable":true,"href":"https:\/\/tomyklou.gr\/de\/wp-json\/wp\/v2\/product_tag?post=9248"}],"curies":[{"name":"wp","href":"https:\/\/api.w.org\/{rel}","templated":true}]}}