{"id":9280,"date":"2023-11-05T23:08:38","date_gmt":"2023-11-05T21:08:38","guid":{"rendered":"https:\/\/tomyklou.gr\/product\/import-placeholder-for-21812\/"},"modified":"2026-02-22T18:30:21","modified_gmt":"2026-02-22T16:30:21","slug":"nacific-pink-ahabha-serum-50ml","status":"publish","type":"product","link":"https:\/\/tomyklou.gr\/de\/product\/nacific-pink-ahabha-serum\/","title":{"rendered":"NACIFIC Pink AHABHA Serum 50ml"},"content":{"rendered":"<h3>Anwendung<\/h3>\n<ol>\n<li>Vor dem Auftragen gut sch\u00fctteln.<\/li>\n<li>Verteile nach der Reinigung und der Tonerpflege eine kleine Menge des Serums auf dem Gesicht und dem Hals und klopfe es sanft ein.<\/li>\n<\/ol>\n<h3>Inhaltsstoffe<\/h3>\n<p>Citrullus Lanatus Fruit Extract, Butylene Glycol, Dipropylene Glycol, Glycereth-26, Glycerin, 1,2-Hexanediol, Isopentyldiol, Niacinamide, Ammonium Acryloyldimethyltaurate\/VP Copolymer, Aqua\/Water, Panthenol, Propanediol, Polyglyceryl-10 Laurate, Dipotassium Glycyrrhizate, Allantoin, Ethylhexylglycerin, Lavandula Angustifolia Oil, Adenosine, Carbomer, Tromethamine, Disodium EDTA, Diphenyl Dimethicone, Triethylhexanoin, Salicylic Acid (100ppm), Citric Acid (100ppm), Polyglyceryl-10 Oleate, Hydrogenated Lecithin, Sodium Hyaluronate, Gardenia Florida Fruit Extract, Cyanocobalamin, Dextrin, Tranexamic Acid, Glutathione, Calamine, Sodium Ascorbyl Phosphate, Melaleuca Alternifolia Leaf Extract, Lactobacillus\/Soybean Ferment Extract, Sodium Hyaluronate Crosspolymer, Hydrolyzed Glycosaminoglycans, Dioscorea Japonica Root Extract, Tremella Fuciformis Extract, Hippophae Rhamnoides Fruit Extract, Benzyl Glycol, Centella Asiatica Extract, Hydrolyzed Hyaluronic Acid, Hyaluronic Acid, Raspberry Ketone, Linalool, Limonene.<\/p>\n<h3>Warnhinweise<\/h3>\n<ol>\n<li>Nur zur \u00e4u\u00dferlichen Anwendung geeignet.<\/li>\n<li>Nicht auf verletzte Haut oder auf Wunden auftragen.<\/li>\n<li>Sollten Nebenwirkungen wie Irritationen oder Ausschlag eintreten, Anwendung sofort beenden und unverz\u00fcglich an einen Arzt wenden.<\/li>\n<li>Kontakt mit den Augen vermeiden. Sollte das Produkt ins Auge gelangen, das Auge sofort gr\u00fcndlich mit klarem Wasser aussp\u00fclen.<\/li>\n<li>Au\u00dfer Reichweite von Kindern aufbewahren.<\/li>\n<li>Nicht schlucken. Bei Verschlucken Arzt oder Giftzentrale aufsuchen<\/li>\n<\/ol>\n","protected":false},"excerpt":{"rendered":"<p>Das <strong>NACIFIC Pink AHA BHA Serum<\/strong> mit AHA-S\u00e4ure und BHA-S\u00e4ure entfernt abgestorbene Hautzellen sanft und kl\u00e4rt die Poren. Zudem versorgt es die Haut intensiv mit Feuchtigkeit und bringt sie zum Strahlen.<\/p>\n<p><strong>Merkmale:<\/strong><\/p>\n<ul>\n<li><strong>Wassermelonenextrakt:<\/strong> spendet Feuchtigkeit und Vitamine<\/li>\n<li><strong>AHA<\/strong> reduziert Pigmentflecken (auch von Aknenarben), Whiteheads und entfernt abgestorbene Hautschuppen<\/li>\n<li><strong>BHA<\/strong> reduziert schwarze Mitesser und reguliert die Talgproduktion<\/li>\n<li><strong>Calamine<\/strong> (rosafarben) wirkt antiseptisch und porenverfeinernd, w\u00e4hrend Hyalurons\u00e4ure zus\u00e4tzliche Feuchtigkeit spendet<\/li>\n<\/ul>\n<p><strong>Hauptzutaten<\/strong><br \/>\nAHA (Zitronens\u00e4ure) 1.000 ppm, BHA (Salicyls\u00e4ure) 1.000 ppm, 70 % und mehr Citrullus Lanatus (Wassermelone) Fruchtextrakt, Calamin, Panthenol, Centella Asiatica-Extrakt, Hyalurons\u00e4ure<\/p>\n","protected":false},"featured_media":9289,"comment_status":"open","ping_status":"closed","template":"","meta":{"content-type":"","site-sidebar-layout":"default","site-content-layout":"","ast-site-content-layout":"default","site-content-style":"default","site-sidebar-style":"default","ast-global-header-display":"","ast-banner-title-visibility":"","ast-main-header-display":"","ast-hfb-above-header-display":"","ast-hfb-below-header-display":"","ast-hfb-mobile-header-display":"","site-post-title":"","ast-breadcrumbs-content":"","ast-featured-img":"","footer-sml-layout":"","ast-disable-related-posts":"","theme-transparent-header-meta":"default","adv-header-id-meta":"","stick-header-meta":"","header-above-stick-meta":"","header-main-stick-meta":"","header-below-stick-meta":"","astra-migrate-meta-layouts":"set","ast-page-background-enabled":"default","ast-page-background-meta":{"desktop":{"background-color":"","background-image":"","background-repeat":"repeat","background-position":"center center","background-size":"auto","background-attachment":"scroll","background-type":"","background-media":"","overlay-type":"","overlay-color":"","overlay-opacity":"","overlay-gradient":""},"tablet":{"background-color":"","background-image":"","background-repeat":"repeat","background-position":"center center","background-size":"auto","background-attachment":"scroll","background-type":"","background-media":"","overlay-type":"","overlay-color":"","overlay-opacity":"","overlay-gradient":""},"mobile":{"background-color":"","background-image":"","background-repeat":"repeat","background-position":"center center","background-size":"auto","background-attachment":"scroll","background-type":"","background-media":"","overlay-type":"","overlay-color":"","overlay-opacity":"","overlay-gradient":""}},"ast-content-background-meta":{"desktop":{"background-color":"var(--ast-global-color-5)","background-image":"","background-repeat":"repeat","background-position":"center center","background-size":"auto","background-attachment":"scroll","background-type":"","background-media":"","overlay-type":"","overlay-color":"","overlay-opacity":"","overlay-gradient":""},"tablet":{"background-color":"var(--ast-global-color-5)","background-image":"","background-repeat":"repeat","background-position":"center center","background-size":"auto","background-attachment":"scroll","background-type":"","background-media":"","overlay-type":"","overlay-color":"","overlay-opacity":"","overlay-gradient":""},"mobile":{"background-color":"var(--ast-global-color-5)","background-image":"","background-repeat":"repeat","background-position":"center center","background-size":"auto","background-attachment":"scroll","background-type":"","background-media":"","overlay-type":"","overlay-color":"","overlay-opacity":"","overlay-gradient":""}}},"product_brand":[],"product_cat":[317,319,281,327,31],"product_tag":[],"class_list":{"0":"post-9280","1":"product","2":"type-product","3":"status-publish","4":"has-post-thumbnail","6":"product_cat-essence-serum-oel","7":"product_cat-gesichtsserum","8":"product_cat-nacific","9":"product_cat-new-arrivals","10":"product_cat-gesicht","11":"desktop-align-center","12":"tablet-align-center","13":"mobile-align-center","15":"first","16":"outofstock","17":"taxable","18":"shipping-taxable","19":"purchasable","20":"product-type-simple"},"_links":{"self":[{"href":"https:\/\/tomyklou.gr\/de\/wp-json\/wp\/v2\/product\/9280","targetHints":{"allow":["GET"]}}],"collection":[{"href":"https:\/\/tomyklou.gr\/de\/wp-json\/wp\/v2\/product"}],"about":[{"href":"https:\/\/tomyklou.gr\/de\/wp-json\/wp\/v2\/types\/product"}],"replies":[{"embeddable":true,"href":"https:\/\/tomyklou.gr\/de\/wp-json\/wp\/v2\/comments?post=9280"}],"wp:featuredmedia":[{"embeddable":true,"href":"https:\/\/tomyklou.gr\/de\/wp-json\/wp\/v2\/media\/9289"}],"wp:attachment":[{"href":"https:\/\/tomyklou.gr\/de\/wp-json\/wp\/v2\/media?parent=9280"}],"wp:term":[{"taxonomy":"product_brand","embeddable":true,"href":"https:\/\/tomyklou.gr\/de\/wp-json\/wp\/v2\/product_brand?post=9280"},{"taxonomy":"product_cat","embeddable":true,"href":"https:\/\/tomyklou.gr\/de\/wp-json\/wp\/v2\/product_cat?post=9280"},{"taxonomy":"product_tag","embeddable":true,"href":"https:\/\/tomyklou.gr\/de\/wp-json\/wp\/v2\/product_tag?post=9280"}],"curies":[{"name":"wp","href":"https:\/\/api.w.org\/{rel}","templated":true}]}}