{"id":9286,"date":"2023-11-05T23:08:38","date_gmt":"2023-11-05T21:08:38","guid":{"rendered":"https:\/\/tomyklou.gr\/product\/import-placeholder-for-21873\/"},"modified":"2026-02-22T18:30:20","modified_gmt":"2026-02-22T16:30:20","slug":"nacific-fresh-herb-origin-mist-serum-100ml","status":"publish","type":"product","link":"https:\/\/tomyklou.gr\/de\/product\/nacific-fresh-herb-origin-mist-serum\/","title":{"rendered":"NACIFIC Fresh Herb Origin Mist Serum 100ml"},"content":{"rendered":"<h3>Anwendung<\/h3>\n<ol>\n<li>Vor dem Auftragen gut sch\u00fctteln.<\/li>\n<li>Verteile nach der Reinigung und der Tonerpflege eine kleine Menge des Serums auf dem Gesicht und dem Hals und klopfe es sanft ein.<\/li>\n<\/ol>\n<h3>Inhaltsstoffe<\/h3>\n<p>Water, Dipropylene Glycol, Glycerin, Cetyl Ethylhexanoate, Ethylhexyl Palmitate, 1,2-Hexanediol, Niacinamide, Caprylyl\/Capryl Glucoside, Sodium Citrate, Sodium Chloride, Panthenol, Citrus Aurantium Bergamia (Bergamot) Fruit Oil, Citrus Aurantium Dulcis (Orange) Peel Oil, Citrus Nobilis (Mandarin Orange) Peel Oil, Citric Acid, Lauryl Methyl Gluceth-10 Hydroxypropyldimonium Chloride, Disodium EDTA, Adenosine, Aloe Barbadensis Leaf Water, Eclipta Prostrata Extract, Eclipta Prostrata Leaf Extract, Polyglyceryl-10 Myristate, Hydroxyacetophenone, Polysilicone-15, Pentylene Glycol, Malva Sylvestris (Mallow) Flower Extract, Origanum Majorana Leaf Extract, Gnaphalium Leontopodium Flower Extract, Achillea Millefolium Extract, Alchemilla Vulgaris Extract, Butylene Glycol, Moringa Oleifera Seed Oil, Caprylyl Glycol, Limnanthes Alba (Meadowfoam) Seed Oil, Caprylic\/Capric Triglyceride, Tocopherol, Phenoxyethanol, Limonene<\/p>\n<h3>Warnhinweise<\/h3>\n<ol>\n<li>Nur zur \u00e4u\u00dferlichen Anwendung geeignet.<\/li>\n<li>Nicht auf verletzte Haut oder auf Wunden auftragen.<\/li>\n<li>Sollten Nebenwirkungen wie Irritationen oder Ausschlag eintreten, Anwendung sofort beenden und unverz\u00fcglich an einen Arzt wenden.<\/li>\n<li>Kontakt mit den Augen vermeiden. Sollte das Produkt ins Auge gelangen, das Auge sofort gr\u00fcndlich mit klarem Wasser aussp\u00fclen.<\/li>\n<li>Au\u00dfer Reichweite von Kindern aufbewahren.<\/li>\n<li>Nicht schlucken. Bei Verschlucken Arzt oder Giftzentrale aufsuchen<\/li>\n<\/ol>\n","protected":false},"excerpt":{"rendered":"<p>Das <strong>NACIFIC Fresh Herb Origin Mist Serum<\/strong> ist mit Aloe-Vera-Blattwasser angereichert, um die Haut mit Feuchtigkeit zu versorgen, und einem verbesserten Komplex, der das Erscheinungsbild von Poren minimiert. Ein t\u00e4glich n\u00e4hrendes und feuchtigkeitsspendendes Serum in Nebelform, das \u00d6l und Feuchtigkeit in der Haut ausgleicht.<\/p>\n<p>Mit einer nicht fettenden Textur, die leicht in die Haut eindringt.<\/p>\n<p>Eine sch\u00f6ne Feuchtigkeitscreme f\u00fcr trockene Haut, die die Haut gesund und strahlend macht.<\/p>\n<p><strong>Eigenschaften:<\/strong><\/p>\n<ul>\n<li><strong>Herb COMPLEX (Pure Herb5 Complex):<\/strong> Feuchtigkeitsspendende Wirkung. Hautschutz.<\/li>\n<li><strong>D-Panthenol<\/strong> St\u00e4rkt die Hautbarriere.<\/li>\n<li><strong>Aloe Vera-Blattwasser (Aloe Barbadensis-Blattwasser) <\/strong> Feuchtigkeitsaufladung.<\/li>\n<li><strong>Orchideenextrakt (Eclipta Prostrata-Extrakt) + Orchideenblatt-Extrakt (Eclipta Prostrata-Blattextrakt) <\/strong> Beruhigt und sch\u00fctzt die Haut.<\/li>\n<li><strong>Niacinamid, Adenosin:<\/strong> Hautaufhellung. Faltenverbesserung.<\/li>\n<\/ul>\n<p><strong>Hauptzutaten<\/strong><br \/>\nPure Herb5 Complex (Gnapallium leontopodium flower extract, mallow flower extract, marjoram leaf extract, yarrow extract, lady&#8217;s mantle extract), aloe vera leaf water, nasturtium extract, nasturtium leaf extract<\/p>\n","protected":false},"featured_media":9317,"comment_status":"open","ping_status":"closed","template":"","meta":{"content-type":"","site-sidebar-layout":"default","site-content-layout":"","ast-site-content-layout":"default","site-content-style":"default","site-sidebar-style":"default","ast-global-header-display":"","ast-banner-title-visibility":"","ast-main-header-display":"","ast-hfb-above-header-display":"","ast-hfb-below-header-display":"","ast-hfb-mobile-header-display":"","site-post-title":"","ast-breadcrumbs-content":"","ast-featured-img":"","footer-sml-layout":"","ast-disable-related-posts":"","theme-transparent-header-meta":"default","adv-header-id-meta":"","stick-header-meta":"","header-above-stick-meta":"","header-main-stick-meta":"","header-below-stick-meta":"","astra-migrate-meta-layouts":"set","ast-page-background-enabled":"default","ast-page-background-meta":{"desktop":{"background-color":"","background-image":"","background-repeat":"repeat","background-position":"center center","background-size":"auto","background-attachment":"scroll","background-type":"","background-media":"","overlay-type":"","overlay-color":"","overlay-opacity":"","overlay-gradient":""},"tablet":{"background-color":"","background-image":"","background-repeat":"repeat","background-position":"center center","background-size":"auto","background-attachment":"scroll","background-type":"","background-media":"","overlay-type":"","overlay-color":"","overlay-opacity":"","overlay-gradient":""},"mobile":{"background-color":"","background-image":"","background-repeat":"repeat","background-position":"center center","background-size":"auto","background-attachment":"scroll","background-type":"","background-media":"","overlay-type":"","overlay-color":"","overlay-opacity":"","overlay-gradient":""}},"ast-content-background-meta":{"desktop":{"background-color":"var(--ast-global-color-5)","background-image":"","background-repeat":"repeat","background-position":"center center","background-size":"auto","background-attachment":"scroll","background-type":"","background-media":"","overlay-type":"","overlay-color":"","overlay-opacity":"","overlay-gradient":""},"tablet":{"background-color":"var(--ast-global-color-5)","background-image":"","background-repeat":"repeat","background-position":"center center","background-size":"auto","background-attachment":"scroll","background-type":"","background-media":"","overlay-type":"","overlay-color":"","overlay-opacity":"","overlay-gradient":""},"mobile":{"background-color":"var(--ast-global-color-5)","background-image":"","background-repeat":"repeat","background-position":"center center","background-size":"auto","background-attachment":"scroll","background-type":"","background-media":"","overlay-type":"","overlay-color":"","overlay-opacity":"","overlay-gradient":""}}},"product_brand":[],"product_cat":[317,319,281,327,31],"product_tag":[],"class_list":{"0":"post-9286","1":"product","2":"type-product","3":"status-publish","4":"has-post-thumbnail","6":"product_cat-essence-serum-oel","7":"product_cat-gesichtsserum","8":"product_cat-nacific","9":"product_cat-new-arrivals","10":"product_cat-gesicht","11":"desktop-align-center","12":"tablet-align-center","13":"mobile-align-center","15":"first","16":"outofstock","17":"taxable","18":"shipping-taxable","19":"purchasable","20":"product-type-simple"},"_links":{"self":[{"href":"https:\/\/tomyklou.gr\/de\/wp-json\/wp\/v2\/product\/9286","targetHints":{"allow":["GET"]}}],"collection":[{"href":"https:\/\/tomyklou.gr\/de\/wp-json\/wp\/v2\/product"}],"about":[{"href":"https:\/\/tomyklou.gr\/de\/wp-json\/wp\/v2\/types\/product"}],"replies":[{"embeddable":true,"href":"https:\/\/tomyklou.gr\/de\/wp-json\/wp\/v2\/comments?post=9286"}],"wp:featuredmedia":[{"embeddable":true,"href":"https:\/\/tomyklou.gr\/de\/wp-json\/wp\/v2\/media\/9317"}],"wp:attachment":[{"href":"https:\/\/tomyklou.gr\/de\/wp-json\/wp\/v2\/media?parent=9286"}],"wp:term":[{"taxonomy":"product_brand","embeddable":true,"href":"https:\/\/tomyklou.gr\/de\/wp-json\/wp\/v2\/product_brand?post=9286"},{"taxonomy":"product_cat","embeddable":true,"href":"https:\/\/tomyklou.gr\/de\/wp-json\/wp\/v2\/product_cat?post=9286"},{"taxonomy":"product_tag","embeddable":true,"href":"https:\/\/tomyklou.gr\/de\/wp-json\/wp\/v2\/product_tag?post=9286"}],"curies":[{"name":"wp","href":"https:\/\/api.w.org\/{rel}","templated":true}]}}