{"id":9341,"date":"2023-11-10T19:18:20","date_gmt":"2023-11-10T17:18:20","guid":{"rendered":"https:\/\/tomyklou.gr\/product\/import-placeholder-for-22154\/"},"modified":"2025-07-21T00:33:50","modified_gmt":"2025-07-20T21:33:50","slug":"torriden-dive-in-soothing-cream-100ml","status":"publish","type":"product","link":"https:\/\/tomyklou.gr\/de\/product\/torriden-dive-in-soothing-cream\/","title":{"rendered":"Torriden DIVE-IN Soothing Cream 100ml"},"content":{"rendered":"<h3>Anwendung<\/h3>\n<ol>\n<li><strong>Als Creme: <\/strong>Eine haselnussgro\u00dfe Menge auf das Gesicht auftragen und sanft einmassieren, bis die Creme eingezogen ist.<\/li>\n<li><strong>Als Schlafmaske:<\/strong>&nbsp;Nach der Essence\/ Serum eine walnussgro\u00dfe Menge auftragen und sanft einmassieren.<\/li>\n<\/ol>\n<h3>Inhaltsstoffe<\/h3>\n<p>Water, Glycerin, Simmondsia Chinensis (Jojoba) Seed Oil, Caprylic\/Capric Triglyceride , Butylene Glycol, Dipropylene Glycol, Cetearyl Alcohol, Ethylhexyl Palmitate, 1,2-Hexanediol, Glyceryl Stearate, Hydrogenated Poly(C6-14 Olefin), Hydrolyzed Hyaluronic Acid, Sodium Hyaluronate, Trehalose, Allantoin, Panthenol , Betaine, Adansonia Digitata Seed Oil, Hydrogenated Rice Bran Oil, Ceramide NP, Ceramide NS, Ceramide AS, Ceramide EOP, Ceramide AP, Phytosphingosine, Stearic Acid, Cholesterol, Thymus Vulgaris (Thyme) Extract, Camellia Sinensis Leaf Extract, Mentha Suaveolens Leaf Extract, Citrus Unshiu Peel Extract, Propanediol, 2,3-Butanediol, Vinyl Dimethicone, Hydrogenated Lecithin, Cetearyl Olivate, Sorbitan Olivate, Sucrose, Carbomer, Tromethamine, Xanthan Gum, Disodium EDTA, Carthamus tinctorius (safflower) flower extract, Ethylhexylglycerin<\/p>\n<h3>Warnhinweise<\/h3>\n<ol>\n<li>Nur zur \u00e4u\u00dferlichen Anwendung geeignet.<\/li>\n<li>Nicht auf verletzte Haut oder auf Wunden auftragen.<\/li>\n<li>Sollten Nebenwirkungen wie Irritationen oder Ausschlag eintreten, Anwendung sofort beenden und unverz\u00fcglich an einen Arzt wenden.<\/li>\n<li>Kontakt mit den Augen vermeiden. Sollte das Produkt ins Auge gelangen, das Auge sofort gr\u00fcndlich mit klarem Wasser aussp\u00fclen.<\/li>\n<li>Au\u00dfer Reichweite von Kindern aufbewahren.<\/li>\n<li>Nicht schlucken. Bei Verschlucken Arzt oder Giftzentrale aufsuchen<\/li>\n<\/ol>\n","protected":false},"excerpt":{"rendered":"<p>Diese Jelly Creme ist ein echter Allrounder! Sie eignet sich ideal als k\u00fchlende, erfrischende Feuchtigkeitspflege und als n\u00e4hrende Schlafmaske gegen strapazierte Haut!<br \/>\nDie spezielle Wirkstoffkombination enth\u00e4lt Hyalurons\u00e4ure in 5 Molekulargewichten, die in verschiedenen Hautschichten als Feuchtigkeitsspender und -binder wirken. Der sensationelle Blue Komplex aus 6 exklusiven Pflanzenenextrakten, wie Borretsch, Kornblume, Muskatellersalbei wirken beruhigend, entz\u00fcndungshemmend, und porenverfeinernd. Aufgrund ihrer heilenden Wirkung werden diese Pflanzen zur Behandlung von Akne, Neurodermitis, Ekzemen und beanspruchter Haut eingesetzt. Die leichte Gelcreme-Textur wirkt erfrischend und schmilzt nach dem Auftragen f\u00f6rmlich dahin! F\u00fcr den Extra-Frischekick kann die DIVE-IN Low Molecular Hyaluronic Acid Soothing Cream im Sommer im K\u00fchlschrank aufbewahrt werden.<br \/>\n<strong>Hauttyp:<\/strong> Alle Hauttypen<\/p>\n<ul>\n<li><strong>Borretsch\u00f6l:<\/strong> Reich an Omega-Fetts\u00e4uren, Vitamin C und Mineralstoffen, wird zur Behandlung von Ekzemen, Neurodermitis und Schuppenflechte.<\/li>\n<li><strong>Kornblume:<\/strong> Wirkt beruhigend, abschwellend, entz\u00fcndungshemmend, regenerierend.<\/li>\n<li><strong>R\u00f6mische Kamille:<\/strong> Verf\u00fcgt \u00fcber antibakterielle, entz\u00fcndungshemmende und wundheilungsf\u00f6rdernde Eigenschaften. Findet Einsatz bei der Behandlung von Akne, Ekzemen, Neurodermitis und beanspruchter Haut.<\/li>\n<li><strong>Muskatellersalbei:<\/strong> Wirkt porenverfeinernd, entz\u00fcndungshemmend und antiseptisch.<\/li>\n<li><strong>Lavendel:<\/strong> Wirkt gegen Hautalterung, unterst\u00fctzt den Heilungsprozess der Haut, beruhigt Hautirritationen.<\/li>\n<li><strong>Hyalurons\u00e4ure:<\/strong> Spendet intensiv Feuchtigkeit, tr\u00e4gt zur Hautstraffung bei und wirkt aufpolsternd.<\/li>\n<\/ul>\n","protected":false},"featured_media":9347,"comment_status":"open","ping_status":"closed","template":"","meta":{"content-type":"","site-sidebar-layout":"default","site-content-layout":"","ast-site-content-layout":"default","site-content-style":"default","site-sidebar-style":"default","ast-global-header-display":"","ast-banner-title-visibility":"","ast-main-header-display":"","ast-hfb-above-header-display":"","ast-hfb-below-header-display":"","ast-hfb-mobile-header-display":"","site-post-title":"","ast-breadcrumbs-content":"","ast-featured-img":"","footer-sml-layout":"","ast-disable-related-posts":"","theme-transparent-header-meta":"default","adv-header-id-meta":"","stick-header-meta":"","header-above-stick-meta":"","header-main-stick-meta":"","header-below-stick-meta":"","astra-migrate-meta-layouts":"set","ast-page-background-enabled":"default","ast-page-background-meta":{"desktop":{"background-color":"","background-image":"","background-repeat":"repeat","background-position":"center center","background-size":"auto","background-attachment":"scroll","background-type":"","background-media":"","overlay-type":"","overlay-color":"","overlay-opacity":"","overlay-gradient":""},"tablet":{"background-color":"","background-image":"","background-repeat":"repeat","background-position":"center center","background-size":"auto","background-attachment":"scroll","background-type":"","background-media":"","overlay-type":"","overlay-color":"","overlay-opacity":"","overlay-gradient":""},"mobile":{"background-color":"","background-image":"","background-repeat":"repeat","background-position":"center center","background-size":"auto","background-attachment":"scroll","background-type":"","background-media":"","overlay-type":"","overlay-color":"","overlay-opacity":"","overlay-gradient":""}},"ast-content-background-meta":{"desktop":{"background-color":"var(--ast-global-color-5)","background-image":"","background-repeat":"repeat","background-position":"center center","background-size":"auto","background-attachment":"scroll","background-type":"","background-media":"","overlay-type":"","overlay-color":"","overlay-opacity":"","overlay-gradient":""},"tablet":{"background-color":"var(--ast-global-color-5)","background-image":"","background-repeat":"repeat","background-position":"center center","background-size":"auto","background-attachment":"scroll","background-type":"","background-media":"","overlay-type":"","overlay-color":"","overlay-opacity":"","overlay-gradient":""},"mobile":{"background-color":"var(--ast-global-color-5)","background-image":"","background-repeat":"repeat","background-position":"center center","background-size":"auto","background-attachment":"scroll","background-type":"","background-media":"","overlay-type":"","overlay-color":"","overlay-opacity":"","overlay-gradient":""}}},"product_brand":[],"product_cat":[322,280,31],"product_tag":[35],"class_list":{"0":"post-9341","1":"product","2":"type-product","3":"status-publish","4":"has-post-thumbnail","6":"product_cat-gesichtscreme","7":"product_cat-torriden","8":"product_cat-gesicht","9":"product_tag-moisturizer","10":"desktop-align-center","11":"tablet-align-center","12":"mobile-align-center","14":"first","15":"outofstock","16":"taxable","17":"shipping-taxable","18":"purchasable","19":"product-type-simple"},"_links":{"self":[{"href":"https:\/\/tomyklou.gr\/de\/wp-json\/wp\/v2\/product\/9341","targetHints":{"allow":["GET"]}}],"collection":[{"href":"https:\/\/tomyklou.gr\/de\/wp-json\/wp\/v2\/product"}],"about":[{"href":"https:\/\/tomyklou.gr\/de\/wp-json\/wp\/v2\/types\/product"}],"replies":[{"embeddable":true,"href":"https:\/\/tomyklou.gr\/de\/wp-json\/wp\/v2\/comments?post=9341"}],"wp:featuredmedia":[{"embeddable":true,"href":"https:\/\/tomyklou.gr\/de\/wp-json\/wp\/v2\/media\/9347"}],"wp:attachment":[{"href":"https:\/\/tomyklou.gr\/de\/wp-json\/wp\/v2\/media?parent=9341"}],"wp:term":[{"taxonomy":"product_brand","embeddable":true,"href":"https:\/\/tomyklou.gr\/de\/wp-json\/wp\/v2\/product_brand?post=9341"},{"taxonomy":"product_cat","embeddable":true,"href":"https:\/\/tomyklou.gr\/de\/wp-json\/wp\/v2\/product_cat?post=9341"},{"taxonomy":"product_tag","embeddable":true,"href":"https:\/\/tomyklou.gr\/de\/wp-json\/wp\/v2\/product_tag?post=9341"}],"curies":[{"name":"wp","href":"https:\/\/api.w.org\/{rel}","templated":true}]}}