{"id":9430,"date":"2023-12-15T00:15:28","date_gmt":"2023-12-14T22:15:28","guid":{"rendered":"https:\/\/tomyklou.gr\/product\/import-placeholder-for-22795\/"},"modified":"2026-02-22T18:28:07","modified_gmt":"2026-02-22T16:28:07","slug":"jkosmec-skin-solution-cica-mask","status":"publish","type":"product","link":"https:\/\/tomyklou.gr\/de\/product\/jkosmec-skin-solution-cica-mask\/","title":{"rendered":"JKosmec Skin Solution CICA Mask"},"content":{"rendered":"<h3>Anwendung<\/h3>\n<ol>\n<li>Verwenden Sie nach der Reinigung einen Toner, um die Hautstruktur zu pflegen.<\/li>\n<li>Entfalten Sie die Maske und legen Sie sie auf Ihr Gesicht, wobei Sie die Augen- und Lippenpartie aussparen.<\/li>\n<li>Nehmen Sie die Maske nach 15-20 Minuten ab und tupfen Sie sie sanft auf die Haut, um die Essenzen vollst\u00e4ndig aufzunehmen.<\/li>\n<\/ol>\n<h3>Hauptinhaltsstoffe<\/h3>\n<p>Water, Glycerin, Betaine, Polysorbate 80, Butylene Glycol, Centella Asiatica Extract (250ppm), Scutellaria Baicalensis Root Extract, Polygonum Cuspidatum Root Extract, Glycyrrhiza Glabra (Licorice) Root Extract, Camellia Sinensis Leaf Extract, Rosmarinus Officinalis (Rosemary) Leaf Extract, Chamomilla Recutita (Matricaria) Flower Extract, Carbomer, Hydroxyethylcellulose, Triethanolamine, Disodium EDTA, 1,2-Hexanediol, Chlorphenesin, Phenoxyethanol, Fragrance<\/p>\n<p>*Eine Ver\u00e4nderung der Inhaltsstoffe unterliegt dem Ermessen des Herstellers. Willst du vor dem Kauf ganz sicher gehen? Dann kontaktiere uns f\u00fcr ein Foto der aktuellen Produktverpackung.<\/p>\n<h3>Warnhinweise<\/h3>\n<ol>\n<li>Nur zur \u00e4u\u00dferlichen Anwendung geeignet.<\/li>\n<li>Nicht auf verletzte Haut oder auf Wunden auftragen.<\/li>\n<li>Sollten Nebenwirkungen wie Irritationen oder Ausschlag eintreten, Anwendung sofort beenden und unverz\u00fcglich an einen Arzt wenden.<\/li>\n<li>Kontakt mit den Augen vermeiden. Sollte das Produkt ins Auge gelangen, das Auge sofort gr\u00fcndlich mit klarem Wasser aussp\u00fclen.<\/li>\n<li>Au\u00dfer Reichweite von Kindern aufbewahren.<\/li>\n<li>Nicht schlucken. Bei Verschlucken Arzt oder Giftzentrale aufsuchen.<\/li>\n<\/ol>\n","protected":false},"excerpt":{"rendered":"<p>Centella Asiatica (CICA) ist bekannt f\u00fcr seine beruhigenden Eigenschaften und bietet sanfte Pflege f\u00fcr empfindliche Haut, ohne sie zu reizen. Die Maske f\u00f6rdert die Aktivierung von Regenerationsprozessen der Haut, um sie gesund und nat\u00fcrlich strahlend zu halten. Der kraftvolle Cica-Inhaltsstoff in der Maske st\u00e4rkt die Hautbarriere. Die reichhaltige Essenz bietet eine st\u00e4rkere Feuchtigkeitsversorgung, um gestresste Haut gesund\u00a0und\u00a0weich zu machen.<\/p>\n<p><strong>Wirkstoffe: Cica (Centella Asiatica-Extrakt)<\/strong>Der nat\u00fcrliche Kr\u00e4uter-Cica-Extrakt bietet zarte Pflege f\u00fcr empfindliche Haut.<\/p>\n<ul>\n<li>Schnelle Beruhigung: Die Maske beruhigt schnell und effektiv die durch \u00e4u\u00dfere Umwelteinfl\u00fcsse gereizte Haut.<\/li>\n<li>Nat\u00fcrliche St\u00e4rke der Haut: Kr\u00e4uterinhaltsstoffe st\u00e4rken die Hautbarriere und verbessern die nat\u00fcrliche Schutzf\u00e4higkeit der Haut.<\/li>\n<li>Leistungsstarke Feuchtigkeitspflege: Reichhaltige Essenz spendet aktiv Feuchtigkeit und gibt trockener Haut Vitalit\u00e4t zur\u00fcck.<\/li>\n<\/ul>\n<p><strong>Hauptfunktion: <\/strong>Beruhigend, feuchtigkeitsspendend<\/p>\n","protected":false},"featured_media":9450,"comment_status":"open","ping_status":"closed","template":"","meta":{"content-type":"","site-sidebar-layout":"default","site-content-layout":"","ast-site-content-layout":"default","site-content-style":"default","site-sidebar-style":"default","ast-global-header-display":"","ast-banner-title-visibility":"","ast-main-header-display":"","ast-hfb-above-header-display":"","ast-hfb-below-header-display":"","ast-hfb-mobile-header-display":"","site-post-title":"","ast-breadcrumbs-content":"","ast-featured-img":"","footer-sml-layout":"","ast-disable-related-posts":"","theme-transparent-header-meta":"default","adv-header-id-meta":"","stick-header-meta":"","header-above-stick-meta":"","header-main-stick-meta":"","header-below-stick-meta":"","astra-migrate-meta-layouts":"set","ast-page-background-enabled":"default","ast-page-background-meta":{"desktop":{"background-color":"","background-image":"","background-repeat":"repeat","background-position":"center center","background-size":"auto","background-attachment":"scroll","background-type":"","background-media":"","overlay-type":"","overlay-color":"","overlay-opacity":"","overlay-gradient":""},"tablet":{"background-color":"","background-image":"","background-repeat":"repeat","background-position":"center center","background-size":"auto","background-attachment":"scroll","background-type":"","background-media":"","overlay-type":"","overlay-color":"","overlay-opacity":"","overlay-gradient":""},"mobile":{"background-color":"","background-image":"","background-repeat":"repeat","background-position":"center center","background-size":"auto","background-attachment":"scroll","background-type":"","background-media":"","overlay-type":"","overlay-color":"","overlay-opacity":"","overlay-gradient":""}},"ast-content-background-meta":{"desktop":{"background-color":"var(--ast-global-color-5)","background-image":"","background-repeat":"repeat","background-position":"center center","background-size":"auto","background-attachment":"scroll","background-type":"","background-media":"","overlay-type":"","overlay-color":"","overlay-opacity":"","overlay-gradient":""},"tablet":{"background-color":"var(--ast-global-color-5)","background-image":"","background-repeat":"repeat","background-position":"center center","background-size":"auto","background-attachment":"scroll","background-type":"","background-media":"","overlay-type":"","overlay-color":"","overlay-opacity":"","overlay-gradient":""},"mobile":{"background-color":"var(--ast-global-color-5)","background-image":"","background-repeat":"repeat","background-position":"center center","background-size":"auto","background-attachment":"scroll","background-type":"","background-media":"","overlay-type":"","overlay-color":"","overlay-opacity":"","overlay-gradient":""}}},"product_brand":[],"product_cat":[316,148,31],"product_tag":[34],"class_list":{"0":"post-9430","1":"product","2":"type-product","3":"status-publish","4":"has-post-thumbnail","6":"product_cat-gesichtsmaske","7":"product_cat-jkosmec","8":"product_cat-gesicht","9":"product_tag-sheet","10":"desktop-align-center","11":"tablet-align-center","12":"mobile-align-center","14":"first","15":"outofstock","16":"taxable","17":"shipping-taxable","18":"purchasable","19":"product-type-simple"},"_links":{"self":[{"href":"https:\/\/tomyklou.gr\/de\/wp-json\/wp\/v2\/product\/9430","targetHints":{"allow":["GET"]}}],"collection":[{"href":"https:\/\/tomyklou.gr\/de\/wp-json\/wp\/v2\/product"}],"about":[{"href":"https:\/\/tomyklou.gr\/de\/wp-json\/wp\/v2\/types\/product"}],"replies":[{"embeddable":true,"href":"https:\/\/tomyklou.gr\/de\/wp-json\/wp\/v2\/comments?post=9430"}],"wp:featuredmedia":[{"embeddable":true,"href":"https:\/\/tomyklou.gr\/de\/wp-json\/wp\/v2\/media\/9450"}],"wp:attachment":[{"href":"https:\/\/tomyklou.gr\/de\/wp-json\/wp\/v2\/media?parent=9430"}],"wp:term":[{"taxonomy":"product_brand","embeddable":true,"href":"https:\/\/tomyklou.gr\/de\/wp-json\/wp\/v2\/product_brand?post=9430"},{"taxonomy":"product_cat","embeddable":true,"href":"https:\/\/tomyklou.gr\/de\/wp-json\/wp\/v2\/product_cat?post=9430"},{"taxonomy":"product_tag","embeddable":true,"href":"https:\/\/tomyklou.gr\/de\/wp-json\/wp\/v2\/product_tag?post=9430"}],"curies":[{"name":"wp","href":"https:\/\/api.w.org\/{rel}","templated":true}]}}