{"id":9433,"date":"2023-12-15T00:15:28","date_gmt":"2023-12-14T22:15:28","guid":{"rendered":"https:\/\/tomyklou.gr\/product\/import-placeholder-for-22813\/"},"modified":"2026-02-22T18:28:08","modified_gmt":"2026-02-22T16:28:08","slug":"jkosmec-skin-solution-moisturizing-hyaluron-face-cream-50ml","status":"publish","type":"product","link":"https:\/\/tomyklou.gr\/de\/product\/jkosmec-skin-solution-moisturizing-hyaluron-face-cream\/","title":{"rendered":"JKosmec Skin Solution Moisturizing Hyaluron Face Cream 50ml"},"content":{"rendered":"<h3>Anwendung<\/h3>\n<ol>\n<li>Verwenden Sie die Ampullencreme morgens und abends als letzten Schritt Ihrer t\u00e4glichen Gesichtspflege.<\/li>\n<li>Tragen Sie die entsprechende Menge Creme auf und massieren Sie Ihr Gesicht sanft, bis die Creme vollst\u00e4ndig eingezogen ist.<\/li>\n<\/ol>\n<h3>Hauptinhaltsstoffe<\/h3>\n<p>Water, Glycerin, Cetyl Ethylhexanoate, Hydrogenated Polydecene, Butylene Glycol, Cetearyl Alcohol, Niacinamide, 1,2-Hexanediol, Polyglyceryl-2 Stearate, Glyceryl Stearate, Vinyl Dimethicone, Synthetic Beewax, Stearyl Alcohol, Stearic Acid, Hydroxyacetophenone, Butyrospermum Parkii (Shea) Butter, Diisostearyl Malate, Tromethamine, Acrylates\/C10-30 Alkyl Acrylate Crosspolymer, Carbomer, Fragrance, Adenosine, Sodium Hyaluronate<\/p>\n<p>*Eine Ver\u00e4nderung der Inhaltsstoffe unterliegt dem Ermessen des Herstellers. Willst du vor dem Kauf ganz sicher gehen? Dann kontaktiere uns f\u00fcr ein Foto der aktuellen Produktverpackung.<\/p>\n<h3>Warnhinweise<\/h3>\n<ol>\n<li>Nur zur \u00e4u\u00dferlichen Anwendung geeignet.<\/li>\n<li>Nicht auf verletzte Haut oder auf Wunden auftragen.<\/li>\n<li>Sollten Nebenwirkungen wie Irritationen oder Ausschlag eintreten, Anwendung sofort beenden und unverz\u00fcglich an einen Arzt wenden.<\/li>\n<li>Kontakt mit den Augen vermeiden. Sollte das Produkt ins Auge gelangen, das Auge sofort gr\u00fcndlich mit klarem Wasser aussp\u00fclen.<\/li>\n<li>Au\u00dfer Reichweite von Kindern aufbewahren.<\/li>\n<li>Nicht schlucken. Bei Verschlucken Arzt oder Giftzentrale aufsuchen.<\/li>\n<\/ol>\n","protected":false},"excerpt":{"rendered":"<p><strong>JKosmec Skin Solution Moisturizing Hyaluron Face Cream<\/strong> Diese Feuchtigkeitscreme enth\u00e4lt Hyaluron, das f\u00fcr essentielle Feuchtigkeit und beruhigende Pflege sorgt. Die Creme stellt den Hydrohaushalt der Haut wieder her und bildet einen Schutzfilm, der Feuchtigkeitsverlust verhindert und der Haut ihr gepflegtes und gesundes Aussehen zur\u00fcckgibt.<\/p>\n<p><strong>Aktive Bestandteile: <\/strong> Hyaluron<\/p>\n<ul>\n<li><strong>Hyaluron:<\/strong> Das in dieser Creme enthaltene Hyaluron versorgt Ihre Haut mit essentieller Feuchtigkeit und beruhigender Pflege. Ihre Haut wird glatt, geschmeidig, gesund und frisch aussehen.<\/li>\n<li><strong>Adenosin:<\/strong> ein Wirkstoff zur Faltenreduzierung.<\/li>\n<li><strong>Niacinamid:<\/strong> ein aufhellender Inhaltsstoff.<\/li>\n<li><strong>Hyalurons\u00e4ure:<\/strong> spendet der Haut tiefe Feuchtigkeit und macht sie glatt, weich und elastisch.<\/li>\n<li><strong>Elastizit\u00e4tsl\u00f6sung:<\/strong> Intensive Gesichtscreme spendet der Haut aktiv Feuchtigkeit und pflegt sie, beh\u00e4lt ihre Elastizit\u00e4t bei und verleiht ihr eine nat\u00fcrliche Ausstrahlung.<\/li>\n<\/ul>\n<p><strong>Hauptfunktion: <\/strong>Feuchtigkeitsspendend<\/p>\n","protected":false},"featured_media":10464,"comment_status":"open","ping_status":"closed","template":"","meta":{"content-type":"","site-sidebar-layout":"default","site-content-layout":"","ast-site-content-layout":"default","site-content-style":"default","site-sidebar-style":"default","ast-global-header-display":"","ast-banner-title-visibility":"","ast-main-header-display":"","ast-hfb-above-header-display":"","ast-hfb-below-header-display":"","ast-hfb-mobile-header-display":"","site-post-title":"","ast-breadcrumbs-content":"","ast-featured-img":"","footer-sml-layout":"","ast-disable-related-posts":"","theme-transparent-header-meta":"default","adv-header-id-meta":"","stick-header-meta":"","header-above-stick-meta":"","header-main-stick-meta":"","header-below-stick-meta":"","astra-migrate-meta-layouts":"set","ast-page-background-enabled":"default","ast-page-background-meta":{"desktop":{"background-color":"","background-image":"","background-repeat":"repeat","background-position":"center center","background-size":"auto","background-attachment":"scroll","background-type":"","background-media":"","overlay-type":"","overlay-color":"","overlay-opacity":"","overlay-gradient":""},"tablet":{"background-color":"","background-image":"","background-repeat":"repeat","background-position":"center center","background-size":"auto","background-attachment":"scroll","background-type":"","background-media":"","overlay-type":"","overlay-color":"","overlay-opacity":"","overlay-gradient":""},"mobile":{"background-color":"","background-image":"","background-repeat":"repeat","background-position":"center center","background-size":"auto","background-attachment":"scroll","background-type":"","background-media":"","overlay-type":"","overlay-color":"","overlay-opacity":"","overlay-gradient":""}},"ast-content-background-meta":{"desktop":{"background-color":"var(--ast-global-color-5)","background-image":"","background-repeat":"repeat","background-position":"center center","background-size":"auto","background-attachment":"scroll","background-type":"","background-media":"","overlay-type":"","overlay-color":"","overlay-opacity":"","overlay-gradient":""},"tablet":{"background-color":"var(--ast-global-color-5)","background-image":"","background-repeat":"repeat","background-position":"center center","background-size":"auto","background-attachment":"scroll","background-type":"","background-media":"","overlay-type":"","overlay-color":"","overlay-opacity":"","overlay-gradient":""},"mobile":{"background-color":"var(--ast-global-color-5)","background-image":"","background-repeat":"repeat","background-position":"center center","background-size":"auto","background-attachment":"scroll","background-type":"","background-media":"","overlay-type":"","overlay-color":"","overlay-opacity":"","overlay-gradient":""}}},"product_brand":[],"product_cat":[322,148,31],"product_tag":[35],"class_list":{"0":"post-9433","1":"product","2":"type-product","3":"status-publish","4":"has-post-thumbnail","6":"product_cat-gesichtscreme","7":"product_cat-jkosmec","8":"product_cat-gesicht","9":"product_tag-moisturizer","10":"desktop-align-center","11":"tablet-align-center","12":"mobile-align-center","14":"first","15":"outofstock","16":"taxable","17":"shipping-taxable","18":"purchasable","19":"product-type-simple"},"_links":{"self":[{"href":"https:\/\/tomyklou.gr\/de\/wp-json\/wp\/v2\/product\/9433","targetHints":{"allow":["GET"]}}],"collection":[{"href":"https:\/\/tomyklou.gr\/de\/wp-json\/wp\/v2\/product"}],"about":[{"href":"https:\/\/tomyklou.gr\/de\/wp-json\/wp\/v2\/types\/product"}],"replies":[{"embeddable":true,"href":"https:\/\/tomyklou.gr\/de\/wp-json\/wp\/v2\/comments?post=9433"}],"wp:featuredmedia":[{"embeddable":true,"href":"https:\/\/tomyklou.gr\/de\/wp-json\/wp\/v2\/media\/10464"}],"wp:attachment":[{"href":"https:\/\/tomyklou.gr\/de\/wp-json\/wp\/v2\/media?parent=9433"}],"wp:term":[{"taxonomy":"product_brand","embeddable":true,"href":"https:\/\/tomyklou.gr\/de\/wp-json\/wp\/v2\/product_brand?post=9433"},{"taxonomy":"product_cat","embeddable":true,"href":"https:\/\/tomyklou.gr\/de\/wp-json\/wp\/v2\/product_cat?post=9433"},{"taxonomy":"product_tag","embeddable":true,"href":"https:\/\/tomyklou.gr\/de\/wp-json\/wp\/v2\/product_tag?post=9433"}],"curies":[{"name":"wp","href":"https:\/\/api.w.org\/{rel}","templated":true}]}}