{"id":9436,"date":"2023-12-15T00:15:29","date_gmt":"2023-12-14T22:15:29","guid":{"rendered":"https:\/\/tomyklou.gr\/product\/import-placeholder-for-22833\/"},"modified":"2026-02-22T18:28:07","modified_gmt":"2026-02-22T16:28:07","slug":"jkosmec-skin-solution-brightening-vitamin-c-serum-32ml","status":"publish","type":"product","link":"https:\/\/tomyklou.gr\/de\/product\/jkosmec-skin-solution-brightening-vitamin-c-serum\/","title":{"rendered":"JKosmec Skin Solution Brightening Vitamin C Serum 32ml"},"content":{"rendered":"<h3>Anwendung<\/h3>\n<ol>\n<li>Waschen und trocknen Sie das Gesicht mit einem Handtuch.<\/li>\n<li>Verwenden Sie das Serum morgens und abends als Teil Ihrer t\u00e4glichen Gesichtspflege, bevor Sie Cremes oder Maskenpackungen auftragen.<\/li>\n<li>Tragen Sie die entsprechende Menge Serum auf Gesicht, Hals und Dekollet\u00e9 auf und massieren Sie es sanft ein, bis es vollst\u00e4ndig eingezogen ist.<\/li>\n<\/ol>\n<h3>Hauptinhaltsstoffe<\/h3>\n<p>Water, Dipropylene Glycol, Phenyl Trimethicone, Niacinamide, Polysorbate 60, 3-0-Ethyl Ascorbic Acid, Butylene Glycol, Cetearyl Olivate, Glyceryl Stearate, Glycerin, PEG-100 Stearate, Sorbitan Olivate, Maltitol, Hydroxyacetophenone, Sodium Acrylate\/Sodium Acryloyldimethyl Taurate Copolymer, Cetyl Alcohol, Isohexadecane Caprylyl Glycol, Polyglyceryl-4 Oleate, Xanthan Gum, Stearyl Alcohol 1,2-Hexanediol Polysorbate 80, Adenosine, Phellodendron Amurense Bark Extract, Astragalus Membranaceus Root Extract, Scutellona Baicalensis Root Extract, Coptis Chinensis Root Extract, Disodium EDTA, Myristyl Alcohol, Tranexamic Acid, Lauryl Alcohol, Limnanthes Alba (Meadowfoam) Seed Oil, Dipotassium Glycyrrhizate, Polyglyceryl-10 Stearate, Dimethicone, Hydrogenated Lecithin, Phytosterols, Tocopherol, Linoleic Acid, Ascorbic Acid, Glycine Soja (Soybean) Oil, Thiamine HCL Retinol,&nbsp;Fragrance<\/p>\n<p>*Eine Ver\u00e4nderung der Inhaltsstoffe unterliegt dem Ermessen des Herstellers. Willst du vor dem Kauf ganz sicher gehen? Dann kontaktiere uns f\u00fcr ein Foto der aktuellen Produktverpackung.<\/p>\n<h3>Warnhinweise<\/h3>\n<ol>\n<li>Nur zur \u00e4u\u00dferlichen Anwendung geeignet.<\/li>\n<li>Nicht auf verletzte Haut oder auf Wunden auftragen.<\/li>\n<li>Sollten Nebenwirkungen wie Irritationen oder Ausschlag eintreten, Anwendung sofort beenden und unverz\u00fcglich an einen Arzt wenden.<\/li>\n<li>Kontakt mit den Augen vermeiden. Sollte das Produkt ins Auge gelangen, das Auge sofort gr\u00fcndlich mit klarem Wasser aussp\u00fclen.<\/li>\n<li>Au\u00dfer Reichweite von Kindern aufbewahren.<\/li>\n<li>Nicht schlucken. Bei Verschlucken Arzt oder Giftzentrale aufsuchen.<\/li>\n<\/ol>\n","protected":false},"excerpt":{"rendered":"<p><strong>JKosmec Brightening <\/strong>Vitamin-C-Serum f\u00fcr Ihre klare und strahlende Haut. Die spezielle Formel der Essenz hilft, Hautunreinheiten zu bek\u00e4mpfen und den Teint zu verbessern, sodass die Haut strahlend und klar wird. Vitamin C weckt die Energie Ihrer Haut und verleiht ihr einen gesunden Glanz. Die leichte Essenz zieht schnell und tief in die Haut ein, ohne sie zu reizen, und bietet alle notwendigen N\u00e4hrstoffe f\u00fcr den ultimativen Glanz der Haut. Es enth\u00e4lt Adenosin und Niacinamid.<\/p>\n<p><strong>Wirkstoffe: <\/strong>Vitamin C<\/p>\n<p><strong>Hauptfunktion: <\/strong>Aufhellung<\/p>\n","protected":false},"featured_media":9944,"comment_status":"open","ping_status":"closed","template":"","meta":{"content-type":"","site-sidebar-layout":"default","site-content-layout":"","ast-site-content-layout":"default","site-content-style":"default","site-sidebar-style":"default","ast-global-header-display":"","ast-banner-title-visibility":"","ast-main-header-display":"","ast-hfb-above-header-display":"","ast-hfb-below-header-display":"","ast-hfb-mobile-header-display":"","site-post-title":"","ast-breadcrumbs-content":"","ast-featured-img":"","footer-sml-layout":"","ast-disable-related-posts":"","theme-transparent-header-meta":"default","adv-header-id-meta":"","stick-header-meta":"","header-above-stick-meta":"","header-main-stick-meta":"","header-below-stick-meta":"","astra-migrate-meta-layouts":"set","ast-page-background-enabled":"default","ast-page-background-meta":{"desktop":{"background-color":"","background-image":"","background-repeat":"repeat","background-position":"center center","background-size":"auto","background-attachment":"scroll","background-type":"","background-media":"","overlay-type":"","overlay-color":"","overlay-opacity":"","overlay-gradient":""},"tablet":{"background-color":"","background-image":"","background-repeat":"repeat","background-position":"center center","background-size":"auto","background-attachment":"scroll","background-type":"","background-media":"","overlay-type":"","overlay-color":"","overlay-opacity":"","overlay-gradient":""},"mobile":{"background-color":"","background-image":"","background-repeat":"repeat","background-position":"center center","background-size":"auto","background-attachment":"scroll","background-type":"","background-media":"","overlay-type":"","overlay-color":"","overlay-opacity":"","overlay-gradient":""}},"ast-content-background-meta":{"desktop":{"background-color":"var(--ast-global-color-5)","background-image":"","background-repeat":"repeat","background-position":"center center","background-size":"auto","background-attachment":"scroll","background-type":"","background-media":"","overlay-type":"","overlay-color":"","overlay-opacity":"","overlay-gradient":""},"tablet":{"background-color":"var(--ast-global-color-5)","background-image":"","background-repeat":"repeat","background-position":"center center","background-size":"auto","background-attachment":"scroll","background-type":"","background-media":"","overlay-type":"","overlay-color":"","overlay-opacity":"","overlay-gradient":""},"mobile":{"background-color":"var(--ast-global-color-5)","background-image":"","background-repeat":"repeat","background-position":"center center","background-size":"auto","background-attachment":"scroll","background-type":"","background-media":"","overlay-type":"","overlay-color":"","overlay-opacity":"","overlay-gradient":""}}},"product_brand":[],"product_cat":[317,319,148,31],"product_tag":[],"class_list":{"0":"post-9436","1":"product","2":"type-product","3":"status-publish","4":"has-post-thumbnail","6":"product_cat-essence-serum-oel","7":"product_cat-gesichtsserum","8":"product_cat-jkosmec","9":"product_cat-gesicht","10":"desktop-align-center","11":"tablet-align-center","12":"mobile-align-center","14":"first","15":"outofstock","16":"taxable","17":"shipping-taxable","18":"purchasable","19":"product-type-simple"},"_links":{"self":[{"href":"https:\/\/tomyklou.gr\/de\/wp-json\/wp\/v2\/product\/9436","targetHints":{"allow":["GET"]}}],"collection":[{"href":"https:\/\/tomyklou.gr\/de\/wp-json\/wp\/v2\/product"}],"about":[{"href":"https:\/\/tomyklou.gr\/de\/wp-json\/wp\/v2\/types\/product"}],"replies":[{"embeddable":true,"href":"https:\/\/tomyklou.gr\/de\/wp-json\/wp\/v2\/comments?post=9436"}],"wp:featuredmedia":[{"embeddable":true,"href":"https:\/\/tomyklou.gr\/de\/wp-json\/wp\/v2\/media\/9944"}],"wp:attachment":[{"href":"https:\/\/tomyklou.gr\/de\/wp-json\/wp\/v2\/media?parent=9436"}],"wp:term":[{"taxonomy":"product_brand","embeddable":true,"href":"https:\/\/tomyklou.gr\/de\/wp-json\/wp\/v2\/product_brand?post=9436"},{"taxonomy":"product_cat","embeddable":true,"href":"https:\/\/tomyklou.gr\/de\/wp-json\/wp\/v2\/product_cat?post=9436"},{"taxonomy":"product_tag","embeddable":true,"href":"https:\/\/tomyklou.gr\/de\/wp-json\/wp\/v2\/product_tag?post=9436"}],"curies":[{"name":"wp","href":"https:\/\/api.w.org\/{rel}","templated":true}]}}