{"id":9564,"date":"2024-01-29T16:51:57","date_gmt":"2024-01-29T14:51:57","guid":{"rendered":"https:\/\/tomyklou.gr\/product\/import-placeholder-for-23560\/"},"modified":"2026-02-22T18:28:06","modified_gmt":"2026-02-22T16:28:06","slug":"iunik-tea-tree-relief-serum-50ml","status":"publish","type":"product","link":"https:\/\/tomyklou.gr\/de\/product\/iunik-tea-tree-relief-serum\/","title":{"rendered":"iUNIK Tea Tree Relief Serum 50ml"},"content":{"rendered":"<h3>Anwendung<\/h3>\n<ol>\n<li>Geben Sie morgens und abends 2-3 Tropfen auf die gereinigte Haut.<\/li>\n<li>Klopfen Sie das Serum in die Haut ein, bis es vollst\u00e4ndig eingezogen ist.<\/li>\n<\/ol>\n<h3>Inhaltsstoffe<\/h3>\n<p>Melaleuca Alternifolia (Tea Tree) Leaf Water, Centella Asiatica Leaf Water, Butylene Glycol, 1,2-Hexanediol, Niacinamide, Glycereth-26, Triticum Vulgare (Wheat) Sprout Extract, Brassica Oleracea Italica (Broccoli) Extract, Portulaca Oleracea Extract, Brassica Oleracea Capitata (Cabbage) Leaf Extract, Medicago Sativa (Alfalfa) Extract, Raphanus Sativus (Radish) Seed Extract, Beta-Glucan, Perilla Frutescens Leaf Extract, Brassica Campestris (Rapeseed) Extract, Aspalathus Linearis Extract, Commiphora Myrrha Resin Extract, Centella Asiatica Extract, Glycyrrhiza Glabra (Licorice) Root Extract, Water, Betaine, Allantoin, Chlorophyllin-Copper Complex, Cellulose Gum, Xanthan Gum, Dipotassium Glycyrrhizate, Adenosine, Sodium Hyaluronate, Glycerin, Pentylene Glycol, Caprylyl Glycol, Ethylhexylglycerin<\/p>\n<h3>Warnhinweise<\/h3>\n<ol>\n<li>Nur zur \u00e4u\u00dferlichen Anwendung geeignet.<\/li>\n<li>Nicht auf verletzte Haut oder auf Wunden auftragen.<\/li>\n<li>Sollten Nebenwirkungen wie Irritationen oder Ausschlag eintreten, Anwendung sofort beenden und unverz\u00fcglich an einen Arzt wenden.<\/li>\n<li>Kontakt mit den Augen vermeiden. Sollte das Produkt ins Auge gelangen, das Auge sofort gr\u00fcndlich mit klarem Wasser aussp\u00fclen.<\/li>\n<li>Au\u00dfer Reichweite von Kindern aufbewahren.<\/li>\n<li>Nicht schlucken. Bei Verschlucken Arzt oder Giftzentrale aufsuchen.<\/li>\n<\/ol>\n","protected":false},"excerpt":{"rendered":"<p>Vitalisieren und sch\u00fctzen Sie Ihre Haut mit dem <strong>Tea Tree Relief Serum von iUNIK<\/strong>, das Teebaumextrakt (67 %) mit Centella Asiatica-Extrakt (19,5 %) kombiniert, um die nat\u00fcrlichen Regenerationsprozesse unreiner und gesch\u00e4digter Haut zu unterst\u00fctzen. Teebaumextrakt ist f\u00fcr seine entz\u00fcndungshemmenden und antibakteriellen Eigenschaften bekannt und eignet sich daher ideal zur Beruhigung gereizter Haut. Zahlreiche Pflanzenextrakte erg\u00e4nzen die Formel des Serums: Es bietet essentielle Feuchtigkeit und N\u00e4hrstoffe, damit die Haut ihren gesunden Glanz wiedererlangt. Das Serum ist f\u00fcr alle Hauttypen geeignet, besonders wohltuend bei Akne und Mischhaut.<\/p>\n<ul>\n<li><strong>67 % Teebaumblattwasser<\/strong> behandelt zahlreiche Hautprobleme mit antibakterieller und entz\u00fcndungshemmender Wirkung und sorgt daf\u00fcr, dass die Haut rein und makellos bleibt.<\/li>\n<li><strong>19,5 % Centella Asiatica-Blattwasser<\/strong> lindert Reizungen empfindlicher Haut und stellt ihr nat\u00fcrliches Gleichgewicht wieder her.<br \/>\nNiacinamid hilft dabei, vergr\u00f6sserte Poren sichtbar zu verkleinern, verbessert einen ungleichm\u00e4ssigen Hautton, mildert feine Linien sowie F\u00e4ltchen und mindert Stumpfheit.<\/li>\n<li><strong>6 patentierte Frischeknospen.<\/strong> Es sch\u00fctzt die Haut vor \u00e4u\u00dferen Reizen und Stress.<\/li>\n<\/ul>\n","protected":false},"featured_media":9565,"comment_status":"open","ping_status":"closed","template":"","meta":{"content-type":"","site-sidebar-layout":"default","site-content-layout":"default","ast-site-content-layout":"default","site-content-style":"default","site-sidebar-style":"default","ast-global-header-display":"","ast-banner-title-visibility":"","ast-main-header-display":"","ast-hfb-above-header-display":"","ast-hfb-below-header-display":"","ast-hfb-mobile-header-display":"","site-post-title":"","ast-breadcrumbs-content":"","ast-featured-img":"","footer-sml-layout":"","ast-disable-related-posts":"","theme-transparent-header-meta":"default","adv-header-id-meta":"","stick-header-meta":"","header-above-stick-meta":"","header-main-stick-meta":"","header-below-stick-meta":"","astra-migrate-meta-layouts":"set","ast-page-background-enabled":"default","ast-page-background-meta":{"desktop":{"background-color":"","background-image":"","background-repeat":"repeat","background-position":"center center","background-size":"auto","background-attachment":"scroll","background-type":"","background-media":"","overlay-type":"","overlay-color":"","overlay-opacity":"","overlay-gradient":""},"tablet":{"background-color":"","background-image":"","background-repeat":"repeat","background-position":"center center","background-size":"auto","background-attachment":"scroll","background-type":"","background-media":"","overlay-type":"","overlay-color":"","overlay-opacity":"","overlay-gradient":""},"mobile":{"background-color":"","background-image":"","background-repeat":"repeat","background-position":"center center","background-size":"auto","background-attachment":"scroll","background-type":"","background-media":"","overlay-type":"","overlay-color":"","overlay-opacity":"","overlay-gradient":""}},"ast-content-background-meta":{"desktop":{"background-color":"var(--ast-global-color-5)","background-image":"","background-repeat":"repeat","background-position":"center center","background-size":"auto","background-attachment":"scroll","background-type":"","background-media":"","overlay-type":"","overlay-color":"","overlay-opacity":"","overlay-gradient":""},"tablet":{"background-color":"var(--ast-global-color-5)","background-image":"","background-repeat":"repeat","background-position":"center center","background-size":"auto","background-attachment":"scroll","background-type":"","background-media":"","overlay-type":"","overlay-color":"","overlay-opacity":"","overlay-gradient":""},"mobile":{"background-color":"var(--ast-global-color-5)","background-image":"","background-repeat":"repeat","background-position":"center center","background-size":"auto","background-attachment":"scroll","background-type":"","background-media":"","overlay-type":"","overlay-color":"","overlay-opacity":"","overlay-gradient":""}}},"product_brand":[],"product_cat":[317,319,147,31],"product_tag":[],"class_list":{"0":"post-9564","1":"product","2":"type-product","3":"status-publish","4":"has-post-thumbnail","6":"product_cat-essence-serum-oel","7":"product_cat-gesichtsserum","8":"product_cat-iunik","9":"product_cat-gesicht","10":"desktop-align-center","11":"tablet-align-center","12":"mobile-align-center","14":"first","15":"outofstock","16":"taxable","17":"shipping-taxable","18":"purchasable","19":"product-type-simple"},"_links":{"self":[{"href":"https:\/\/tomyklou.gr\/de\/wp-json\/wp\/v2\/product\/9564","targetHints":{"allow":["GET"]}}],"collection":[{"href":"https:\/\/tomyklou.gr\/de\/wp-json\/wp\/v2\/product"}],"about":[{"href":"https:\/\/tomyklou.gr\/de\/wp-json\/wp\/v2\/types\/product"}],"replies":[{"embeddable":true,"href":"https:\/\/tomyklou.gr\/de\/wp-json\/wp\/v2\/comments?post=9564"}],"wp:featuredmedia":[{"embeddable":true,"href":"https:\/\/tomyklou.gr\/de\/wp-json\/wp\/v2\/media\/9565"}],"wp:attachment":[{"href":"https:\/\/tomyklou.gr\/de\/wp-json\/wp\/v2\/media?parent=9564"}],"wp:term":[{"taxonomy":"product_brand","embeddable":true,"href":"https:\/\/tomyklou.gr\/de\/wp-json\/wp\/v2\/product_brand?post=9564"},{"taxonomy":"product_cat","embeddable":true,"href":"https:\/\/tomyklou.gr\/de\/wp-json\/wp\/v2\/product_cat?post=9564"},{"taxonomy":"product_tag","embeddable":true,"href":"https:\/\/tomyklou.gr\/de\/wp-json\/wp\/v2\/product_tag?post=9564"}],"curies":[{"name":"wp","href":"https:\/\/api.w.org\/{rel}","templated":true}]}}