{"id":9693,"date":"2024-02-16T15:56:13","date_gmt":"2024-02-16T13:56:13","guid":{"rendered":"https:\/\/tomyklou.gr\/product\/import-placeholder-for-24124\/"},"modified":"2026-02-22T18:28:05","modified_gmt":"2026-02-22T16:28:05","slug":"skinfood-pear-mint-food-mask","status":"publish","type":"product","link":"https:\/\/tomyklou.gr\/de\/product\/skinfood-apricot-food-mask\/","title":{"rendered":"Skinfood Apricot Food Mask 120g"},"content":{"rendered":"<h3>Anwendung<\/h3>\n<ol>\n<li>Nach der Reinigung eine angemessene Menge der Maske auf das Gesicht auftragen (die Augen- und Mundpartie aussparen).<\/li>\n<li>Nach 5-10 Minuten mit warmem Wasser abwaschen.<\/li>\n<\/ol>\n<h3>Inhaltsstoffe<\/h3>\n<p>Water, Glycerin, Prunus Armeniaca (Apricot) Fruit Extract, Kaolin, Ethylhexyl Palmitate, Silica, Glyceryl Stearate, Cetearyl Alcohol, Calamine, Polyglyceryl-3 Methylglucose Distearate, Hydroxyethyl Acrylate\/Sodium Acryloyldimethyl Taurate Copolymer, Ammonium Acryloyldimethyltaurate\/Vp Copolymer, Lactobacillus\/Hibiscus Sabdariffa Flower Ferment Filtrate, Peucedanum Graveolens (Dill) Extract, C12-14 Pareth-12, Polyvinyl Alcohol, Palmitic Acid, Stearic Acid, Xanthan Gum, Citric Acid, Sorbitan Isostearate, Butylene Glycol, 1,2-Hexanediol, Ethylhexylglycerin, Caprylyl Glycol, CI 15985, Fragrance<\/p>\n<h3>Warnhinweise<\/h3>\n<ol>\n<li style=\"list-style-type: none\">\n<ol>\n<li>Nur zur \u00e4u\u00dferlichen Anwendung geeignet.<\/li>\n<li>Nicht auf verletzte Haut oder auf Wunden auftragen.<\/li>\n<li>Sollten Nebenwirkungen wie Irritationen oder Ausschlag eintreten, Anwendung sofort beenden und unverz\u00fcglich an einen Arzt wenden.<\/li>\n<li>Kontakt mit den Augen vermeiden. Sollte das Produkt ins Auge gelangen, das Auge sofort gr\u00fcndlich mit klarem Wasser aussp\u00fclen.<\/li>\n<li>Au\u00dfer Reichweite von Kindern aufbewahren.<\/li>\n<li>Nicht schlucken. Bei Verschlucken Arzt oder Giftzentrale aufsuchen.<\/li>\n<\/ol>\n<\/li>\n<\/ol>\n","protected":false},"excerpt":{"rendered":"<p>Die <strong>Skinfood Apricot Food Mask<\/strong> ist eine Multitasking-Abwaschmaske, die beruhigt, Feuchtigkeit spendet, tief reinigt und hilft, die \u00d6lproduktion zu regulieren &#8211; alles in einem. Verwenden Sie die Maske immer dann, wenn sich die Haut gereizt anf\u00fchlt, besonders nach dem Tragen der Maske &#8211; und es dauert nur 5 Minuten! 10% Aprikosenextrakt und Calamin wirken zusammen, um empfindliche Haut vor Irritationen zu beruhigen und helfen, R\u00f6tungen zu lindern. Aprikosen sind reich an Antioxidantien, die helfen, Anzeichen der Hautalterung zu bek\u00e4mpfen und wirken als ausgezeichneter hautberuhigender Inhaltsstoff. F\u00fcr den Extrakt von Skinfood werden sonnenverw\u00f6hnte t\u00fcrkische Aprikosen verwendet, die ein pflanzenmedizinisches Extraktions- und Kaltaus Kochungsverfahren durchlaufen, um die N\u00e4hrstoffe und Vorteile der Aprikose besser zu erhalten. Kaolin, eine Art Tonerde, enth\u00e4lt Mineralien, die \u00fcbersch\u00fcssigen Talg und Schmutz von der Haut absorbieren und so f\u00fcr eine tiefere Reinigung sorgen und die Poren kl\u00e4ren. Kaolin f\u00f6rdert die Feuchtigkeitsaufnahme, so dass sich Ihre Haut nach dem Abwaschen nicht mehr angespannt anf\u00fchlt. Hibiskus Bl\u00fctenextrakt hilft au\u00dferdem, das Hautbild zu gl\u00e4tten.<\/p>\n","protected":false},"featured_media":9714,"comment_status":"open","ping_status":"closed","template":"","meta":{"content-type":"","site-sidebar-layout":"default","site-content-layout":"default","ast-site-content-layout":"default","site-content-style":"default","site-sidebar-style":"default","ast-global-header-display":"","ast-banner-title-visibility":"","ast-main-header-display":"","ast-hfb-above-header-display":"","ast-hfb-below-header-display":"","ast-hfb-mobile-header-display":"","site-post-title":"","ast-breadcrumbs-content":"","ast-featured-img":"","footer-sml-layout":"","ast-disable-related-posts":"","theme-transparent-header-meta":"default","adv-header-id-meta":"","stick-header-meta":"","header-above-stick-meta":"","header-main-stick-meta":"","header-below-stick-meta":"","astra-migrate-meta-layouts":"set","ast-page-background-enabled":"default","ast-page-background-meta":{"desktop":{"background-color":"","background-image":"","background-repeat":"repeat","background-position":"center center","background-size":"auto","background-attachment":"scroll","background-type":"","background-media":"","overlay-type":"","overlay-color":"","overlay-opacity":"","overlay-gradient":""},"tablet":{"background-color":"","background-image":"","background-repeat":"repeat","background-position":"center center","background-size":"auto","background-attachment":"scroll","background-type":"","background-media":"","overlay-type":"","overlay-color":"","overlay-opacity":"","overlay-gradient":""},"mobile":{"background-color":"","background-image":"","background-repeat":"repeat","background-position":"center center","background-size":"auto","background-attachment":"scroll","background-type":"","background-media":"","overlay-type":"","overlay-color":"","overlay-opacity":"","overlay-gradient":""}},"ast-content-background-meta":{"desktop":{"background-color":"var(--ast-global-color-5)","background-image":"","background-repeat":"repeat","background-position":"center center","background-size":"auto","background-attachment":"scroll","background-type":"","background-media":"","overlay-type":"","overlay-color":"","overlay-opacity":"","overlay-gradient":""},"tablet":{"background-color":"var(--ast-global-color-5)","background-image":"","background-repeat":"repeat","background-position":"center center","background-size":"auto","background-attachment":"scroll","background-type":"","background-media":"","overlay-type":"","overlay-color":"","overlay-opacity":"","overlay-gradient":""},"mobile":{"background-color":"var(--ast-global-color-5)","background-image":"","background-repeat":"repeat","background-position":"center center","background-size":"auto","background-attachment":"scroll","background-type":"","background-media":"","overlay-type":"","overlay-color":"","overlay-opacity":"","overlay-gradient":""}}},"product_brand":[],"product_cat":[314,316,168,31],"product_tag":[34],"class_list":{"0":"post-9693","1":"product","2":"type-product","3":"status-publish","4":"has-post-thumbnail","6":"product_cat-gesichtspeeling","7":"product_cat-gesichtsmaske","8":"product_cat-skin-food","9":"product_cat-gesicht","10":"product_tag-sheet","11":"desktop-align-center","12":"tablet-align-center","13":"mobile-align-center","15":"first","16":"outofstock","17":"taxable","18":"shipping-taxable","19":"purchasable","20":"product-type-simple"},"_links":{"self":[{"href":"https:\/\/tomyklou.gr\/de\/wp-json\/wp\/v2\/product\/9693","targetHints":{"allow":["GET"]}}],"collection":[{"href":"https:\/\/tomyklou.gr\/de\/wp-json\/wp\/v2\/product"}],"about":[{"href":"https:\/\/tomyklou.gr\/de\/wp-json\/wp\/v2\/types\/product"}],"replies":[{"embeddable":true,"href":"https:\/\/tomyklou.gr\/de\/wp-json\/wp\/v2\/comments?post=9693"}],"wp:featuredmedia":[{"embeddable":true,"href":"https:\/\/tomyklou.gr\/de\/wp-json\/wp\/v2\/media\/9714"}],"wp:attachment":[{"href":"https:\/\/tomyklou.gr\/de\/wp-json\/wp\/v2\/media?parent=9693"}],"wp:term":[{"taxonomy":"product_brand","embeddable":true,"href":"https:\/\/tomyklou.gr\/de\/wp-json\/wp\/v2\/product_brand?post=9693"},{"taxonomy":"product_cat","embeddable":true,"href":"https:\/\/tomyklou.gr\/de\/wp-json\/wp\/v2\/product_cat?post=9693"},{"taxonomy":"product_tag","embeddable":true,"href":"https:\/\/tomyklou.gr\/de\/wp-json\/wp\/v2\/product_tag?post=9693"}],"curies":[{"name":"wp","href":"https:\/\/api.w.org\/{rel}","templated":true}]}}