{"id":9694,"date":"2024-02-16T15:56:14","date_gmt":"2024-02-16T13:56:14","guid":{"rendered":"https:\/\/tomyklou.gr\/product\/import-placeholder-for-24136\/"},"modified":"2026-02-22T18:28:04","modified_gmt":"2026-02-22T16:28:04","slug":"skinfood-lavender-food-mask-120g","status":"publish","type":"product","link":"https:\/\/tomyklou.gr\/de\/product\/skinfood-lavender-food-mask\/","title":{"rendered":"Skinfood Lavender Food Mask 120g"},"content":{"rendered":"<h3>Anwendung<\/h3>\n<ol>\n<li>Nach der Reinigung eine angemessene Menge der Maske auf das Gesicht auftragen (die Augen- und Mundpartie aussparen).<\/li>\n<li>Nach 5-10 Minuten mit warmem Wasser abwaschen.<\/li>\n<\/ol>\n<h3>Inhaltsstoffe<\/h3>\n<p>Water, Glycerin, Lavandula Angustifolia (Lavender) Flower Water, Butylene Glycol, Panthenol, C12-14 Pareth 12, Portulaca Oleracea Extract, Lavandula Angustifolia (Lavender) Flowe, Lactobacillus \/Hibiscus Sabdariffa Flower Ferment Filtrate, Peucedanum Graveolens (Dill) Extract, Carbomer, Sodium Hyaluronate, Ammonium Acryloyldimethyltaurate\/ VP Copolymer, Glyceryl Acrylate\/Acrylic Acid Copolymer, Tromethamine, Sodium Phytate, 1,2-Hexanediol, Ethylhexylglycerin, CI 17200, CI 42090, Fragrance<\/p>\n<h3>Warnhinweise<\/h3>\n<ol>\n<li style=\"list-style-type: none\">\n<ol>\n<li>Nur zur \u00e4u\u00dferlichen Anwendung geeignet.<\/li>\n<li>Nicht auf verletzte Haut oder auf Wunden auftragen.<\/li>\n<li>Sollten Nebenwirkungen wie Irritationen oder Ausschlag eintreten, Anwendung sofort beenden und unverz\u00fcglich an einen Arzt wenden.<\/li>\n<li>Kontakt mit den Augen vermeiden. Sollte das Produkt ins Auge gelangen, das Auge sofort gr\u00fcndlich mit klarem Wasser aussp\u00fclen.<\/li>\n<li>Au\u00dfer Reichweite von Kindern aufbewahren.<\/li>\n<li>Nicht schlucken. Bei Verschlucken Arzt oder Giftzentrale aufsuchen.<\/li>\n<\/ol>\n<\/li>\n<\/ol>\n","protected":false},"excerpt":{"rendered":"<p>Die <strong>SKINFOOD Lavender Food Mask<\/strong> versorgt deine Haut in wenigen Minuten intensiv mit Feuchtigkeit und beruhigt gereizte Haut. Die Maske mit gelartiger Textur enth\u00e4lt 10% Lavendelbl\u00fctenwasser und Panthenol, versorgt die Haut mit viel Feuchtigkeit, wirkt antientz\u00fcndlich und kr\u00e4ftigt die Hautbarriere. Lavendel ist bekannt f\u00fcr seine antientz\u00fcndlichen und antioxidativen Eigenschaften. Qualitativ hochwertige Bl\u00fcten aus der Provence werden zu klaren Extrakten destilliert und schonend weiterverarbeitet, um die pflegenden Eigenschaften zu erhalten.<\/p>\n<p><strong>TIPP:<\/strong> F\u00fcr einen zus\u00e4tzlichen K\u00fchleffekt im K\u00fchlschrank aufbewahren.<br \/>\n<strong>Hauptinhaltsstoffe:<\/strong> Portulaca Oleracea Extract, Glycerin, Panthenol<\/p>\n","protected":false},"featured_media":9718,"comment_status":"open","ping_status":"closed","template":"","meta":{"content-type":"","site-sidebar-layout":"default","site-content-layout":"default","ast-site-content-layout":"default","site-content-style":"default","site-sidebar-style":"default","ast-global-header-display":"","ast-banner-title-visibility":"","ast-main-header-display":"","ast-hfb-above-header-display":"","ast-hfb-below-header-display":"","ast-hfb-mobile-header-display":"","site-post-title":"","ast-breadcrumbs-content":"","ast-featured-img":"","footer-sml-layout":"","ast-disable-related-posts":"","theme-transparent-header-meta":"default","adv-header-id-meta":"","stick-header-meta":"","header-above-stick-meta":"","header-main-stick-meta":"","header-below-stick-meta":"","astra-migrate-meta-layouts":"set","ast-page-background-enabled":"default","ast-page-background-meta":{"desktop":{"background-color":"","background-image":"","background-repeat":"repeat","background-position":"center center","background-size":"auto","background-attachment":"scroll","background-type":"","background-media":"","overlay-type":"","overlay-color":"","overlay-opacity":"","overlay-gradient":""},"tablet":{"background-color":"","background-image":"","background-repeat":"repeat","background-position":"center center","background-size":"auto","background-attachment":"scroll","background-type":"","background-media":"","overlay-type":"","overlay-color":"","overlay-opacity":"","overlay-gradient":""},"mobile":{"background-color":"","background-image":"","background-repeat":"repeat","background-position":"center center","background-size":"auto","background-attachment":"scroll","background-type":"","background-media":"","overlay-type":"","overlay-color":"","overlay-opacity":"","overlay-gradient":""}},"ast-content-background-meta":{"desktop":{"background-color":"var(--ast-global-color-5)","background-image":"","background-repeat":"repeat","background-position":"center center","background-size":"auto","background-attachment":"scroll","background-type":"","background-media":"","overlay-type":"","overlay-color":"","overlay-opacity":"","overlay-gradient":""},"tablet":{"background-color":"var(--ast-global-color-5)","background-image":"","background-repeat":"repeat","background-position":"center center","background-size":"auto","background-attachment":"scroll","background-type":"","background-media":"","overlay-type":"","overlay-color":"","overlay-opacity":"","overlay-gradient":""},"mobile":{"background-color":"var(--ast-global-color-5)","background-image":"","background-repeat":"repeat","background-position":"center center","background-size":"auto","background-attachment":"scroll","background-type":"","background-media":"","overlay-type":"","overlay-color":"","overlay-opacity":"","overlay-gradient":""}}},"product_brand":[],"product_cat":[316,168,31],"product_tag":[34],"class_list":{"0":"post-9694","1":"product","2":"type-product","3":"status-publish","4":"has-post-thumbnail","6":"product_cat-gesichtsmaske","7":"product_cat-skin-food","8":"product_cat-gesicht","9":"product_tag-sheet","10":"desktop-align-center","11":"tablet-align-center","12":"mobile-align-center","14":"first","15":"outofstock","16":"taxable","17":"shipping-taxable","18":"purchasable","19":"product-type-simple"},"_links":{"self":[{"href":"https:\/\/tomyklou.gr\/de\/wp-json\/wp\/v2\/product\/9694","targetHints":{"allow":["GET"]}}],"collection":[{"href":"https:\/\/tomyklou.gr\/de\/wp-json\/wp\/v2\/product"}],"about":[{"href":"https:\/\/tomyklou.gr\/de\/wp-json\/wp\/v2\/types\/product"}],"replies":[{"embeddable":true,"href":"https:\/\/tomyklou.gr\/de\/wp-json\/wp\/v2\/comments?post=9694"}],"wp:featuredmedia":[{"embeddable":true,"href":"https:\/\/tomyklou.gr\/de\/wp-json\/wp\/v2\/media\/9718"}],"wp:attachment":[{"href":"https:\/\/tomyklou.gr\/de\/wp-json\/wp\/v2\/media?parent=9694"}],"wp:term":[{"taxonomy":"product_brand","embeddable":true,"href":"https:\/\/tomyklou.gr\/de\/wp-json\/wp\/v2\/product_brand?post=9694"},{"taxonomy":"product_cat","embeddable":true,"href":"https:\/\/tomyklou.gr\/de\/wp-json\/wp\/v2\/product_cat?post=9694"},{"taxonomy":"product_tag","embeddable":true,"href":"https:\/\/tomyklou.gr\/de\/wp-json\/wp\/v2\/product_tag?post=9694"}],"curies":[{"name":"wp","href":"https:\/\/api.w.org\/{rel}","templated":true}]}}