{"id":9695,"date":"2024-02-16T15:56:14","date_gmt":"2024-02-16T13:56:14","guid":{"rendered":"https:\/\/tomyklou.gr\/product\/import-placeholder-for-24144\/"},"modified":"2026-02-22T18:28:04","modified_gmt":"2026-02-22T16:28:04","slug":"skinfood-lemon-dill-butter-food-mask-120g","status":"publish","type":"product","link":"https:\/\/tomyklou.gr\/de\/product\/skinfood-lemon-dill-butter-food-mask\/","title":{"rendered":"Skinfood Lemon Dill Butter Food Mask 120g"},"content":{"rendered":"<h3>Anwendung<\/h3>\n<ol>\n<li>Nach der Reinigung eine angemessene Menge der Maske auf das Gesicht auftragen (die Augen- und Mundpartie aussparen).<\/li>\n<li>Nach 5-10 Minuten mit warmem Wasser abwaschen.<\/li>\n<\/ol>\n<h3>Inhaltsstoffe<\/h3>\n<p>Water, Citrus Limon Fruit Extract (10%), Glycerin, Methylpropanediol, Bentonite, Kaolin, Magnesium Aluminum Silicate, Cetearyl Olivate, Caprylic\/Capric Triglyceride, Palmitic Acid, Polyvinyl Alcohol, Stearic Acid, Sorbitan Olivate, Cetearyl Alcohol, Glyceryl Monostearate, Cetyl Alcohol, Juglans Regia Shell Powder, Sorbitan Stearate, Anethum Graveolens Leaf Powder (2,800ppm), Butyrospermum Parkii Butter (1,003ppm), Niacinamide, Disodium EDTA, Xanthan Gum, Allantoin, Peucedanum Graveolens Extract (200ppm), Lactobacillus\/Hibiscus Sabdariffa Flower Ferment Filtrate, Butylene Glycol, Hydrogenated Lecithin, Mangifera Indica Seed Butter (3,000ppb), Theobroma Cacao Seed Butter (3,000ppb), 1,2-Hexanediol, Ethylhexylglycerin, Titanium Dioxide, Iron Oxide Yellow, Fragrance<\/p>\n<h3>Warnhinweise<\/h3>\n<ol>\n<li style=\"list-style-type: none\">\n<ol>\n<li>Nur zur \u00e4u\u00dferlichen Anwendung geeignet.<\/li>\n<li>Nicht auf verletzte Haut oder auf Wunden auftragen.<\/li>\n<li>Sollten Nebenwirkungen wie Irritationen oder Ausschlag eintreten, Anwendung sofort beenden und unverz\u00fcglich an einen Arzt wenden.<\/li>\n<li>Kontakt mit den Augen vermeiden. Sollte das Produkt ins Auge gelangen, das Auge sofort gr\u00fcndlich mit klarem Wasser aussp\u00fclen.<\/li>\n<li>Au\u00dfer Reichweite von Kindern aufbewahren.<\/li>\n<li>Nicht schlucken. Bei Verschlucken Arzt oder Giftzentrale aufsuchen.<\/li>\n<\/ol>\n<\/li>\n<\/ol>\n","protected":false},"excerpt":{"rendered":"<p>Diese Maske spendet Feuchtigkeit und hilft, die Haut aufzuhellen. Enth\u00e4lt Zitronenextrakt, Niacinamid, Dillbl\u00e4tter und drei Arten pflanzlicher Butter, um die Vitalit\u00e4t der Haut zu steigern. Verf\u00fcgt \u00fcber einen erfrischenden Zitronenduft. Weiche Buttertextur mit feinem Dillpulver.<\/p>\n","protected":false},"featured_media":9722,"comment_status":"open","ping_status":"closed","template":"","meta":{"content-type":"","site-sidebar-layout":"default","site-content-layout":"default","ast-site-content-layout":"default","site-content-style":"default","site-sidebar-style":"default","ast-global-header-display":"","ast-banner-title-visibility":"","ast-main-header-display":"","ast-hfb-above-header-display":"","ast-hfb-below-header-display":"","ast-hfb-mobile-header-display":"","site-post-title":"","ast-breadcrumbs-content":"","ast-featured-img":"","footer-sml-layout":"","ast-disable-related-posts":"","theme-transparent-header-meta":"default","adv-header-id-meta":"","stick-header-meta":"","header-above-stick-meta":"","header-main-stick-meta":"","header-below-stick-meta":"","astra-migrate-meta-layouts":"set","ast-page-background-enabled":"default","ast-page-background-meta":{"desktop":{"background-color":"","background-image":"","background-repeat":"repeat","background-position":"center center","background-size":"auto","background-attachment":"scroll","background-type":"","background-media":"","overlay-type":"","overlay-color":"","overlay-opacity":"","overlay-gradient":""},"tablet":{"background-color":"","background-image":"","background-repeat":"repeat","background-position":"center center","background-size":"auto","background-attachment":"scroll","background-type":"","background-media":"","overlay-type":"","overlay-color":"","overlay-opacity":"","overlay-gradient":""},"mobile":{"background-color":"","background-image":"","background-repeat":"repeat","background-position":"center center","background-size":"auto","background-attachment":"scroll","background-type":"","background-media":"","overlay-type":"","overlay-color":"","overlay-opacity":"","overlay-gradient":""}},"ast-content-background-meta":{"desktop":{"background-color":"var(--ast-global-color-5)","background-image":"","background-repeat":"repeat","background-position":"center center","background-size":"auto","background-attachment":"scroll","background-type":"","background-media":"","overlay-type":"","overlay-color":"","overlay-opacity":"","overlay-gradient":""},"tablet":{"background-color":"var(--ast-global-color-5)","background-image":"","background-repeat":"repeat","background-position":"center center","background-size":"auto","background-attachment":"scroll","background-type":"","background-media":"","overlay-type":"","overlay-color":"","overlay-opacity":"","overlay-gradient":""},"mobile":{"background-color":"var(--ast-global-color-5)","background-image":"","background-repeat":"repeat","background-position":"center center","background-size":"auto","background-attachment":"scroll","background-type":"","background-media":"","overlay-type":"","overlay-color":"","overlay-opacity":"","overlay-gradient":""}}},"product_brand":[],"product_cat":[314,316,168,31],"product_tag":[34],"class_list":{"0":"post-9695","1":"product","2":"type-product","3":"status-publish","4":"has-post-thumbnail","6":"product_cat-gesichtspeeling","7":"product_cat-gesichtsmaske","8":"product_cat-skin-food","9":"product_cat-gesicht","10":"product_tag-sheet","11":"desktop-align-center","12":"tablet-align-center","13":"mobile-align-center","15":"first","16":"outofstock","17":"taxable","18":"shipping-taxable","19":"purchasable","20":"product-type-simple"},"_links":{"self":[{"href":"https:\/\/tomyklou.gr\/de\/wp-json\/wp\/v2\/product\/9695","targetHints":{"allow":["GET"]}}],"collection":[{"href":"https:\/\/tomyklou.gr\/de\/wp-json\/wp\/v2\/product"}],"about":[{"href":"https:\/\/tomyklou.gr\/de\/wp-json\/wp\/v2\/types\/product"}],"replies":[{"embeddable":true,"href":"https:\/\/tomyklou.gr\/de\/wp-json\/wp\/v2\/comments?post=9695"}],"wp:featuredmedia":[{"embeddable":true,"href":"https:\/\/tomyklou.gr\/de\/wp-json\/wp\/v2\/media\/9722"}],"wp:attachment":[{"href":"https:\/\/tomyklou.gr\/de\/wp-json\/wp\/v2\/media?parent=9695"}],"wp:term":[{"taxonomy":"product_brand","embeddable":true,"href":"https:\/\/tomyklou.gr\/de\/wp-json\/wp\/v2\/product_brand?post=9695"},{"taxonomy":"product_cat","embeddable":true,"href":"https:\/\/tomyklou.gr\/de\/wp-json\/wp\/v2\/product_cat?post=9695"},{"taxonomy":"product_tag","embeddable":true,"href":"https:\/\/tomyklou.gr\/de\/wp-json\/wp\/v2\/product_tag?post=9695"}],"curies":[{"name":"wp","href":"https:\/\/api.w.org\/{rel}","templated":true}]}}