{"id":9736,"date":"2024-02-16T16:04:17","date_gmt":"2024-02-16T14:04:17","guid":{"rendered":"https:\/\/tomyklou.gr\/product\/import-placeholder-for-23996\/"},"modified":"2026-02-22T18:28:04","modified_gmt":"2026-02-22T16:28:04","slug":"benton-ac-bha-foam-cleansing-120ml","status":"publish","type":"product","link":"https:\/\/tomyklou.gr\/de\/product\/benton-ac-bha-foam-cleansing\/","title":{"rendered":"Benton AC BHA Foam Cleansing 120ml"},"content":{"rendered":"<h3>Anwendung<\/h3>\n<ol>\n<li>Eine kleine Menge auftragen und gut aufsch\u00e4umen.<\/li>\n<li>Sanft in das feuchte Gesicht einmassieren, dabei die Augen- und Mundpartie aussparen.<\/li>\n<li>Gr\u00fcndlich mit lauwarmem Wasser absp\u00fclen.<\/li>\n<\/ol>\n<h3>Inhaltsstoffe<\/h3>\n<p>Aqua, Sodium Cocoyl Alaninate, Glycerin, Dipropylene Glycol, Coco-Glucoside, Disodium Cocoamphodiacetate, Potassium Cocoate, Acrylates\/ C10-30 Alkyl Acrylate Crosspolymer, 1,2-Hexanediol, Salicylic Acid, Polyglyceryl-10 Laurate, Butylene Glycol, Citric Acid, Ulmus Davidiana Root Extract, Houttuynia Cordata Extract, Pinus Palustris Leaf Extract, Oenothera Biennis Flower Extract, Pueraria Lobata Root Extract, Lactococcus Ferment Lysate, Saccharomyces Ferment, Sodium Hyaluronate, Hydrolyzed Hyaluronic Acid, Sodium Acetylated Hyaluronate, Allantoin, Capryloyl Salicylic Acid, Dipotassium Glycyrrhizate, Centella Asiatica Extract, Centella Asiatica Root Extract, Centella Asiatica Leaf Extract, Asiaticoside, Madecassoside, Madecassic Acid, Asiatic Acid, Lactobionic Acid, Ethylhexylglycerin, Hydroxyacetophenone, Rosmarinus Officinalis Leaf Oil, Melaleuca Alternifolia Leaf Oil, Tromethamine, Sodium Chloride, Phenylpropanol, Sodium Levulinate, Levulinic Acid<\/p>\n<h3>Warnhinweise<\/h3>\n<ol>\n<li>Nur zur \u00e4u\u00dferlichen Anwendung geeignet.<\/li>\n<li>Nicht auf verletzte Haut oder auf Wunden auftragen.<\/li>\n<li>Sollten Nebenwirkungen wie Irritationen oder Ausschlag eintreten, Anwendung sofort beenden und unverz\u00fcglich an einen Arzt wenden.<\/li>\n<li>Kontakt mit den Augen vermeiden. Sollte das Produkt ins Auge gelangen, das Auge sofort gr\u00fcndlich mit klarem Wasser aussp\u00fclen.<\/li>\n<li>Au\u00dfer Reichweite von Kindern aufbewahren.<\/li>\n<li>Nicht schlucken. Bei Verschlucken Arzt oder Giftzentrale aufsuchen.<\/li>\n<\/ol>\n","protected":false},"excerpt":{"rendered":"<p>Verbessern Sie Ihre Reinigungsroutine mit dem <strong>Benton AC BHA Foam Cleansing<\/strong>, einer leistungsstarken Formel, die Ihre Haut gr\u00fcndlich reinigt und verj\u00fcngt. Mit Peeling-Wirkstoffen wie <strong>BHA, AHA, LHA<\/strong> und <strong>PHA<\/strong> entfernt dieser pH-ausgewogene Schaumreiniger effektiv Schmutz, Unreinheiten und \u00fcbersch\u00fcssigen Talg, w\u00e4hrend er gleichzeitig die Poren \u00f6ffnet und f\u00fcr eine glattere Textur sorgt. Der Zusatz von dreifacher Hyalurons\u00e4ure sorgt daf\u00fcr, dass Ihre Haut w\u00e4hrend des gesamten Reinigungsvorgangs mit Feuchtigkeit und N\u00e4hrstoffen versorgt wird, und ist daher auch f\u00fcr empfindliche und zu Akne neigende Haut geeignet.<\/p>\n<p>Angereichert mit <strong>0,5% BHA<\/strong> und verschiedenen beruhigenden Inhaltsstoffen, darunter Cica, Teebaum\u00f6l und Pflanzenextrakte, bietet dieser Reiniger einen erfrischenden und k\u00fchlenden Effekt und bek\u00e4mpft \u00fcbersch\u00fcssigen Talg, um das Wiederauftreten von Akne zu minimieren. Die tierversuchsfreie Formulierung, die frei von PEGS, Sulfaten, Ethanol, k\u00fcnstlichen Duftstoffen und Mineral\u00f6l ist, erzeugt einen leichten und weichen Schaum und ist daher ideal f\u00fcr Mischhaut und fettige Hauttypen. Entfesseln Sie das reinigende Potenzial dieses dermatologisch getesteten Schaumreinigers f\u00fcr einen erneuerten und ausgeglichenen Teint.<\/p>\n<p><strong>Empfohlen f\u00fcr:<\/strong> Zu Akne neigende Haut, Mischhaut, fettige Haut, alle Hauttypen.<\/p>\n","protected":false},"featured_media":9744,"comment_status":"open","ping_status":"closed","template":"","meta":{"content-type":"","site-sidebar-layout":"default","site-content-layout":"default","ast-site-content-layout":"default","site-content-style":"default","site-sidebar-style":"default","ast-global-header-display":"","ast-banner-title-visibility":"","ast-main-header-display":"","ast-hfb-above-header-display":"","ast-hfb-below-header-display":"","ast-hfb-mobile-header-display":"","site-post-title":"","ast-breadcrumbs-content":"","ast-featured-img":"","footer-sml-layout":"","ast-disable-related-posts":"","theme-transparent-header-meta":"default","adv-header-id-meta":"","stick-header-meta":"","header-above-stick-meta":"","header-main-stick-meta":"","header-below-stick-meta":"","astra-migrate-meta-layouts":"set","ast-page-background-enabled":"default","ast-page-background-meta":{"desktop":{"background-color":"","background-image":"","background-repeat":"repeat","background-position":"center center","background-size":"auto","background-attachment":"scroll","background-type":"","background-media":"","overlay-type":"","overlay-color":"","overlay-opacity":"","overlay-gradient":""},"tablet":{"background-color":"","background-image":"","background-repeat":"repeat","background-position":"center center","background-size":"auto","background-attachment":"scroll","background-type":"","background-media":"","overlay-type":"","overlay-color":"","overlay-opacity":"","overlay-gradient":""},"mobile":{"background-color":"","background-image":"","background-repeat":"repeat","background-position":"center center","background-size":"auto","background-attachment":"scroll","background-type":"","background-media":"","overlay-type":"","overlay-color":"","overlay-opacity":"","overlay-gradient":""}},"ast-content-background-meta":{"desktop":{"background-color":"var(--ast-global-color-5)","background-image":"","background-repeat":"repeat","background-position":"center center","background-size":"auto","background-attachment":"scroll","background-type":"","background-media":"","overlay-type":"","overlay-color":"","overlay-opacity":"","overlay-gradient":""},"tablet":{"background-color":"var(--ast-global-color-5)","background-image":"","background-repeat":"repeat","background-position":"center center","background-size":"auto","background-attachment":"scroll","background-type":"","background-media":"","overlay-type":"","overlay-color":"","overlay-opacity":"","overlay-gradient":""},"mobile":{"background-color":"var(--ast-global-color-5)","background-image":"","background-repeat":"repeat","background-position":"center center","background-size":"auto","background-attachment":"scroll","background-type":"","background-media":"","overlay-type":"","overlay-color":"","overlay-opacity":"","overlay-gradient":""}}},"product_brand":[],"product_cat":[312,126,31],"product_tag":[64],"class_list":{"0":"post-9736","1":"product","2":"type-product","3":"status-publish","4":"has-post-thumbnail","6":"product_cat-gesichtsreiniger","7":"product_cat-benton","8":"product_cat-gesicht","9":"product_tag-reinigung","10":"desktop-align-center","11":"tablet-align-center","12":"mobile-align-center","14":"first","15":"outofstock","16":"taxable","17":"shipping-taxable","18":"purchasable","19":"product-type-simple"},"_links":{"self":[{"href":"https:\/\/tomyklou.gr\/de\/wp-json\/wp\/v2\/product\/9736","targetHints":{"allow":["GET"]}}],"collection":[{"href":"https:\/\/tomyklou.gr\/de\/wp-json\/wp\/v2\/product"}],"about":[{"href":"https:\/\/tomyklou.gr\/de\/wp-json\/wp\/v2\/types\/product"}],"replies":[{"embeddable":true,"href":"https:\/\/tomyklou.gr\/de\/wp-json\/wp\/v2\/comments?post=9736"}],"wp:featuredmedia":[{"embeddable":true,"href":"https:\/\/tomyklou.gr\/de\/wp-json\/wp\/v2\/media\/9744"}],"wp:attachment":[{"href":"https:\/\/tomyklou.gr\/de\/wp-json\/wp\/v2\/media?parent=9736"}],"wp:term":[{"taxonomy":"product_brand","embeddable":true,"href":"https:\/\/tomyklou.gr\/de\/wp-json\/wp\/v2\/product_brand?post=9736"},{"taxonomy":"product_cat","embeddable":true,"href":"https:\/\/tomyklou.gr\/de\/wp-json\/wp\/v2\/product_cat?post=9736"},{"taxonomy":"product_tag","embeddable":true,"href":"https:\/\/tomyklou.gr\/de\/wp-json\/wp\/v2\/product_tag?post=9736"}],"curies":[{"name":"wp","href":"https:\/\/api.w.org\/{rel}","templated":true}]}}