{"id":9737,"date":"2024-02-16T16:04:17","date_gmt":"2024-02-16T14:04:17","guid":{"rendered":"https:\/\/tomyklou.gr\/product\/import-placeholder-for-24016\/"},"modified":"2026-02-22T18:28:04","modified_gmt":"2026-02-22T16:28:04","slug":"dr-jart-ceramidin-ectoin-infused-cream","status":"publish","type":"product","link":"https:\/\/tomyklou.gr\/de\/product\/dr-jart-ceramidin-ectoin-infused-cream\/","title":{"rendered":"Dr. Jart+ Ceramidin Ectoin-Infused Cream"},"content":{"rendered":"<h3>Anwendung<\/h3>\n<ol>\n<li>Nach der Reinigung und Tonisierung der Haut mit dem wiederverwendbaren Spatel eine angemessene Menge Gesichtscreme entnehmen.<\/li>\n<li>Erw\u00e4rmen Sie die Creme in den H\u00e4nden und tragen Sie dann eine gleichm\u00e4\u00dfige Schicht auf Ihr Gesicht auf. Morgens und abends anwenden. Augenpartie aussparen.<\/li>\n<\/ol>\n<h3>Inhaltsstoffe<\/h3>\n<p>Water\\Aqua\\Eau, Glycerin, Propanediol, Butyrospermum Parkii (Shea) Butter Extract, Betaine, Methylpropanediol, Hydrogenated Poly(C6-14 Olefin), Pentaerythrityl Distearate, Caprylic\/Capric Triglyceride, Dipropylene Glycol, Dicaprylyl Ether, Cetearyl Alcohol, Cetearyl Glucoside, Panthenol, Ectoin, Vinyl Dimethicone, Argania Spinosa Kernel Oil, 2,3-Butanediol, Sodium Stearoyl Glutamate, 1,2-Hexanediol, Glyceryl Stearate, Spent Grain Wax, Ceramide Np*, Ceramide Ng*, Ceramide Ap*, Ceramide Ns*, Ceramide As*, Ethylhexylglycerin, Sodium Hyaluronate, Theobroma Cacao (Cocoa) Seed Extract, Pelargonium Graveolens (Geranium) Flower Oil, Olea Europaea (Olive) Fruit Oil, Citrus Aurantium Bergamia (Bergamot) Fruit Oil, Cholesterol, Hydrogenated Lecithin, Sodium Polyacrylate, Hydroxypropyl Starch Phosphate, Glyceryl Stearate Se, Behenyl Alcohol, Dextrin, Salvia Officinalis (Sage) Oil, Citronellol, Hydroxyacetophenone, Tocopherol, Yellow 5 (Ci 19140)<\/p>\n<h3>Warnhinweise<\/h3>\n<ol>\n<li>Nur zur \u00e4u\u00dferlichen Anwendung geeignet.<\/li>\n<li>Nicht auf verletzte Haut oder auf Wunden auftragen.<\/li>\n<li>Sollten Nebenwirkungen wie Irritationen oder Ausschlag eintreten, Anwendung sofort beenden und unverz\u00fcglich an einen Arzt wenden.<\/li>\n<li>Kontakt mit den Augen vermeiden. Sollte das Produkt ins Auge gelangen, das Auge sofort gr\u00fcndlich mit klarem Wasser aussp\u00fclen.<\/li>\n<li>Au\u00dfer Reichweite von Kindern aufbewahren.<\/li>\n<li>Nicht schlucken. Bei Verschlucken Arzt oder Giftzentrale aufsuchen.<\/li>\n<\/ol>\n","protected":false},"excerpt":{"rendered":"<p>Eine ultra-reichhaltige, hochkonzentrierte Feuchtigkeitscreme f\u00fcr das Gesicht mit 5 Ceramiden und Ectoin, die extrem trockene Haut mit extremer Feuchtigkeit und intensiver Barrierest\u00e4rkung versorgt. Dermatologisch getestet.<br \/>\nDiese samtige Feuchtigkeitscreme schmilzt sofort und pflegt sehr trockene Haut von innen heraus. Es spendet extrem viel Feuchtigkeit an trockene Haut und sch\u00fctzt dann, indem es die Hautbarriere st\u00e4rkt. Ectoin, ein Aminos\u00e4urederivat, das Mikroorganismen in einigen der rauesten Klimazonen der Erde sch\u00fctzt, st\u00e4rkt die Barriere, indem es eine zweite haut\u00e4hnliche, feuchtigkeitsspeichernde Schicht bildet. Ein Trio aus n\u00e4hrenden Buttern und \u00d6len hilft, raue, trockene Haut weicher und glatter zu machen.<br \/>\n<strong>Hauptzutaten:<\/strong><\/p>\n<ul>\n<li><strong>5 Ceramide:<\/strong> spenden Feuchtigkeit und st\u00e4rken die Hautbarriere.<\/li>\n<li><strong>Ectoin:<\/strong> verbindet sich mit Wasser und bildet einen unsichtbaren, schwerelosen Schutzschild, der die Hautbarriere st\u00e4rkt und die Wassereinlagerungen unterst\u00fctzt.<\/li>\n<\/ul>\n","protected":false},"featured_media":9745,"comment_status":"open","ping_status":"closed","template":"","meta":{"content-type":"","site-sidebar-layout":"default","site-content-layout":"default","ast-site-content-layout":"default","site-content-style":"default","site-sidebar-style":"default","ast-global-header-display":"","ast-banner-title-visibility":"","ast-main-header-display":"","ast-hfb-above-header-display":"","ast-hfb-below-header-display":"","ast-hfb-mobile-header-display":"","site-post-title":"","ast-breadcrumbs-content":"","ast-featured-img":"","footer-sml-layout":"","ast-disable-related-posts":"","theme-transparent-header-meta":"default","adv-header-id-meta":"","stick-header-meta":"","header-above-stick-meta":"","header-main-stick-meta":"","header-below-stick-meta":"","astra-migrate-meta-layouts":"set","ast-page-background-enabled":"default","ast-page-background-meta":{"desktop":{"background-color":"","background-image":"","background-repeat":"repeat","background-position":"center center","background-size":"auto","background-attachment":"scroll","background-type":"","background-media":"","overlay-type":"","overlay-color":"","overlay-opacity":"","overlay-gradient":""},"tablet":{"background-color":"","background-image":"","background-repeat":"repeat","background-position":"center center","background-size":"auto","background-attachment":"scroll","background-type":"","background-media":"","overlay-type":"","overlay-color":"","overlay-opacity":"","overlay-gradient":""},"mobile":{"background-color":"","background-image":"","background-repeat":"repeat","background-position":"center center","background-size":"auto","background-attachment":"scroll","background-type":"","background-media":"","overlay-type":"","overlay-color":"","overlay-opacity":"","overlay-gradient":""}},"ast-content-background-meta":{"desktop":{"background-color":"var(--ast-global-color-5)","background-image":"","background-repeat":"repeat","background-position":"center center","background-size":"auto","background-attachment":"scroll","background-type":"","background-media":"","overlay-type":"","overlay-color":"","overlay-opacity":"","overlay-gradient":""},"tablet":{"background-color":"var(--ast-global-color-5)","background-image":"","background-repeat":"repeat","background-position":"center center","background-size":"auto","background-attachment":"scroll","background-type":"","background-media":"","overlay-type":"","overlay-color":"","overlay-opacity":"","overlay-gradient":""},"mobile":{"background-color":"var(--ast-global-color-5)","background-image":"","background-repeat":"repeat","background-position":"center center","background-size":"auto","background-attachment":"scroll","background-type":"","background-media":"","overlay-type":"","overlay-color":"","overlay-opacity":"","overlay-gradient":""}}},"product_brand":[],"product_cat":[322,131,31],"product_tag":[35],"class_list":{"0":"post-9737","1":"product","2":"type-product","3":"status-publish","4":"has-post-thumbnail","6":"product_cat-gesichtscreme","7":"product_cat-dr-jart","8":"product_cat-gesicht","9":"product_tag-moisturizer","10":"desktop-align-center","11":"tablet-align-center","12":"mobile-align-center","14":"first","15":"outofstock","16":"taxable","17":"shipping-taxable","18":"purchasable","19":"product-type-simple"},"_links":{"self":[{"href":"https:\/\/tomyklou.gr\/de\/wp-json\/wp\/v2\/product\/9737","targetHints":{"allow":["GET"]}}],"collection":[{"href":"https:\/\/tomyklou.gr\/de\/wp-json\/wp\/v2\/product"}],"about":[{"href":"https:\/\/tomyklou.gr\/de\/wp-json\/wp\/v2\/types\/product"}],"replies":[{"embeddable":true,"href":"https:\/\/tomyklou.gr\/de\/wp-json\/wp\/v2\/comments?post=9737"}],"wp:featuredmedia":[{"embeddable":true,"href":"https:\/\/tomyklou.gr\/de\/wp-json\/wp\/v2\/media\/9745"}],"wp:attachment":[{"href":"https:\/\/tomyklou.gr\/de\/wp-json\/wp\/v2\/media?parent=9737"}],"wp:term":[{"taxonomy":"product_brand","embeddable":true,"href":"https:\/\/tomyklou.gr\/de\/wp-json\/wp\/v2\/product_brand?post=9737"},{"taxonomy":"product_cat","embeddable":true,"href":"https:\/\/tomyklou.gr\/de\/wp-json\/wp\/v2\/product_cat?post=9737"},{"taxonomy":"product_tag","embeddable":true,"href":"https:\/\/tomyklou.gr\/de\/wp-json\/wp\/v2\/product_tag?post=9737"}],"curies":[{"name":"wp","href":"https:\/\/api.w.org\/{rel}","templated":true}]}}