{"id":5808,"date":"2023-03-12T23:50:08","date_gmt":"2023-03-12T21:50:08","guid":{"rendered":"https:\/\/tomyklou.gr\/product\/import-placeholder-for-9374\/"},"modified":"2026-02-22T18:45:55","modified_gmt":"2026-02-22T16:45:55","slug":"farmstay-visible-difference-mask-sheet-cucumber","status":"publish","type":"product","link":"https:\/\/tomyklou.gr\/en\/product\/farmstay-visible-difference-mask-sheet-cucumber\/","title":{"rendered":"Farmstay Visible Difference Mask Sheet Cucumber"},"content":{"rendered":"<h3>Directions<\/h3>\n<ol>\n<li>Remove film and apply mask over cleansed face.<\/li>\n<li>Leave on for <strong>15-20<\/strong> minutes, then remove gently. Do not rinse.<\/li>\n<li>Pat the remaining serum into the skin until fully absorbed.<\/li>\n<\/ol>\n<h3>Ingredients<\/h3>\n<p>Glycerin, Sodium Hyaluronate, Arginine, Allantoin, Cucumis Sativus(cucumber) Fruit extract (0.05%), Disodium EDTA, PEG-60 Hydrogenated Castor Oil, Butylene Glycol, Betaine, Phenoxyethanol, Methylparaben<\/p>\n<h3>Caution<\/h3>\n<ol>\n<li>For external use only.<\/li>\n<li>Do not use on damaged or broken skin.<\/li>\n<li>If rash occurs, stop use and contact a doctor.<\/li>\n<li>Avoid contact with eyes. In case of contact with eyes, rinse immediately and thoroughly.<\/li>\n<li>Keep out of reach of children.<\/li>\n<li>Do not swallow. If swallowed, seek medical help or contact a Poison Control Center immediately.<\/li>\n<\/ol>\n","protected":false},"excerpt":{"rendered":"<p>FarmStay Visible Difference Mask Sheet Cucumber ist eine erfrischende Tuchmaske, die mit Gurkenextrakt angereichert ist und fahle und m\u00fcde Haut sofort erfrischt. Diese Blattmaske haftet sehr eng an der Haut, um tiefe Feuchtigkeit ohne Reizung in die Haut zu \u00fcbertragen. Die k\u00fchlenden Eigenschaften des Gurkenextrakts helfen bei der Reduzierung von R\u00f6tungen und Akne und gleichen auch die nat\u00fcrliche Talgproduktion der Haut aus. Diese Blattmaske wurde entwickelt, um Ihre Haut mit Feuchtigkeit zu versorgen und stumpfe Haut mit ihrem hohen Wassergehalt heller zu machen. Es hilft auch bei der Beruhigung und Linderung von Schwellungen um die Augen, enth\u00e4lt Antioxidantien, die helfen, die Haut zu erfrischen. FarmStay Visible Difference Mask Sheet Cucumber ist voll von Antioxidantien und wirksamen N\u00e4hrstoffen wie Mangan und Kalium, die dabei helfen, die Haut zu festigen und zu straffen und die Anzeichen von feinen Linien und F\u00e4ltchen zu reduzieren.<\/p>\n","protected":false},"featured_media":5888,"comment_status":"open","ping_status":"closed","template":"","meta":{"content-type":"","site-sidebar-layout":"default","site-content-layout":"default","ast-site-content-layout":"default","site-content-style":"default","site-sidebar-style":"default","ast-global-header-display":"","ast-banner-title-visibility":"","ast-main-header-display":"","ast-hfb-above-header-display":"","ast-hfb-below-header-display":"","ast-hfb-mobile-header-display":"","site-post-title":"","ast-breadcrumbs-content":"","ast-featured-img":"","footer-sml-layout":"","ast-disable-related-posts":"","theme-transparent-header-meta":"default","adv-header-id-meta":"","stick-header-meta":"","header-above-stick-meta":"","header-main-stick-meta":"","header-below-stick-meta":"","astra-migrate-meta-layouts":"default","ast-page-background-enabled":"default","ast-page-background-meta":{"desktop":{"background-color":"","background-image":"","background-repeat":"repeat","background-position":"center center","background-size":"auto","background-attachment":"scroll","background-type":"","background-media":"","overlay-type":"","overlay-color":"","overlay-opacity":"","overlay-gradient":""},"tablet":{"background-color":"","background-image":"","background-repeat":"repeat","background-position":"center center","background-size":"auto","background-attachment":"scroll","background-type":"","background-media":"","overlay-type":"","overlay-color":"","overlay-opacity":"","overlay-gradient":""},"mobile":{"background-color":"","background-image":"","background-repeat":"repeat","background-position":"center center","background-size":"auto","background-attachment":"scroll","background-type":"","background-media":"","overlay-type":"","overlay-color":"","overlay-opacity":"","overlay-gradient":""}},"ast-content-background-meta":{"desktop":{"background-color":"var(--ast-global-color-5)","background-image":"","background-repeat":"repeat","background-position":"center center","background-size":"auto","background-attachment":"scroll","background-type":"","background-media":"","overlay-type":"","overlay-color":"","overlay-opacity":"","overlay-gradient":""},"tablet":{"background-color":"var(--ast-global-color-5)","background-image":"","background-repeat":"repeat","background-position":"center center","background-size":"auto","background-attachment":"scroll","background-type":"","background-media":"","overlay-type":"","overlay-color":"","overlay-opacity":"","overlay-gradient":""},"mobile":{"background-color":"var(--ast-global-color-5)","background-image":"","background-repeat":"repeat","background-position":"center center","background-size":"auto","background-attachment":"scroll","background-type":"","background-media":"","overlay-type":"","overlay-color":"","overlay-opacity":"","overlay-gradient":""}}},"product_brand":[],"product_cat":[316,136,31],"product_tag":[34],"class_list":{"0":"post-5808","1":"product","2":"type-product","3":"status-publish","4":"has-post-thumbnail","6":"product_cat-face-mask","7":"product_cat-farm-stay","8":"product_cat-facial-care","9":"product_tag-sheet","10":"desktop-align-center","11":"tablet-align-center","12":"mobile-align-center","14":"first","15":"outofstock","16":"taxable","17":"shipping-taxable","18":"purchasable","19":"product-type-simple"},"_links":{"self":[{"href":"https:\/\/tomyklou.gr\/en\/wp-json\/wp\/v2\/product\/5808","targetHints":{"allow":["GET"]}}],"collection":[{"href":"https:\/\/tomyklou.gr\/en\/wp-json\/wp\/v2\/product"}],"about":[{"href":"https:\/\/tomyklou.gr\/en\/wp-json\/wp\/v2\/types\/product"}],"replies":[{"embeddable":true,"href":"https:\/\/tomyklou.gr\/en\/wp-json\/wp\/v2\/comments?post=5808"}],"wp:featuredmedia":[{"embeddable":true,"href":"https:\/\/tomyklou.gr\/en\/wp-json\/wp\/v2\/media\/5888"}],"wp:attachment":[{"href":"https:\/\/tomyklou.gr\/en\/wp-json\/wp\/v2\/media?parent=5808"}],"wp:term":[{"taxonomy":"product_brand","embeddable":true,"href":"https:\/\/tomyklou.gr\/en\/wp-json\/wp\/v2\/product_brand?post=5808"},{"taxonomy":"product_cat","embeddable":true,"href":"https:\/\/tomyklou.gr\/en\/wp-json\/wp\/v2\/product_cat?post=5808"},{"taxonomy":"product_tag","embeddable":true,"href":"https:\/\/tomyklou.gr\/en\/wp-json\/wp\/v2\/product_tag?post=5808"}],"curies":[{"name":"wp","href":"https:\/\/api.w.org\/{rel}","templated":true}]}}