{"id":6450,"date":"2023-07-05T21:24:46","date_gmt":"2023-07-05T19:24:46","guid":{"rendered":"https:\/\/tomyklou.gr\/product\/benton-aloe-real-cool-soothing-gel-300ml\/"},"modified":"2026-02-22T18:44:33","modified_gmt":"2026-02-22T16:44:33","slug":"benton-aloe-real-cool-soothing-gel-300ml","status":"publish","type":"product","link":"https:\/\/tomyklou.gr\/en\/product\/benton-aloe-real-cool-soothing-gel-300ml\/","title":{"rendered":"Benton Aloe Real Cool Soothing Gel 300ml"},"content":{"rendered":"<h3>\u0395\u03c6\u03b1\u03c1\u03bc\u03bf\u03b3\u03ae<\/h3>\n<ul>\n<li>\u03a9\u03c2 \u03ba\u03c1\u03ad\u03bc\u03b1 \u03c3\u03ce\u03bc\u03b1\u03c4\u03bf\u03c2<\/li>\n<li>\u0395\u03bd\u03c5\u03b4\u03b1\u03c4\u03b9\u03ba\u03ae \u03ba\u03c1\u03ad\u03bc\u03b1 \u03ae \u03bc\u03ac\u03c3\u03ba\u03b1 \u03c0\u03c1\u03bf\u03c3\u03ce\u03c0\u03bf\u03c5<\/li>\n<li>\u03a9\u03c2 \u03ba\u03c1\u03ad\u03bc\u03b1 \u03bc\u03b5\u03c4\u03ac \u03c4\u03bf \u03be\u03cd\u03c1\u03b9\u03c3\u03bc\u03b1<\/li>\n<li>\u03a9\u03c2 \u03b8\u03b5\u03c1\u03b1\u03c0\u03b5\u03af\u03b1 \u03bc\u03b1\u03bb\u03bb\u03b9\u03ce\u03bd<\/li>\n<li>\u03a3\u03c5\u03c3\u03ba\u03b5\u03c5\u03b1\u03c3\u03af\u03b1 \u03bc\u03ac\u03c3\u03ba\u03b1\u03c2 \u03ba\u03b1\u03c4\u03ac \u03c4\u03bf\u03c5 \u03b7\u03bb\u03b9\u03b1\u03ba\u03bf\u03cd \u03b5\u03b3\u03ba\u03b1\u03cd\u03bc\u03b1\u03c4\u03bf\u03c2<\/li>\n<li>\u0392\u03ac\u03c3\u03b7 \u03bc\u03b1\u03ba\u03b9\u03b3\u03b9\u03ac\u03b6<\/li>\n<li>\u03a0\u03c1\u03bf\u03ca\u03cc\u03bd \u03c0\u03b5\u03c1\u03b9\u03c0\u03bf\u03af\u03b7\u03c3\u03b7\u03c2 \u03bd\u03c5\u03c7\u03b9\u03ce\u03bd<\/li>\n<li>\u0398\u03b5\u03c1\u03b1\u03c0\u03b5\u03af\u03b1 \u03c7\u03b1\u03bb\u03ac\u03c1\u03c9\u03c3\u03b7\u03c2 \u03b3\u03b9\u03b1 \u03c4\u03b1 \u03bc\u03ac\u03c4\u03b9\u03b1.<\/li>\n<\/ul>\n<h3>\u03a3\u03c5\u03c3\u03c4\u03b1\u03c4\u03b9\u03ba\u03ac<\/h3>\n<p>\u0395\u03ba\u03c7\u03cd\u03bb\u03b9\u03c3\u03bc\u03b1 \u03c6\u03cd\u03bb\u03bb\u03c9\u03bd Aloe Barbadensis, 1,2-\u0395\u03be\u03b1\u03bd\u03bf\u03b4\u03b9\u03cc\u03bb\u03b7, \u03a0\u03c1\u03bf\u03c0\u03b1\u03bd\u03bf\u03b4\u03b9\u03cc\u03bb\u03b7, \u0395\u03ba\u03c7\u03cd\u03bb\u03b9\u03c3\u03bc\u03b1 Laminaria Japonica, \u0395\u03ba\u03c7\u03cd\u03bb\u03b9\u03c3\u03bc\u03b1 \u03c1\u03af\u03b6\u03b1\u03c2 Dioscorea Japonica, \u0395\u03ba\u03c7\u03cd\u03bb\u03b9\u03c3\u03bc\u03b1 \u03c1\u03af\u03b6\u03b1\u03c2 Ulmus Davidiana, \u0395\u03ba\u03c7\u03cd\u03bb\u03b9\u03c3\u03bc\u03b1 \u03bb\u03bf\u03c5\u03bb\u03bf\u03c5\u03b4\u03b9\u03ce\u03bd Viola Mandshurica, \u0393\u03bb\u03c5\u03ba\u03b5\u03c1\u03af\u03bd\u03b7, \u03a0\u03b5\u03bd\u03c4\u03c5\u03bb\u03b5\u03bd\u03bf\u03b3\u03bb\u03c5\u03ba\u03cc\u03bb\u03b7, Cocos Nucifera (Coconutstril Extract, Pink Fruit) \u039a\u03b1\u03c1\u03b2\u03bf\u03bc\u03b5\u03c1\u03ad\u03c2, \u0391\u03c1\u03b3\u03b9\u03bd\u03af\u03bd\u03b7, \u03a6\u03c5\u03c4\u03b9\u03ba\u03cc \u03bd\u03ac\u03c4\u03c1\u03b9\u03bf<\/p>\n<h3><strong>\u03a0\u03c1\u03bf\u03b5\u03b9\u03b4\u03bf\u03c0\u03bf\u03b9\u03ae\u03c3\u03b5\u03b9\u03c2<\/strong><\/h3>\n<ol>\n<li>\u039c\u03cc\u03bd\u03bf \u03b3\u03b9\u03b1 \u03b5\u03be\u03c9\u03c4\u03b5\u03c1\u03b9\u03ba\u03ae \u03c7\u03c1\u03ae\u03c3\u03b7.<\/li>\n<li>\u039c\u03b7\u03bd \u03b5\u03c6\u03b1\u03c1\u03bc\u03cc\u03b6\u03b5\u03c4\u03b5 \u03c3\u03b5 \u03ba\u03b1\u03c4\u03b5\u03c3\u03c4\u03c1\u03b1\u03bc\u03bc\u03ad\u03bd\u03bf \u03b4\u03ad\u03c1\u03bc\u03b1 \u03ae \u03c0\u03bb\u03b7\u03b3\u03ad\u03c2.<\/li>\n<li>\u0395\u03ac\u03bd \u03b5\u03bc\u03c6\u03b1\u03bd\u03b9\u03c3\u03c4\u03bf\u03cd\u03bd \u03b1\u03bd\u03b5\u03c0\u03b9\u03b8\u03cd\u03bc\u03b7\u03c4\u03b5\u03c2 \u03b5\u03bd\u03ad\u03c1\u03b3\u03b5\u03b9\u03b5\u03c2 \u03cc\u03c0\u03c9\u03c2 \u03b5\u03c1\u03b5\u03b8\u03b9\u03c3\u03bc\u03cc\u03c2 \u03ae \u03b5\u03be\u03ac\u03bd\u03b8\u03b7\u03bc\u03b1, \u03c3\u03c4\u03b1\u03bc\u03b1\u03c4\u03ae\u03c3\u03c4\u03b5 \u03b1\u03bc\u03ad\u03c3\u03c9\u03c2 \u03c4\u03b7 \u03c7\u03c1\u03ae\u03c3\u03b7 \u03ba\u03b1\u03b9 \u03c3\u03c5\u03bc\u03b2\u03bf\u03c5\u03bb\u03b5\u03c5\u03c4\u03b5\u03af\u03c4\u03b5 \u03b1\u03bc\u03ad\u03c3\u03c9\u03c2 \u03ad\u03bd\u03b1\u03bd \u03b3\u03b9\u03b1\u03c4\u03c1\u03cc.<\/li>\n<li>\u0391\u03c0\u03bf\u03c6\u03cd\u03b3\u03b5\u03c4\u03b5 \u03c4\u03b7\u03bd \u03b5\u03c0\u03b1\u03c6\u03ae \u03bc\u03b5 \u03c4\u03b1 \u03bc\u03ac\u03c4\u03b9\u03b1. \u0395\u03ac\u03bd \u03c4\u03bf \u03c0\u03c1\u03bf\u03ca\u03cc\u03bd \u03b5\u03b9\u03c3\u03ad\u03bb\u03b8\u03b5\u03b9 \u03c3\u03c4\u03b1 \u03bc\u03ac\u03c4\u03b9\u03b1 \u03c3\u03b1\u03c2, \u03be\u03b5\u03c0\u03bb\u03cd\u03bd\u03b5\u03c4\u03b5 \u03b1\u03bc\u03ad\u03c3\u03c9\u03c2 \u03c4\u03b1 \u03bc\u03ac\u03c4\u03b9\u03b1 \u03c3\u03b1\u03c2 \u03bc\u03b5 \u03ba\u03b1\u03b8\u03b1\u03c1\u03cc \u03bd\u03b5\u03c1\u03cc.<\/li>\n<li>\u039d\u03b1 \u03c6\u03c5\u03bb\u03ac\u03c3\u03c3\u03b5\u03c4\u03b1\u03b9 \u03bc\u03b1\u03ba\u03c1\u03b9\u03ac \u03b1\u03c0\u03cc \u03c0\u03b1\u03b9\u03b4\u03b9\u03ac.<\/li>\n<li>\u039c\u03b7\u03bd \u03c4\u03bf \u03ba\u03b1\u03c4\u03b1\u03c0\u03b9\u03b5\u03af\u03c4\u03b5. \u03a3\u03b5 \u03c0\u03b5\u03c1\u03af\u03c0\u03c4\u03c9\u03c3\u03b7 \u03ba\u03b1\u03c4\u03ac\u03c0\u03bf\u03c3\u03b7\u03c2, \u03b5\u03c0\u03b9\u03ba\u03bf\u03b9\u03bd\u03c9\u03bd\u03ae\u03c3\u03c4\u03b5 \u03bc\u03b5 \u03b3\u03b9\u03b1\u03c4\u03c1\u03cc \u03ae \u03ba\u03ad\u03bd\u03c4\u03c1\u03bf \u03b4\u03b7\u03bb\u03b7\u03c4\u03b7\u03c1\u03b9\u03ac\u03c3\u03b5\u03c9\u03bd.<\/li>\n<\/ol>\n","protected":false},"excerpt":{"rendered":"<p>\u03a7\u03b1\u03c1\u03af\u03c3\u03c4\u03b5 \u03c3\u03c4\u03bf \u03be\u03b7\u03c1\u03cc, \u03c0\u03bf\u03bd\u03b5\u03bc\u03ad\u03bd\u03bf \u03b4\u03ad\u03c1\u03bc\u03b1 \u03bc\u03ad\u03b3\u03b9\u03c3\u03c4\u03b7 \u03c7\u03b1\u03bb\u03ac\u03c1\u03c9\u03c3\u03b7 \u03bc\u03b5 \u03c4\u03bf Benton Aloe Real Cool Soothing Gel.<\/p>\n<p>\u03a4\u03bf \u03ba\u03b1\u03c4\u03b1\u03c0\u03c1\u03b1\u03cb\u03bd\u03c4\u03b9\u03ba\u03cc \u03c4\u03b6\u03b5\u03bb \u03b4\u03c1\u03b1 \u03b3\u03c1\u03ae\u03b3\u03bf\u03c1\u03b1 \u03b3\u03b9\u03b1 \u03bd\u03b1 \u03bc\u03b5\u03b9\u03ce\u03c3\u03b5\u03b9 \u03c4\u03b7 \u03c6\u03bb\u03b5\u03b3\u03bc\u03bf\u03bd\u03ae, \u03bd\u03b1 \u03c0\u03c1\u03bf\u03c3\u03c6\u03ad\u03c1\u03b5\u03b9 \u03b4\u03c1\u03bf\u03c3\u03b9\u03c3\u03c4\u03b9\u03ba\u03ae \u03b5\u03bd\u03c5\u03b4\u03ac\u03c4\u03c9\u03c3\u03b7 \u03ba\u03b1\u03b9 \u03bd\u03b1 \u03b2\u03bf\u03b7\u03b8\u03ae\u03c3\u03b5\u03b9 \u03c3\u03c4\u03b7\u03bd \u03b5\u03c0\u03bf\u03cd\u03bb\u03c9\u03c3\u03b7 \u03c4\u03bf\u03c5 \u03ba\u03b1\u03c4\u03b5\u03c3\u03c4\u03c1\u03b1\u03bc\u03bc\u03ad\u03bd\u03bf\u03c5 \u03b4\u03ad\u03c1\u03bc\u03b1\u03c4\u03bf\u03c2. \u03a4\u03bf \u03c4\u03b6\u03b5\u03bb \u03bc\u03b5 \u03b2\u03ac\u03c3\u03b7 \u03c4\u03bf \u03bd\u03b5\u03c1\u03cc \u03b1\u03c0\u03bf\u03c1\u03c1\u03bf\u03c6\u03ac\u03c4\u03b1\u03b9 \u03b3\u03c1\u03ae\u03b3\u03bf\u03c1\u03b1 \u03ba\u03b1\u03b9 \u03bc\u03c0\u03bf\u03c1\u03b5\u03af \u03bd\u03b1 \u03c7\u03c1\u03b7\u03c3\u03b9\u03bc\u03bf\u03c0\u03bf\u03b9\u03b7\u03b8\u03b5\u03af \u03c4\u03cc\u03c3\u03bf \u03c3\u03c4\u03bf \u03c0\u03c1\u03cc\u03c3\u03c9\u03c0\u03bf \u03cc\u03c3\u03bf \u03ba\u03b1\u03b9 \u03c3\u03c4\u03bf \u03c3\u03ce\u03bc\u03b1 \u03c7\u03c9\u03c1\u03af\u03c2 \u03bd\u03b1 \u03b1\u03c6\u03ae\u03bd\u03b5\u03b9 \u03ba\u03bf\u03bb\u03bb\u03ce\u03b4\u03b7 \u03c5\u03c0\u03bf\u03bb\u03b5\u03af\u03bc\u03bc\u03b1\u03c4\u03b1.<\/p>\n<ul>\u03a4\u03bf<\/p>\n<li><em><strong>93% Aloe<\/strong><\/em> <em>\u0395\u03ba\u03c7\u03cd\u03bb\u03b9\u03c3\u03bc\u03b1 \u03c6\u03cd\u03bb\u03bb\u03c9\u03bd Barbadensis<\/em> \u03b5\u03af\u03bd\u03b1\u03b9 \u03ba\u03b1\u03b8\u03b1\u03c1\u03cc \u03c3\u03b5 <em>\u03c0\u03bf\u03bb\u03c5\u03c3\u03b1\u03ba\u03c7\u03b1\u03c1\u03af\u03c4\u03b5\u03c2<\/em> \u03c0\u03bf\u03c5 \u03b5\u03bd\u03c5\u03b4\u03b1\u03c4\u03ce\u03bd\u03bf\u03c5\u03bd \u03ad\u03bd\u03c4\u03bf\u03bd\u03b1 \u03c4\u03bf \u03b4\u03ad\u03c1\u03bc\u03b1.&lt;\/li &gt;<\/li>\n<li><em>\u03a4\u03bf \u03c0\u03b1\u03c4\u03b5\u03bd\u03c4\u03b1\u03c1\u03b9\u03c3\u03bc\u03ad\u03bd\u03bf &#8220;Soothing Cooler&#8221;<\/em> \u03b5\u03af\u03bd\u03b1\u03b9 \u03ad\u03bd\u03b1 \u03b5\u03b9\u03b4\u03b9\u03ba\u03cc \u03bc\u03b5\u03af\u03b3\u03bc\u03b1 \u03b1\u03c0\u03cc <em>5 \u03b5\u03ba\u03c7\u03c5\u03bb\u03af\u03c3\u03bc\u03b1\u03c4\u03b1 \u03b2\u03bf\u03c4\u03ac\u03bd\u03c9\u03bd<\/em> \u03c0\u03bf\u03c5 \u03ad\u03c7\u03bf\u03c5\u03bd \u03b4\u03c1\u03bf\u03c3\u03b9\u03c3\u03c4\u03b9\u03ba\u03ae \u03b4\u03c1\u03ac\u03c3\u03b7 \u03ba\u03b1\u03b9 \u03ba\u03b1\u03c4\u03b1\u03c0\u03c1\u03b1\u03b0\u03bd\u03bf\u03c5\u03bd \u03c4\u03bf \u03b4\u03ad\u03c1\u03bc\u03b1.<\/li>\n<\/ul>\n<p>\u03a7\u03c9\u03c1\u03af\u03c2 \u03b1\u03bb\u03ba\u03bf\u03cc\u03bb, \u03b5\u03c1\u03b5\u03b8\u03b9\u03c3\u03c4\u03b9\u03ba\u03ac \u03c3\u03c5\u03c3\u03c4\u03b1\u03c4\u03b9\u03ba\u03ac \u03ba\u03b1\u03b9 \u03c4\u03b5\u03c7\u03bd\u03b7\u03c4\u03ac \u03b1\u03c1\u03ce\u03bc\u03b1\u03c4\u03b1!<br \/>\nChar\u00edste sto xir\u00f3, ponem\u00e9no d\u00e9rma m\u00e9gisti chal\u00e1rosi me to Benton Aloe Real Cool Soothing Gel.<\/p>\n","protected":false},"featured_media":6543,"comment_status":"open","ping_status":"closed","template":"","meta":{"content-type":"","site-sidebar-layout":"default","site-content-layout":"default","ast-site-content-layout":"default","site-content-style":"default","site-sidebar-style":"default","ast-global-header-display":"","ast-banner-title-visibility":"","ast-main-header-display":"","ast-hfb-above-header-display":"","ast-hfb-below-header-display":"","ast-hfb-mobile-header-display":"","site-post-title":"","ast-breadcrumbs-content":"","ast-featured-img":"","footer-sml-layout":"","ast-disable-related-posts":"","theme-transparent-header-meta":"default","adv-header-id-meta":"","stick-header-meta":"","header-above-stick-meta":"","header-main-stick-meta":"","header-below-stick-meta":"","astra-migrate-meta-layouts":"default","ast-page-background-enabled":"default","ast-page-background-meta":{"desktop":{"background-color":"","background-image":"","background-repeat":"repeat","background-position":"center center","background-size":"auto","background-attachment":"scroll","background-type":"","background-media":"","overlay-type":"","overlay-color":"","overlay-opacity":"","overlay-gradient":""},"tablet":{"background-color":"","background-image":"","background-repeat":"repeat","background-position":"center center","background-size":"auto","background-attachment":"scroll","background-type":"","background-media":"","overlay-type":"","overlay-color":"","overlay-opacity":"","overlay-gradient":""},"mobile":{"background-color":"","background-image":"","background-repeat":"repeat","background-position":"center center","background-size":"auto","background-attachment":"scroll","background-type":"","background-media":"","overlay-type":"","overlay-color":"","overlay-opacity":"","overlay-gradient":""}},"ast-content-background-meta":{"desktop":{"background-color":"var(--ast-global-color-5)","background-image":"","background-repeat":"repeat","background-position":"center center","background-size":"auto","background-attachment":"scroll","background-type":"","background-media":"","overlay-type":"","overlay-color":"","overlay-opacity":"","overlay-gradient":""},"tablet":{"background-color":"var(--ast-global-color-5)","background-image":"","background-repeat":"repeat","background-position":"center center","background-size":"auto","background-attachment":"scroll","background-type":"","background-media":"","overlay-type":"","overlay-color":"","overlay-opacity":"","overlay-gradient":""},"mobile":{"background-color":"var(--ast-global-color-5)","background-image":"","background-repeat":"repeat","background-position":"center center","background-size":"auto","background-attachment":"scroll","background-type":"","background-media":"","overlay-type":"","overlay-color":"","overlay-opacity":"","overlay-gradient":""}}},"product_brand":[],"product_cat":[316,321,126,85,327,31,71],"product_tag":[67,34],"class_list":{"0":"post-6450","1":"product","2":"type-product","3":"status-publish","4":"has-post-thumbnail","6":"product_cat-face-mask","7":"product_cat-spot-treatment","8":"product_cat-benton","9":"product_cat-body-lotion","10":"product_cat-new-arrivals","11":"product_cat-facial-care","12":"product_cat-body-care","13":"product_tag-spot-treatment","14":"product_tag-sheet","15":"desktop-align-center","16":"tablet-align-center","17":"mobile-align-center","19":"first","20":"outofstock","21":"taxable","22":"shipping-taxable","23":"purchasable","24":"product-type-simple"},"_links":{"self":[{"href":"https:\/\/tomyklou.gr\/en\/wp-json\/wp\/v2\/product\/6450","targetHints":{"allow":["GET"]}}],"collection":[{"href":"https:\/\/tomyklou.gr\/en\/wp-json\/wp\/v2\/product"}],"about":[{"href":"https:\/\/tomyklou.gr\/en\/wp-json\/wp\/v2\/types\/product"}],"replies":[{"embeddable":true,"href":"https:\/\/tomyklou.gr\/en\/wp-json\/wp\/v2\/comments?post=6450"}],"wp:featuredmedia":[{"embeddable":true,"href":"https:\/\/tomyklou.gr\/en\/wp-json\/wp\/v2\/media\/6543"}],"wp:attachment":[{"href":"https:\/\/tomyklou.gr\/en\/wp-json\/wp\/v2\/media?parent=6450"}],"wp:term":[{"taxonomy":"product_brand","embeddable":true,"href":"https:\/\/tomyklou.gr\/en\/wp-json\/wp\/v2\/product_brand?post=6450"},{"taxonomy":"product_cat","embeddable":true,"href":"https:\/\/tomyklou.gr\/en\/wp-json\/wp\/v2\/product_cat?post=6450"},{"taxonomy":"product_tag","embeddable":true,"href":"https:\/\/tomyklou.gr\/en\/wp-json\/wp\/v2\/product_tag?post=6450"}],"curies":[{"name":"wp","href":"https:\/\/api.w.org\/{rel}","templated":true}]}}